
{"id":4778,"date":"2025-09-20T19:53:31","date_gmt":"2025-09-20T17:53:31","guid":{"rendered":"https:\/\/audioacademyeu.eu\/cs\/?post_type=product&#038;p=4778"},"modified":"2025-10-23T12:54:32","modified_gmt":"2025-10-23T10:54:32","slug":"zajimavosti-anglicky","status":"publish","type":"product","link":"https:\/\/audioacademyeu.eu\/cs\/item\/zajimavosti-anglicky\/","title":{"rendered":"Zaji\u0301mavosti anglicky"},"content":{"rendered":"\n<p>Tento poslechov\u00fd kurz nab\u00edz\u00ed sedm del\u0161\u00edch poslech\u016f na \u00farovni B1\u2013B2 podle Spole\u010dn\u00e9ho evropsk\u00e9ho referen\u010dn\u00edho r\u00e1mce pro jazyky, a je tak ide\u00e1ln\u00ed pro \u017e\u00e1ky dev\u00e1t\u00fdch t\u0159\u00edd, st\u0159edo\u0161kol\u00e1ky i dosp\u011bl\u00e9. Texty se v\u011bnuj\u00ed t\u00e9mat\u016fm, p\u0159ev\u00e1\u017en\u011b souvisej\u00edc\u00edm s\u00a0\u010ceskou republikou, jej\u00ed kulturou, ned\u00e1vnou histori\u00ed a tradic\u00edm. Jejich poslechem se nejen zdokonal\u00edte v\u00a0angli\u010dtin\u011b, ale tak\u00e9 se dozv\u00edte spoustu zaj\u00edmavost\u00ed. Men\u0161\u00ed \u010d\u00e1st text\u016f se v\u011bnuje mezin\u00e1rodn\u00edm sv\u00e1tk\u016fm a ur\u010dit\u011b bude zaj\u00edmav\u00e9 dozv\u011bd\u011bt se i o tom, jak funguje syst\u00e9m vy\u0161\u0161\u00edho vzd\u011bl\u00e1v\u00e1n\u00ed ve Spojen\u00fdch st\u00e1tech. Sou\u010d\u00e1st\u00ed kurzu jsou skripta, kter\u00e9 jsou zdarma ke sta\u017een\u00ed a obsahuj\u00ed pestr\u00e1 cvi\u010den\u00ed zam\u011b\u0159en\u00e1 na rozvoj \u010dten\u00e1\u0159sk\u00e9 gramotnosti, roz\u0161\u00ed\u0159en\u00ed slovn\u00ed z\u00e1soby, procvi\u010den\u00ed gramatiky a porozum\u011bn\u00ed mluven\u00e9mu slovu. Cvi\u010den\u00ed mohou slou\u017eit jako podp\u016frn\u00fd materi\u00e1l p\u0159i p\u0159\u00edprav\u011b na mezin\u00e1rodn\u00ed jazykov\u00e9 zkou\u0161ky nebo maturitu z ciz\u00edho jazyka. Spr\u00e1vn\u00e1 \u0159e\u0161en\u00ed v\u0161ech \u00fakol\u016f naleznete na konci skript.<\/p>\n\n\n\n<ul class=\"wp-block-list\">\n<li>The Czech inventions<\/li>\n\n\n\n<li>The Czech inventors and scientists<\/li>\n\n\n\n<li>The Czech national day \u2013 October 28<sup>th<\/sup><\/li>\n\n\n\n<li>17<sup>th<\/sup> November \u2013 Corageous students and their quest for freedom<\/li>\n\n\n\n<li>Understanding Advent \u2013 a journey of hope, faith, joy and peace<\/li>\n\n\n\n<li>The story and celebrations of St. Nicolaus around the world<\/li>\n\n\n\n<li>Thaksgiving \u2013 a time for tradition and gratitude<\/li>\n\n\n\n<li>St Valentine<\/li>\n\n\n\n<li>10 best places in Europe<\/li>\n\n\n\n<li>The Ivy League Universities \u2013 the educational system in the USA<\/li>\n<\/ul>\n","protected":false},"excerpt":{"rendered":"<p>Tento poslechov\u00fd kurz nab\u00edz\u00ed sedm del\u0161\u00edch poslech\u016f na \u00farovni B1\u2013B2 podle Spole\u010dn\u00e9ho evropsk\u00e9ho referen\u010dn\u00edho r\u00e1mce pro jazyky, a je tak ide\u00e1ln\u00ed pro \u017e\u00e1ky dev\u00e1t\u00fdch t\u0159\u00edd, st\u0159edo\u0161kol\u00e1ky i dosp\u011bl\u00e9.<\/p>\n","protected":false},"featured_media":4779,"comment_status":"open","ping_status":"closed","template":"","meta":{"_acf_changed":false,"inline_featured_image":false,"_sitemap_exclude":false,"_sitemap_priority":"","_sitemap_frequency":""},"product_brand":[],"product_cat":[20,19],"product_tag":[],"class_list":{"0":"post-4778","1":"product","2":"type-product","3":"status-publish","4":"has-post-thumbnail","6":"product_cat-specializovana-anglictina","7":"product_cat-anglictina","8":"pa_delka-329","9":"pa_format-mp3-ke-stazeni","10":"pa_jazykova-uroven-b1","11":"pa_jazykova-uroven-b1-b2","12":"pa_jazykova-uroven-b2","14":"first","15":"instock","16":"downloadable","17":"virtual","18":"purchasable","19":"product-type-simple"},"acf":[],"_links":{"self":[{"href":"https:\/\/audioacademyeu.eu\/cs\/wp-json\/wp\/v2\/product\/4778","targetHints":{"allow":["GET"]}}],"collection":[{"href":"https:\/\/audioacademyeu.eu\/cs\/wp-json\/wp\/v2\/product"}],"about":[{"href":"https:\/\/audioacademyeu.eu\/cs\/wp-json\/wp\/v2\/types\/product"}],"replies":[{"embeddable":true,"href":"https:\/\/audioacademyeu.eu\/cs\/wp-json\/wp\/v2\/comments?post=4778"}],"wp:featuredmedia":[{"embeddable":true,"href":"https:\/\/audioacademyeu.eu\/cs\/wp-json\/wp\/v2\/media\/4779"}],"wp:attachment":[{"href":"https:\/\/audioacademyeu.eu\/cs\/wp-json\/wp\/v2\/media?parent=4778"}],"wp:term":[{"taxonomy":"product_brand","embeddable":true,"href":"https:\/\/audioacademyeu.eu\/cs\/wp-json\/wp\/v2\/product_brand?post=4778"},{"taxonomy":"product_cat","embeddable":true,"href":"https:\/\/audioacademyeu.eu\/cs\/wp-json\/wp\/v2\/product_cat?post=4778"},{"taxonomy":"product_tag","embeddable":true,"href":"https:\/\/audioacademyeu.eu\/cs\/wp-json\/wp\/v2\/product_tag?post=4778"}],"curies":[{"name":"wp","href":"https:\/\/api.w.org\/{rel}","templated":true}]}}