
{"id":468,"date":"2025-05-28T07:50:41","date_gmt":"2025-05-28T05:50:41","guid":{"rendered":"https:\/\/audioacademyeu.eu\/cz\/produkt\/nemcina-slovni-zasoba-b1-cast-1\/"},"modified":"2025-11-16T20:38:22","modified_gmt":"2025-11-16T19:38:22","slug":"nemcina-slovni-zasoba-b1-cast-1","status":"publish","type":"product","link":"https:\/\/audioacademyeu.eu\/cs\/item\/nemcina-slovni-zasoba-b1-cast-1\/","title":{"rendered":"N\u011bm\u010dina \u2013 slovn\u00ed z\u00e1soba B1 &#8211; \u010d\u00e1st 1"},"content":{"rendered":"\n<p>Kurz N\u011bm\u010dina \u2013 slovn\u00ed z\u00e1soba B1 &#8211; \u010d\u00e1st 1 je ur\u010den pro m\u00edrn\u011b a\u017e st\u0159edn\u011b pokro\u010dil\u00e9, tak\u017ee pro jeho nejlep\u0161\u00ed vyu\u017eit\u00ed byste m\u011bli m\u00edt za sebou jeden a\u017e dva roky v\u00fduky n\u011bm\u010diny\u00a0 a osvojen\u00e9 jej\u00ed z\u00e1klady.<\/p>\n\n\n\n<p>Kurz je zalo\u017een na kontextov\u00e9m u\u010den\u00ed, to znamen\u00e1, \u017ee se nebudete u\u010dit jen slov\u00ed\u010dka, ale i v\u011bty, ve kter\u00fdch m\u016f\u017eete dan\u00e1 slov\u00ed\u010dka pou\u017e\u00edt. D\u00edky sv\u00e9mu rozsahu je rozd\u011blen na dv\u011b \u010d\u00e1sti, a Vy nyn\u00ed \u010dtete \u00favod jeho prvn\u00ed \u010d\u00e1sti.&nbsp; Celkov\u011b v n\u011bm najdete celkem 2800 slov\u00ed\u010dek a procvi\u010dovac\u00edch v\u011bt.<\/p>\n\n\n\n<p>Jednotliv\u00e9 lekce jsou rozd\u011bleny podle t\u00e9mat, p\u0159i\u010dem\u017e ka\u017ed\u00e9 obsahuje jin\u00fd po\u010det slov\u00ed\u010dek a v\u011bt. \u00darove\u0148 B1 je st\u0159edn\u011b pokro\u010dil\u00e1, nejv\u00edce prostoru je proto v\u011bnov\u00e1no t\u00e9mat\u016fm jako pr\u00e1ce, vlastnosti, aktivity, zat\u00edmco t\u00e9mata jako cestov\u00e1n\u00ed, voln\u00fd \u010das, rodina jsou probr\u00e1na v&nbsp;men\u0161\u00edm rozsahu, proto\u017ee jim bylo v\u011bnov\u00e1no v\u00edce prostoru v&nbsp;p\u0159edchoz\u00edm d\u00edle kurzu.<\/p>\n\n\n\n<p>Jak s&nbsp;kurzem nejl\u00e9pe pracovat? Zvolte si lekci, kterou chcete za\u010d\u00edt. Ka\u017ed\u00e1 lekce obsahuje \u0161est stop. Nejprve se u ka\u017ed\u00e9 lekce seznamte se samotn\u00fdmi slov\u00ed\u010dky (stopa 1 a 2). D\u00e1le m\u00e1te k&nbsp;dispozici slov\u00ed\u010dko n\u00e1sledovan\u00e9 p\u0159\u00edkladovou v\u011btou, op\u011bt v&nbsp;obou variant\u00e1ch p\u0159ekladu (stopa 3 a 4).&nbsp; Pot\u00e9 p\u0159ech\u00e1z\u00edte na cel\u00e9 v\u011bty (stopa 5 a 6). Jakmile budete zvl\u00e1dat p\u0159ekl\u00e1dat v\u011bty z&nbsp;n\u011bm\u010diny do \u010de\u0161tiny (lekce 6) v&nbsp;\u010dasov\u00e9 pauze p\u0159ed \u010desk\u00fdm p\u0159ekladem, tak jste vyhr\u00e1li. Samotn\u00e1 slov\u00ed\u010dka V\u00e1m pomohou p\u0159i pochopen\u00ed smyslu, ale pomoc\u00ed osvojen\u00fdch cel\u00fdch v\u011bt budete komunikovat mnohem l\u00e9pe.<\/p>\n\n\n\n<p>U ka\u017ed\u00e9ho bloku plat\u00ed, \u017ee jakmile zvl\u00e1dnete poslech z&nbsp;n\u011bm\u010diny do \u010de\u0161tiny (lekce 1, 3, 5 \u2013 cvi\u010den\u00ed poslouchejte) p\u0159ech\u00e1z\u00edte na p\u0159eklad z&nbsp;\u010de\u0161tiny do n\u011bm\u010diny (lekce 2,4,6 \u2013 cvi\u010den\u00ed p\u0159elo\u017ete).&nbsp;<\/p>\n\n\n\n<p>Ke kurzu si m\u016f\u017eete zdarma st\u00e1hnout skripta, d\u00edky nim\u017e budou va\u0161e aktivity s&nbsp;kurzem mnohem efektivn\u011bj\u0161\u00ed. Najdete v&nbsp;nich n\u00e1vod k&nbsp;u\u010den\u00ed spolu s&nbsp;u\u017eite\u010dn\u00fdmi tipy, jak v\u00fduku zefektivnit, v\u00fdukov\u00fd pl\u00e1n, do n\u011bj\u017e si m\u016f\u017eete zaznamen\u00e1vat sv\u00e9 pokroky, seznam stop k&nbsp;poslechu (kdybyste n\u00e1hodou n\u011b\u010demu nerozum\u011bli), ale i oboustrann\u00e9 karti\u010dky, d\u00edky nim\u017e se m\u016f\u017eete u\u010dit a opakovat i tehdy, kdy\u017e pr\u00e1v\u011b nem\u016f\u017eete poslouchat. Pro ty, kte\u0159\u00ed se r\u00e1di zkou\u0161\u00ed, je v&nbsp;ka\u017ed\u00e9 lekci p\u0159ipraven p\u0159ekladov\u00fd test s&nbsp;kl\u00ed\u010dem obsahuj\u00edc\u00edm spr\u00e1vn\u00e9 odpov\u011bdi.<\/p>\n\n\n\n<ul class=\"wp-block-list\">\n<li>Lekce 001 aktivity 1<\/li>\n\n\n\n<li>Lekce 002 aktivity 2<\/li>\n\n\n\n<li>Lekce 003 bydlen\u00ed<\/li>\n\n\n\n<li>Lekce 004 cestov\u00e1n\u00ed 1<\/li>\n\n\n\n<li>Lekce 005 cestov\u00e1n\u00ed 2<\/li>\n\n\n\n<li>Lekce 006 den<\/li>\n\n\n\n<li>Lekce 007 j\u00eddlo<\/li>\n\n\n\n<li>Lekce 008 komunikace 1<\/li>\n\n\n\n<li>Lekce 009 komunikace 2<\/li>\n\n\n\n<li>Lekce 010 komunikace 3<\/li>\n\n\n\n<li>Lekce 011 m\u011bsto<\/li>\n<\/ul>\n\n\n\n<p><\/p>\n","protected":false},"excerpt":{"rendered":"<p>Kurz N\u011bm\u010dina \u2013 slovn\u00ed z\u00e1soba B1 &#8211; \u010d\u00e1st 1 je ur\u010den pro m\u00edrn\u011b a\u017e st\u0159edn\u011b pokro\u010dil\u00e9, tak\u017ee pro jeho nejlep\u0161\u00ed vyu\u017eit\u00ed byste m\u011bli m\u00edt za sebou jeden a\u017e dva roky v\u00fduky n\u011bm\u010diny\u00a0 a osvojen\u00e9 jej\u00ed z\u00e1klady.<\/p>\n","protected":false},"featured_media":469,"comment_status":"open","ping_status":"open","template":"","meta":{"_acf_changed":false,"inline_featured_image":false,"_sitemap_exclude":false,"_sitemap_priority":"","_sitemap_frequency":""},"product_brand":[],"product_cat":[63,64],"product_tag":[],"class_list":{"0":"post-468","1":"product","2":"type-product","3":"status-publish","4":"has-post-thumbnail","6":"product_cat-nemcina","7":"product_cat-vseobecna-nemcina","8":"pa_delka-284","9":"pa_format-mp3-ke-stazeni","10":"pa_jazykova-uroven-a2-b1","11":"pa_jazykova-uroven-b1","12":"pa_jazykova-uroven-b1-b2","14":"first","15":"instock","16":"downloadable","17":"virtual","18":"purchasable","19":"product-type-simple"},"acf":[],"_links":{"self":[{"href":"https:\/\/audioacademyeu.eu\/cs\/wp-json\/wp\/v2\/product\/468","targetHints":{"allow":["GET"]}}],"collection":[{"href":"https:\/\/audioacademyeu.eu\/cs\/wp-json\/wp\/v2\/product"}],"about":[{"href":"https:\/\/audioacademyeu.eu\/cs\/wp-json\/wp\/v2\/types\/product"}],"replies":[{"embeddable":true,"href":"https:\/\/audioacademyeu.eu\/cs\/wp-json\/wp\/v2\/comments?post=468"}],"wp:featuredmedia":[{"embeddable":true,"href":"https:\/\/audioacademyeu.eu\/cs\/wp-json\/wp\/v2\/media\/469"}],"wp:attachment":[{"href":"https:\/\/audioacademyeu.eu\/cs\/wp-json\/wp\/v2\/media?parent=468"}],"wp:term":[{"taxonomy":"product_brand","embeddable":true,"href":"https:\/\/audioacademyeu.eu\/cs\/wp-json\/wp\/v2\/product_brand?post=468"},{"taxonomy":"product_cat","embeddable":true,"href":"https:\/\/audioacademyeu.eu\/cs\/wp-json\/wp\/v2\/product_cat?post=468"},{"taxonomy":"product_tag","embeddable":true,"href":"https:\/\/audioacademyeu.eu\/cs\/wp-json\/wp\/v2\/product_tag?post=468"}],"curies":[{"name":"wp","href":"https:\/\/api.w.org\/{rel}","templated":true}]}}