
{"id":463,"date":"2025-05-28T07:50:41","date_gmt":"2025-05-28T05:50:41","guid":{"rendered":"https:\/\/audioacademyeu.eu\/cz\/produkt\/pack-anglicka-megaslovicka\/"},"modified":"2025-06-16T16:17:42","modified_gmt":"2025-06-16T14:17:42","slug":"pack-anglicka-megaslovicka","status":"publish","type":"product","link":"https:\/\/audioacademyeu.eu\/cs\/item\/pack-anglicka-megaslovicka\/","title":{"rendered":"Pack &#8211; anglick\u00e1 megaslov\u00ed\u010dka"},"content":{"rendered":"\n<p>Kurz Angli\u010dtina pro za\u010d\u00e1te\u010dn\u00edky A1\/A2 je ur\u010den pro \u00fapln\u00e9 i fale\u0161n\u00e9 za\u010d\u00e1te\u010dn\u00edky, tak\u017ee pokud jste se anglicky u\u010dili p\u0159ed n\u011bjakou dobou a chcete si z\u00e1klady d\u016fkladn\u011b zopakovat, je ur\u010den pr\u00e1v\u011b pro v\u00e1s.<\/p>\n\n\n\n<p>Kurz Angli\u010dtina \u2013 slovn\u00ed z\u00e1soba B1 &#8211; \u010d\u00e1st 1 je ur\u010den pro m\u00edrn\u011b a\u017e st\u0159edn\u011b pokro\u010dil\u00e9, tak\u017ee pro jeho nejlep\u0161\u00ed vyu\u017eit\u00ed byste m\u011bli m\u00edt za sebou jeden a\u017e dva roky v\u00fduky angli\u010dtiny a osvojen\u00e9 jej\u00ed z\u00e1klady.<\/p>\n\n\n\n<p>Kurz Angli\u010dtina \u2013 slovn\u00ed z\u00e1soba B1 &#8211; \u010d\u00e1st 2 je ur\u010den pro m\u00edrn\u011b a\u017e st\u0159edn\u011b pokro\u010dil\u00e9, tak\u017ee pro jeho nejlep\u0161\u00ed vyu\u017eit\u00ed byste m\u011bli m\u00edt za sebou jeden a\u017e dva roky v\u00fduky angli\u010dtiny a osvojen\u00e9 jej\u00ed z\u00e1klady.<\/p>\n\n\n\n<p>Kurz Angli\u010dtina \u2013 slovn\u00ed z\u00e1soba pro pokro\u010dil\u00e9 B2 je ur\u010den pro pokro\u010dil\u00e9 u\u017eivatele, a s&nbsp;jeho pomoc\u00ed si nejen roz\u0161\u00ed\u0159\u00edte pokro\u010dilou slovn\u00ed z\u00e1sobu, ale tak\u00e9 zopakujete slo\u017eit\u011bj\u0161\u00ed gramatick\u00e9 jevy<\/p>\n\n\n\n<p>P\u0159ed sebou m\u00e1te poslechov\u00fd kurz Angli\u010dtina &#8211; slov\u00ed\u010dka C1\/C2. Kurz je ur\u010den pro pokro\u010dil\u00e9 u\u017eivatele., kte\u0159\u00ed b\u011b\u017en\u011b komunikuj\u00ed a cht\u011bj\u00ed si roz\u0161\u00ed\u0159it slovn\u00ed z\u00e1sobu.<\/p>\n","protected":false},"excerpt":{"rendered":"<p>Pack &#8211; anglick\u00e1 megaslov\u00ed\u010dka obsahuje 5 kurzu se slov\u00ed\u010dky od \u00fapln\u00fdch za\u010d\u00e1te\u010dn\u00edk\u016f a\u017e pro pokro\u010dil\u00e9<\/p>\n","protected":false},"featured_media":456,"comment_status":"open","ping_status":"open","template":"","meta":{"_acf_changed":false,"inline_featured_image":false,"_sitemap_exclude":false,"_sitemap_priority":"","_sitemap_frequency":""},"product_brand":[],"product_cat":[140,139],"product_tag":[],"class_list":{"0":"post-463","1":"product","2":"type-product","3":"status-publish","4":"has-post-thumbnail","6":"product_cat-anglictina-vyhodny-balicek","7":"product_cat-vyhodny-balicek","8":"pa_delka-281","9":"pa_format-mp3-ke-stazeni","10":"pa_jazykova-uroven-a1","11":"pa_jazykova-uroven-a1-a2","12":"pa_jazykova-uroven-a2","13":"pa_jazykova-uroven-a2-b1","14":"pa_jazykova-uroven-b1","15":"pa_jazykova-uroven-b1-b2","16":"pa_jazykova-uroven-b2","17":"pa_jazykova-uroven-b2-c1","18":"pa_jazykova-uroven-c1","19":"pa_jazykova-uroven-c1-c2","20":"pa_jazykova-uroven-c2","22":"first","23":"instock","24":"downloadable","25":"virtual","26":"purchasable","27":"product-type-simple"},"acf":[],"_links":{"self":[{"href":"https:\/\/audioacademyeu.eu\/cs\/wp-json\/wp\/v2\/product\/463","targetHints":{"allow":["GET"]}}],"collection":[{"href":"https:\/\/audioacademyeu.eu\/cs\/wp-json\/wp\/v2\/product"}],"about":[{"href":"https:\/\/audioacademyeu.eu\/cs\/wp-json\/wp\/v2\/types\/product"}],"replies":[{"embeddable":true,"href":"https:\/\/audioacademyeu.eu\/cs\/wp-json\/wp\/v2\/comments?post=463"}],"wp:featuredmedia":[{"embeddable":true,"href":"https:\/\/audioacademyeu.eu\/cs\/wp-json\/wp\/v2\/media\/456"}],"wp:attachment":[{"href":"https:\/\/audioacademyeu.eu\/cs\/wp-json\/wp\/v2\/media?parent=463"}],"wp:term":[{"taxonomy":"product_brand","embeddable":true,"href":"https:\/\/audioacademyeu.eu\/cs\/wp-json\/wp\/v2\/product_brand?post=463"},{"taxonomy":"product_cat","embeddable":true,"href":"https:\/\/audioacademyeu.eu\/cs\/wp-json\/wp\/v2\/product_cat?post=463"},{"taxonomy":"product_tag","embeddable":true,"href":"https:\/\/audioacademyeu.eu\/cs\/wp-json\/wp\/v2\/product_tag?post=463"}],"curies":[{"name":"wp","href":"https:\/\/api.w.org\/{rel}","templated":true}]}}