
{"id":462,"date":"2025-05-28T07:50:41","date_gmt":"2025-05-28T05:50:41","guid":{"rendered":"https:\/\/audioacademyeu.eu\/cz\/produkt\/pack-anglicka-gramatika\/"},"modified":"2025-06-16T16:16:18","modified_gmt":"2025-06-16T14:16:18","slug":"pack-anglicka-gramatika","status":"publish","type":"product","link":"https:\/\/audioacademyeu.eu\/cs\/item\/pack-anglicka-gramatika\/","title":{"rendered":"Pack &#8211; anglick\u00e1 gramatika"},"content":{"rendered":"\n<p>Poslouchejte v&nbsp;aut\u011b, p\u0159i sportu \u010di relaxaci\u2026 <strong>Poslechov\u00fd kurz Anglick\u00e1 gramatika 1<\/strong> je ur\u010den pro za\u010d\u00e1te\u010dn\u00edky a m\u00edrn\u011b pokro\u010dil\u00e9. V&nbsp;jednadvaceti lekc\u00edch si procvi\u010d\u00edte \u010d\u00edslovky, sloveso b\u00fdt, z\u00e1jmena, p\u0159edlo\u017eky, v\u011bty v&nbsp;p\u0159\u00edtomn\u00e9m \u010dase prost\u00e9m a pr\u016fb\u011bhov\u00e9m, zp\u016fsobov\u00e1 slovesa, neur\u010dit\u00e1 z\u00e1jmena, ur\u010dov\u00e1n\u00ed mno\u017estv\u00ed, p\u0159\u00eddavn\u00e1 jm\u00e9na a z\u00e1klady minul\u00e9ho \u010dasu. Kurz je zalo\u017een na kontextov\u00e9m u\u010den\u00ed, to znamen\u00e1, \u017ee se nebudete u\u010dit jen slov\u00ed\u010dka, ale i v\u011bty, ve kter\u00fdch m\u016f\u017eete dan\u00e1 slov\u00ed\u010dka pou\u017e\u00edt. V&nbsp;tomto kurzu najdete celkem 1800 slov\u00ed\u010dek a procvi\u010dovac\u00edch v\u011bt.<\/p>\n\n\n\n<p>V poslechov\u00e9m kurzu <strong>Anglick\u00e1 gramatika B1 pro m\u00edrn\u011b a st\u0159edn\u011b pokro\u010dil\u00e9<\/strong> si zopakujete a roz\u0161\u00ed\u0159\u00edte znalosti v pou\u017e\u00edv\u00e1n\u00ed p\u0159edp\u0159\u00edtomn\u00fdch, p\u0159\u00edtomn\u00fdch, minul\u00fdch i budouc\u00edch \u010das\u016f, \u010dasov\u00e1n\u00ed nepravideln\u00e1 slovesa, slo\u017eit\u011bj\u0161\u00edch p\u0159edlo\u017eek, z\u00e1jmen, podmi\u0148ovac\u00edho zp\u016fsobu, infinitivu, ale i trpn\u00fd rod, stup\u0148ov\u00e1n\u00ed p\u0159\u00eddavn\u00fdch jmen, a mnoh\u00e9 dal\u0161\u00ed<\/p>\n\n\n\n<p>Kurz je ur\u010den pro pokro\u010dil\u00e9, tedy ty, kte\u0159\u00ed maj\u00ed za sebou t\u0159i a\u017e \u010dty\u0159i roky studia angli\u010dtiny a voln\u011b navazuje na p\u0159edchoz\u00ed kurzy <a href=\"https:\/\/poslechovaanglictina.cz\/produkt\/anglicka-gramatika\/\" target=\"_blank\" rel=\"noopener\">Anglick\u00e1 gramatika A1,A2<\/a> a <a href=\"https:\/\/poslechovaanglictina.cz\/produkt\/anglicka-gramatika-pro-stredne-pokrocile\/\" target=\"_blank\" rel=\"noopener\">Anglick\u00e1 gramatika B1<\/a>. N\u011bkter\u00e1 t\u00e9mata v tomto kurzu a kurzu gramatiky B1 jsou shodn\u00e1, ale v t\u00e9to \u00farovni se nap\u0159\u00edklad slo\u017een\u00e9 \u010dasy prob\u00edraj\u00ed do v\u011bt\u0161\u00ed hloubky a v \u0161ir\u0161\u00edm kontextu. Sp\u00ed\u0161e ne\u017e na slov\u00ed\u010dka klade tento kurz na procvi\u010den\u00ed v\u011bt s pou\u017eit\u00edm studovan\u00fdch t\u00e9mat. V tomto kurzu se sezn\u00e1m\u00edte s p\u0159ibli\u017en\u011b dv\u011bma sty nov\u00fdmi slov\u00ed\u010dky a s tis\u00edcovkou procvi\u010dovac\u00edch v\u011bt.<\/p>\n\n\n\n<p><\/p>\n","protected":false},"excerpt":{"rendered":"<p>Pack &#8211; anglick\u00e1 gramatika &#8211; obsahuje kurzy gramatika pro za\u010d\u00e1te\u010dn\u00edky, m\u00edrn\u011b pokro\u010dil\u00e9 i pokro\u010dil\u00e9<\/p>\n","protected":false},"featured_media":457,"comment_status":"open","ping_status":"open","template":"","meta":{"_acf_changed":false,"inline_featured_image":false,"_sitemap_exclude":false,"_sitemap_priority":"","_sitemap_frequency":""},"product_brand":[],"product_cat":[140,139],"product_tag":[],"class_list":{"0":"post-462","1":"product","2":"type-product","3":"status-publish","4":"has-post-thumbnail","6":"product_cat-anglictina-vyhodny-balicek","7":"product_cat-vyhodny-balicek","8":"pa_delka-280","9":"pa_format-mp3-ke-stazeni","10":"pa_jazykova-uroven-a1","11":"pa_jazykova-uroven-a1-a2","12":"pa_jazykova-uroven-a2","13":"pa_jazykova-uroven-a2-b1","14":"pa_jazykova-uroven-b1","15":"pa_jazykova-uroven-b1-b2","16":"pa_jazykova-uroven-b2","17":"pa_jazykova-uroven-b2-c1","19":"first","20":"instock","21":"downloadable","22":"virtual","23":"purchasable","24":"product-type-simple"},"acf":[],"_links":{"self":[{"href":"https:\/\/audioacademyeu.eu\/cs\/wp-json\/wp\/v2\/product\/462","targetHints":{"allow":["GET"]}}],"collection":[{"href":"https:\/\/audioacademyeu.eu\/cs\/wp-json\/wp\/v2\/product"}],"about":[{"href":"https:\/\/audioacademyeu.eu\/cs\/wp-json\/wp\/v2\/types\/product"}],"replies":[{"embeddable":true,"href":"https:\/\/audioacademyeu.eu\/cs\/wp-json\/wp\/v2\/comments?post=462"}],"wp:featuredmedia":[{"embeddable":true,"href":"https:\/\/audioacademyeu.eu\/cs\/wp-json\/wp\/v2\/media\/457"}],"wp:attachment":[{"href":"https:\/\/audioacademyeu.eu\/cs\/wp-json\/wp\/v2\/media?parent=462"}],"wp:term":[{"taxonomy":"product_brand","embeddable":true,"href":"https:\/\/audioacademyeu.eu\/cs\/wp-json\/wp\/v2\/product_brand?post=462"},{"taxonomy":"product_cat","embeddable":true,"href":"https:\/\/audioacademyeu.eu\/cs\/wp-json\/wp\/v2\/product_cat?post=462"},{"taxonomy":"product_tag","embeddable":true,"href":"https:\/\/audioacademyeu.eu\/cs\/wp-json\/wp\/v2\/product_tag?post=462"}],"curies":[{"name":"wp","href":"https:\/\/api.w.org\/{rel}","templated":true}]}}