
{"id":460,"date":"2025-05-28T07:50:41","date_gmt":"2025-05-28T05:50:41","guid":{"rendered":"https:\/\/audioacademyeu.eu\/cz\/produkt\/pack-anglictina-pro-mirne-pokrocile\/"},"modified":"2025-09-15T18:06:06","modified_gmt":"2025-09-15T16:06:06","slug":"pack-anglictina-pro-mirne-pokrocile","status":"publish","type":"product","link":"https:\/\/audioacademyeu.eu\/cs\/item\/pack-anglictina-pro-mirne-pokrocile\/","title":{"rendered":"Pack &#8211; Angli\u010dtina pro m\u00edrn\u011b pokro\u010dil\u00e9"},"content":{"rendered":"\n<p>Kurz Angli\u010dtina \u2013 slovn\u00ed z\u00e1soba B1 &#8211; \u010d\u00e1st 1 je ur\u010den pro m\u00edrn\u011b a\u017e st\u0159edn\u011b pokro\u010dil\u00e9, tak\u017ee pro jeho nejlep\u0161\u00ed vyu\u017eit\u00ed byste m\u011bli m\u00edt za sebou jeden a\u017e dva roky v\u00fduky angli\u010dtiny a osvojen\u00e9 jej\u00ed z\u00e1klady.<\/p>\n\n\n\n<p>Kurz Angli\u010dtina \u2013 slovn\u00ed z\u00e1soba B1 &#8211; \u010d\u00e1st 2 je ur\u010den pro m\u00edrn\u011b a\u017e st\u0159edn\u011b pokro\u010dil\u00e9, tak\u017ee pro jeho nejlep\u0161\u00ed vyu\u017eit\u00ed byste m\u011bli m\u00edt za sebou jeden a\u017e dva roky v\u00fduky angli\u010dtiny a osvojen\u00e9 jej\u00ed z\u00e1klady.<\/p>\n\n\n\n<p>Kurz Technick\u00e1 angli\u010dtina A1 \u2013 B1 je ur\u010den pro za\u010d\u00e1te\u010dn\u00edky a\u017e st\u0159edn\u011b pokro\u010dil\u00e9 a zam\u011b\u0159uje se na slovn\u00ed z\u00e1sobu, kterou m\u016f\u017eete vyu\u017e\u00edt v\u00a0technick\u00e9 oblasti.<\/p>\n","protected":false},"excerpt":{"rendered":"<p>Pack &#8211; Angli\u010dtina pro m\u00edrn\u011b pokro\u010dil\u00e9 obsahuje kurzy Angli\u010dtina pro m\u00edrn\u011b pokro\u010dil\u00e9 B1 \u010d\u00e1st 1 a 2 a kurz Technick\u00e1 angli\u010dtina<\/p>\n","protected":false},"featured_media":459,"comment_status":"open","ping_status":"open","template":"","meta":{"_acf_changed":false,"inline_featured_image":false,"_sitemap_exclude":false,"_sitemap_priority":"","_sitemap_frequency":""},"product_brand":[],"product_cat":[139,140],"product_tag":[],"class_list":{"0":"post-460","1":"product","2":"type-product","3":"status-publish","4":"has-post-thumbnail","6":"product_cat-vyhodny-balicek","7":"product_cat-anglictina-vyhodny-balicek","8":"pa_delka-278","9":"pa_format-mp3-ke-stazeni","10":"pa_jazykova-uroven-a2-b1","11":"pa_jazykova-uroven-b1","12":"pa_jazykova-uroven-b1-b2","14":"first","15":"instock","16":"downloadable","17":"virtual","18":"purchasable","19":"product-type-simple"},"acf":[],"_links":{"self":[{"href":"https:\/\/audioacademyeu.eu\/cs\/wp-json\/wp\/v2\/product\/460","targetHints":{"allow":["GET"]}}],"collection":[{"href":"https:\/\/audioacademyeu.eu\/cs\/wp-json\/wp\/v2\/product"}],"about":[{"href":"https:\/\/audioacademyeu.eu\/cs\/wp-json\/wp\/v2\/types\/product"}],"replies":[{"embeddable":true,"href":"https:\/\/audioacademyeu.eu\/cs\/wp-json\/wp\/v2\/comments?post=460"}],"wp:featuredmedia":[{"embeddable":true,"href":"https:\/\/audioacademyeu.eu\/cs\/wp-json\/wp\/v2\/media\/459"}],"wp:attachment":[{"href":"https:\/\/audioacademyeu.eu\/cs\/wp-json\/wp\/v2\/media?parent=460"}],"wp:term":[{"taxonomy":"product_brand","embeddable":true,"href":"https:\/\/audioacademyeu.eu\/cs\/wp-json\/wp\/v2\/product_brand?post=460"},{"taxonomy":"product_cat","embeddable":true,"href":"https:\/\/audioacademyeu.eu\/cs\/wp-json\/wp\/v2\/product_cat?post=460"},{"taxonomy":"product_tag","embeddable":true,"href":"https:\/\/audioacademyeu.eu\/cs\/wp-json\/wp\/v2\/product_tag?post=460"}],"curies":[{"name":"wp","href":"https:\/\/api.w.org\/{rel}","templated":true}]}}