
{"id":440,"date":"2025-05-28T07:50:41","date_gmt":"2025-05-28T05:50:41","guid":{"rendered":"https:\/\/audioacademyeu.eu\/cz\/produkt\/anglictina-pro-zacatecniky-a1-a2\/"},"modified":"2025-11-15T20:42:12","modified_gmt":"2025-11-15T19:42:12","slug":"anglictina-pro-zacatecniky-a1-a2","status":"publish","type":"product","link":"https:\/\/audioacademyeu.eu\/cs\/item\/anglictina-pro-zacatecniky-a1-a2\/","title":{"rendered":"Angli\u010dtina pro za\u010d\u00e1te\u010dn\u00edky A1\/A2"},"content":{"rendered":"\n<p>Kurz Angli\u010dtina pro za\u010d\u00e1te\u010dn\u00edky A1\/A2 je ur\u010den pro \u00fapln\u00e9 i fale\u0161n\u00e9 za\u010d\u00e1te\u010dn\u00edky, tak\u017ee pokud jste se anglicky u\u010dili p\u0159ed n\u011bjakou dobou a chcete si z\u00e1klady d\u016fkladn\u011b zopakovat, je ur\u010den pr\u00e1v\u011b pro v\u00e1s.<\/p>\n\n\n\n<p>Kurz je zalo\u017een na kontextov\u00e9m u\u010den\u00ed, to znamen\u00e1, \u017ee se nebudete u\u010dit jen slov\u00ed\u010dka, ale i v\u011bty, ve kter\u00fdch m\u016f\u017eete dan\u00e1 slov\u00ed\u010dka pou\u017e\u00edt. V&nbsp;tomto kurzu najdete celkem 2&nbsp;500 slov\u00ed\u010dek a procvi\u010dovac\u00edch v\u011bt.<\/p>\n\n\n\n<p><strong>Kurz obsahuje rovn\u011b\u017e \u010d\u00e1st, kde se m\u016f\u017eete osvojit z\u00e1klady v\u00fdslovnosti ve angli\u010dtin\u011b a sezn\u00e1mit se s&nbsp;\u00fapln\u011b nejz\u00e1kladn\u011bj\u0161\u00edmi slov\u00ed\u010dky<\/strong><\/p>\n\n\n\n<p>Jednotliv\u00e9 lekce jsou rozd\u011bleny podle t\u00e9mat, p\u0159i\u010dem\u017e ka\u017ed\u00e9 obsahuje jin\u00fd po\u010det slov\u00ed\u010dek a v\u011bt. \u00darove\u0148 A1,A2 je za\u010d\u00e1te\u010dnick\u00e1, nejv\u00edce prostoru je proto v\u011bnov\u00e1no t\u00e9mat\u016fm jako z\u00e1klad, cestov\u00e1n\u00ed, voln\u00fd \u010das, rodina, jejich\u017e slovn\u00ed z\u00e1soba a ust\u00e1len\u00e9 obraty v\u00e1m pomohou se z\u00e1kladn\u011b domluvit na cest\u00e1ch a v\u0161eobecn\u011b p\u0159i komunikaci s&nbsp;anglicky mluv\u00edc\u00edmi lidmi.<\/p>\n\n\n\n<p>Jak s&nbsp;kurzem nejl\u00e9pe pracovat? Zvolte si lekci, kterou chcete za\u010d\u00edt. Ka\u017ed\u00e1 lekce obsahuje \u0161est stop. Nejprve se u ka\u017ed\u00e9 lekce seznamte se samotn\u00fdmi slov\u00ed\u010dky (stopa 1 a 2). D\u00e1le m\u00e1te k&nbsp;dispozici slov\u00ed\u010dko n\u00e1sledovan\u00e9 p\u0159\u00edkladovou v\u011btou, op\u011bt v&nbsp;obou variant\u00e1ch p\u0159ekladu (stopa 3 a 4). Pot\u00e9 p\u0159ech\u00e1z\u00edte na cel\u00e9 v\u011bty (stopa 5 a 6). Jakmile budete zvl\u00e1dat p\u0159ekl\u00e1dat v\u011bty z&nbsp;angli\u010dtiny do \u010de\u0161tiny (lekce 6) v&nbsp;\u010dasov\u00e9 pauze p\u0159ed \u010desk\u00fdm p\u0159ekladem, tak jste vyhr\u00e1li. Samotn\u00e1 slov\u00ed\u010dka V\u00e1m pomohou p\u0159i pochopen\u00ed smyslu, ale pomoc\u00ed osvojen\u00fdch cel\u00fdch v\u011bt budete komunikovat mnohem l\u00e9pe.<\/p>\n\n\n\n<p>U ka\u017ed\u00e9ho bloku plat\u00ed, \u017ee jakmile zvl\u00e1dnete poslech z&nbsp;angli\u010dtiny do \u010de\u0161tiny (lekce 1, 3, 5 \u2013 cvi\u010den\u00ed poslouchejte) p\u0159ech\u00e1z\u00edte na p\u0159eklad z&nbsp;\u010de\u0161tiny do angli\u010dtiny (lekce 2,4,6 \u2013 cvi\u010den\u00ed p\u0159elo\u017ete).<\/p>\n\n\n\n<p>V&nbsp;r\u00e1mci jedn\u00e9 lekce nemus\u00edte pracovat se v\u0161emi stopami, m\u016f\u017eete se v\u00edce v\u011bnovat takov\u00e9mu poslechu, kter\u00fd v\u00e1m nejv\u00edce vyhovuje. Doporu\u010duji ale poslechnout si v\u0161echny stopy dan\u00e9 lekce minim\u00e1ln\u011b jednou.<\/p>\n\n\n\n<p>Ke kurzu si m\u016f\u017eete zdarma st\u00e1hnout skripta, d\u00edky nim\u017e budou va\u0161e aktivity s&nbsp;kurzem mnohem efektivn\u011bj\u0161\u00ed. Najdete v&nbsp;nich n\u00e1vod k&nbsp;u\u010den\u00ed spolu s&nbsp;u\u017eite\u010dn\u00fdmi tipy, jak v\u00fduku zefektivnit, v\u00fdukov\u00fd pl\u00e1n, do n\u011bj\u017e si m\u016f\u017eete zaznamen\u00e1vat sv\u00e9 pokroky, seznam stop k&nbsp;poslechu (kdybyste n\u00e1hodou n\u011b\u010demu nerozum\u011bli), ale i oboustrann\u00e9 karti\u010dky, d\u00edky nim\u017e se m\u016f\u017eete u\u010dit a opakovat i tehdy, kdy\u017e pr\u00e1v\u011b nem\u016f\u017eete poslouchat. Pro ty, kte\u0159\u00ed se r\u00e1di zkou\u0161\u00ed, je v&nbsp;ka\u017ed\u00e9 lekci p\u0159ipraven p\u0159ekladov\u00fd test s&nbsp;kl\u00ed\u010dem obsahuj\u00edc\u00edm spr\u00e1vn\u00e9 odpov\u011bdi.<\/p>\n\n\n\n<ul class=\"wp-block-list\">\n<li>Lekce 001 bydlen\u00ed<\/li>\n\n\n\n<li>Lekce 002 cestov\u00e1n\u00ed<\/li>\n\n\n\n<li>Lekce 003 \u010das<\/li>\n\n\n\n<li>Lekce 004 \u010d\u00edslovky<\/li>\n\n\n\n<li>Lekce 005 hotel, restaurace<\/li>\n\n\n\n<li>Lekce 006_j\u00eddlo<\/li>\n\n\n\n<li>Lekce 007 komunikace 1<\/li>\n\n\n\n<li>Lekce 008 komunikace2<\/li>\n\n\n\n<li>Lekce 009 m\u011bsto<\/li>\n\n\n\n<li>Lekce 010 nakupov\u00e1n\u00ed<\/li>\n\n\n\n<li>Lekce 011 pozdravy<\/li>\n\n\n\n<li>Lekce 012 pr\u00e1ce 1<\/li>\n\n\n\n<li>Lekce 013 pr\u00e1ce 2<\/li>\n\n\n\n<li>Lekce 014 p\u0159\u00edroda<\/li>\n\n\n\n<li>Lekce 015 rodina<\/li>\n\n\n\n<li>Lekce 016 spole\u010dnost<\/li>\n\n\n\n<li>Lekce 017 vlastnost<\/li>\n\n\n\n<li>Lekce 018 voln\u00fd \u010das<\/li>\n\n\n\n<li>Lekce 019 z\u00e1klad<\/li>\n<\/ul>\n","protected":false},"excerpt":{"rendered":"<p>Kurz Angli\u010dtina pro za\u010d\u00e1te\u010dn\u00edky A1\/A2 je ur\u010den pro \u00fapln\u00e9 i fale\u0161n\u00e9 za\u010d\u00e1te\u010dn\u00edky, tak\u017ee pokud jste se anglicky u\u010dili p\u0159ed n\u011bjakou dobou a chcete si z\u00e1klady d\u016fkladn\u011b zopakovat, je ur\u010den pr\u00e1v\u011b pro v\u00e1s.<\/p>\n","protected":false},"featured_media":441,"comment_status":"open","ping_status":"open","template":"","meta":{"_acf_changed":false,"inline_featured_image":false,"_sitemap_exclude":false,"_sitemap_priority":"","_sitemap_frequency":""},"product_brand":[],"product_cat":[19,42],"product_tag":[],"class_list":{"0":"post-440","1":"product","2":"type-product","3":"status-publish","4":"has-post-thumbnail","6":"product_cat-anglictina","7":"product_cat-vseobecna-anglictina","8":"pa_delka-270","9":"pa_format-mp3-ke-stazeni","10":"pa_jazykova-uroven-a1","11":"pa_jazykova-uroven-a1-a2","12":"pa_jazykova-uroven-a2","13":"pa_jazykova-uroven-a2-b1","15":"first","16":"instock","17":"downloadable","18":"virtual","19":"purchasable","20":"product-type-simple"},"acf":[],"_links":{"self":[{"href":"https:\/\/audioacademyeu.eu\/cs\/wp-json\/wp\/v2\/product\/440","targetHints":{"allow":["GET"]}}],"collection":[{"href":"https:\/\/audioacademyeu.eu\/cs\/wp-json\/wp\/v2\/product"}],"about":[{"href":"https:\/\/audioacademyeu.eu\/cs\/wp-json\/wp\/v2\/types\/product"}],"replies":[{"embeddable":true,"href":"https:\/\/audioacademyeu.eu\/cs\/wp-json\/wp\/v2\/comments?post=440"}],"wp:featuredmedia":[{"embeddable":true,"href":"https:\/\/audioacademyeu.eu\/cs\/wp-json\/wp\/v2\/media\/441"}],"wp:attachment":[{"href":"https:\/\/audioacademyeu.eu\/cs\/wp-json\/wp\/v2\/media?parent=440"}],"wp:term":[{"taxonomy":"product_brand","embeddable":true,"href":"https:\/\/audioacademyeu.eu\/cs\/wp-json\/wp\/v2\/product_brand?post=440"},{"taxonomy":"product_cat","embeddable":true,"href":"https:\/\/audioacademyeu.eu\/cs\/wp-json\/wp\/v2\/product_cat?post=440"},{"taxonomy":"product_tag","embeddable":true,"href":"https:\/\/audioacademyeu.eu\/cs\/wp-json\/wp\/v2\/product_tag?post=440"}],"curies":[{"name":"wp","href":"https:\/\/api.w.org\/{rel}","templated":true}]}}