
{"id":435,"date":"2025-05-28T07:50:41","date_gmt":"2025-05-28T05:50:41","guid":{"rendered":"https:\/\/audioacademyeu.eu\/cz\/produkt\/pack-spanelska-gramatika\/"},"modified":"2025-06-16T16:13:58","modified_gmt":"2025-06-16T14:13:58","slug":"pack-spanelska-gramatika","status":"publish","type":"product","link":"https:\/\/audioacademyeu.eu\/cs\/item\/pack-spanelska-gramatika\/","title":{"rendered":"Pack &#8211; \u0160pan\u011blsk\u00e1 gramatika"},"content":{"rendered":"\n<ul class=\"wp-block-list\">\n<li>Kurz \u0160pan\u011blsk\u00e1 gramatika B2\/C1 je ur\u010den pro pokro\u010dil\u00e9, tedy ty, kte\u0159\u00ed maj\u00ed za sebou t\u0159i a\u017e \u010dty\u0159i roky studia \u0161pan\u011bl\u0161tiny.<\/li>\n\n\n\n<li>\u0160pan\u011blsk\u00e1 gramatika B1 je jazykov\u00fd kurz ur\u010den\u00fd pro m\u00edrn\u011b pokro\u010dil\u00e9, tedy ty, kte\u0159\u00ed maj\u00ed za sebou jeden \u010di dva roky studia \u0161pan\u011bl\u0161tiny.<\/li>\n\n\n\n<li>Kurz \u0160pan\u011blsk\u00e1 gramatika A1_A2 je ur\u010den pro \u00fapln\u00e9 i fale\u0161n\u00e9 za\u010d\u00e1te\u010dn\u00edky, tak\u017ee pokud jste se \u0161pan\u011blsky neu\u010dili v\u016fbec nebo se u\u010dili p\u0159ed n\u011bjakou dobou a chcete si z\u00e1klady d\u016fkladn\u011b zopakovat, je ur\u010den pr\u00e1v\u011b pro v\u00e1s.<\/li>\n<\/ul>\n","protected":false},"excerpt":{"rendered":"<p>Pack &#8211; \u0160pan\u011blsk\u00e1 gramatika &#8211; gramatika pro za\u010d\u00e1te\u010dn\u00edky A1\/A2, pro m\u00edrn\u011b pokro\u010dil\u00e9 B1, pro pokro\u010dil\u00e9 B2\/C1<\/p>\n","protected":false},"featured_media":436,"comment_status":"open","ping_status":"open","template":"","meta":{"_acf_changed":false,"inline_featured_image":false,"_sitemap_exclude":false,"_sitemap_priority":"","_sitemap_frequency":""},"product_brand":[],"product_cat":[209,139],"product_tag":[],"class_list":{"0":"post-435","1":"product","2":"type-product","3":"status-publish","4":"has-post-thumbnail","6":"product_cat-spanelstina-vyhodny-balicek","7":"product_cat-vyhodny-balicek","8":"pa_delka-269","9":"pa_format-mp3-ke-stazeni","10":"pa_jazykova-uroven-a1","11":"pa_jazykova-uroven-a1-a2","12":"pa_jazykova-uroven-a2","13":"pa_jazykova-uroven-a2-b1","14":"pa_jazykova-uroven-b1","15":"pa_jazykova-uroven-b1-b2","16":"pa_jazykova-uroven-b2","17":"pa_jazykova-uroven-b2-c1","18":"pa_jazykova-uroven-c1","19":"pa_jazykova-uroven-c1-c2","20":"pa_jazykova-uroven-c2","22":"first","23":"instock","24":"downloadable","25":"virtual","26":"purchasable","27":"product-type-simple"},"acf":[],"_links":{"self":[{"href":"https:\/\/audioacademyeu.eu\/cs\/wp-json\/wp\/v2\/product\/435","targetHints":{"allow":["GET"]}}],"collection":[{"href":"https:\/\/audioacademyeu.eu\/cs\/wp-json\/wp\/v2\/product"}],"about":[{"href":"https:\/\/audioacademyeu.eu\/cs\/wp-json\/wp\/v2\/types\/product"}],"replies":[{"embeddable":true,"href":"https:\/\/audioacademyeu.eu\/cs\/wp-json\/wp\/v2\/comments?post=435"}],"wp:featuredmedia":[{"embeddable":true,"href":"https:\/\/audioacademyeu.eu\/cs\/wp-json\/wp\/v2\/media\/436"}],"wp:attachment":[{"href":"https:\/\/audioacademyeu.eu\/cs\/wp-json\/wp\/v2\/media?parent=435"}],"wp:term":[{"taxonomy":"product_brand","embeddable":true,"href":"https:\/\/audioacademyeu.eu\/cs\/wp-json\/wp\/v2\/product_brand?post=435"},{"taxonomy":"product_cat","embeddable":true,"href":"https:\/\/audioacademyeu.eu\/cs\/wp-json\/wp\/v2\/product_cat?post=435"},{"taxonomy":"product_tag","embeddable":true,"href":"https:\/\/audioacademyeu.eu\/cs\/wp-json\/wp\/v2\/product_tag?post=435"}],"curies":[{"name":"wp","href":"https:\/\/api.w.org\/{rel}","templated":true}]}}