
{"id":421,"date":"2025-05-28T07:49:52","date_gmt":"2025-05-28T05:49:52","guid":{"rendered":"https:\/\/audioacademyeu.eu\/cz\/produkt\/pack-spanelstina-pro-mirne-pokrocile-2\/"},"modified":"2025-11-16T20:45:58","modified_gmt":"2025-11-16T19:45:58","slug":"pack-spanelstina-pro-mirne-pokrocile-2","status":"publish","type":"product","link":"https:\/\/audioacademyeu.eu\/cs\/item\/pack-spanelstina-pro-mirne-pokrocile-2\/","title":{"rendered":"Pack &#8211; \u0160pan\u011bl\u0161tina pro m\u00edrn\u011b pokro\u010dil\u00e9"},"content":{"rendered":"\n<ul class=\"wp-block-list\">\n<li>Kurz \u0160pan\u011bl\u0161tina &nbsp;\u2013 slovn\u00ed z\u00e1soba B1 &#8211; \u010d\u00e1st 1 je ur\u010den pro m\u00edrn\u011b a\u017e st\u0159edn\u011b pokro\u010dil\u00e9, tak\u017ee pro jeho nejlep\u0161\u00ed vyu\u017eit\u00ed byste m\u011bli m\u00edt za sebou jeden a\u017e dva roky v\u00fduky \u0161pan\u011bl\u0161tiny&nbsp; a osvojen\u00e9 jej\u00ed z\u00e1klady.<\/li>\n\n\n\n<li>Kurz \u0160pan\u011bl\u0161tina \u2013 slovn\u00ed z\u00e1soba B1 &#8211; \u010d\u00e1st 2 je ur\u010den pro m\u00edrn\u011b a\u017e st\u0159edn\u011b pokro\u010dil\u00e9, tak\u017ee pro jeho nejlep\u0161\u00ed vyu\u017eit\u00ed byste m\u011bli m\u00edt za sebou jeden a\u017e dva roky v\u00fduky \u0161pan\u011bl\u0161tiny a osvojen\u00e9 jej\u00ed z\u00e1klady.<\/li>\n\n\n\n<li>Kurz Technick\u00e1 \u0161pan\u011bl\u0161tina A1 \u2013 B1 je ur\u010den pro za\u010d\u00e1te\u010dn\u00edky a\u017e st\u0159edn\u011b pokro\u010dil\u00e9 a zam\u011b\u0159uje se na slovn\u00ed z\u00e1sobu, kterou m\u016f\u017eete vyu\u017e\u00edt v&nbsp;technick\u00e9 oblasti.<\/li>\n<\/ul>\n\n\n\n<p><\/p>\n","protected":false},"excerpt":{"rendered":"<p>Pack &#8211; \u0160pan\u011bl\u0161tina pro m\u00edrn\u011b pokro\u010dil\u00e9 &#8211; \u0161pan\u011bl\u0161tina slovn\u00ed z\u00e1soba B1 \u010d\u00e1st 1 a 2, technick\u00e1 \u0161pan\u011bl\u0161tina<\/p>\n","protected":false},"featured_media":422,"comment_status":"open","ping_status":"open","template":"","meta":{"_acf_changed":false,"inline_featured_image":false,"_sitemap_exclude":false,"_sitemap_priority":"","_sitemap_frequency":""},"product_brand":[],"product_cat":[139,209],"product_tag":[],"class_list":{"0":"post-421","1":"product","2":"type-product","3":"status-publish","4":"has-post-thumbnail","6":"product_cat-vyhodny-balicek","7":"product_cat-spanelstina-vyhodny-balicek","8":"pa_delka-266","9":"pa_format-mp3-ke-stazeni","10":"pa_jazykova-uroven-a1","11":"pa_jazykova-uroven-a1-a2","12":"pa_jazykova-uroven-a2","13":"pa_jazykova-uroven-a2-b1","14":"pa_jazykova-uroven-b1","15":"pa_jazykova-uroven-b1-b2","17":"first","18":"instock","19":"downloadable","20":"virtual","21":"purchasable","22":"product-type-simple"},"acf":[],"_links":{"self":[{"href":"https:\/\/audioacademyeu.eu\/cs\/wp-json\/wp\/v2\/product\/421","targetHints":{"allow":["GET"]}}],"collection":[{"href":"https:\/\/audioacademyeu.eu\/cs\/wp-json\/wp\/v2\/product"}],"about":[{"href":"https:\/\/audioacademyeu.eu\/cs\/wp-json\/wp\/v2\/types\/product"}],"replies":[{"embeddable":true,"href":"https:\/\/audioacademyeu.eu\/cs\/wp-json\/wp\/v2\/comments?post=421"}],"wp:featuredmedia":[{"embeddable":true,"href":"https:\/\/audioacademyeu.eu\/cs\/wp-json\/wp\/v2\/media\/422"}],"wp:attachment":[{"href":"https:\/\/audioacademyeu.eu\/cs\/wp-json\/wp\/v2\/media?parent=421"}],"wp:term":[{"taxonomy":"product_brand","embeddable":true,"href":"https:\/\/audioacademyeu.eu\/cs\/wp-json\/wp\/v2\/product_brand?post=421"},{"taxonomy":"product_cat","embeddable":true,"href":"https:\/\/audioacademyeu.eu\/cs\/wp-json\/wp\/v2\/product_cat?post=421"},{"taxonomy":"product_tag","embeddable":true,"href":"https:\/\/audioacademyeu.eu\/cs\/wp-json\/wp\/v2\/product_tag?post=421"}],"curies":[{"name":"wp","href":"https:\/\/api.w.org\/{rel}","templated":true}]}}