
{"id":419,"date":"2025-05-28T07:49:52","date_gmt":"2025-05-28T05:49:52","guid":{"rendered":"https:\/\/audioacademyeu.eu\/cz\/produkt\/pack-spanelstina-pro-zacatecniky-2\/"},"modified":"2025-11-16T20:45:41","modified_gmt":"2025-11-16T19:45:41","slug":"pack-spanelstina-pro-zacatecniky-2","status":"publish","type":"product","link":"https:\/\/audioacademyeu.eu\/cs\/item\/pack-spanelstina-pro-zacatecniky-2\/","title":{"rendered":"Pack &#8211; \u0160pan\u011bl\u0161tina pro za\u010d\u00e1te\u010dn\u00edky"},"content":{"rendered":"\n<ul class=\"wp-block-list\">\n<li>Kurz \u0160pan\u011bl\u0161tina na dovolenou A1 \u2013 B1 je ur\u010den pro za\u010d\u00e1te\u010dn\u00edky a\u017e st\u0159edn\u011b pokro\u010dil\u00e9 a zam\u011b\u0159uje se na slovn\u00ed z\u00e1sobu a fr\u00e1ze, kter\u00e9 m\u016f\u017eete vyu\u017e\u00edt p\u0159i cestov\u00e1n\u00ed, a hlavn\u011b na dovolen\u00e9.<\/li>\n\n\n\n<li>Kurz \u0160pan\u011bl\u0161tina do pr\u00e1ce \/ Obchodn\u00ed \u0161pan\u011bl\u0161tina A1 -B1 je ur\u010den pro za\u010d\u00e1te\u010dn\u00edky a\u017e st\u0159edn\u011b pokro\u010dil\u00e9 a zam\u011b\u0159uje se na slovn\u00ed z\u00e1sobu, kterou m\u016f\u017eete vyu\u017e\u00edt v\u00a0pr\u00e1ci i p\u0159i obchodn\u00edm kontaktu se zahrani\u010dn\u00edmi partnery.<\/li>\n\n\n\n<li>Kurz \u0160pan\u011bl\u0161tina pro za\u010d\u00e1te\u010dn\u00edky A1-A2 je ur\u010den pro \u00fapln\u00e9 i fale\u0161n\u00e9 za\u010d\u00e1te\u010dn\u00edky, tak\u017ee pokud jste se \u0161pan\u011blsky u\u010dili p\u0159ed n\u011bjakou dobou a chcete si z\u00e1klady d\u016fkladn\u011b zopakovat, je ur\u010den pr\u00e1v\u011b pro v\u00e1s.<\/li>\n<\/ul>\n\n\n\n<p><\/p>\n","protected":false},"excerpt":{"rendered":"<p>Pack &#8211; \u0160pan\u011bl\u0161tina pro za\u010d\u00e1te\u010dn\u00edky &#8211; \u0160pan\u011bl\u0161tina pro za\u010d\u00e1te\u010dn\u00edky A1\/A2, \u0160pan\u011bl\u0161tina do pr\u00e1ce \/ Obchodn\u00ed \u0161pan\u011bl\u0161tina, \u0160pan\u011bl\u0161tina na dovolenou<\/p>\n","protected":false},"featured_media":420,"comment_status":"open","ping_status":"open","template":"","meta":{"_acf_changed":false,"inline_featured_image":false,"_sitemap_exclude":false,"_sitemap_priority":"","_sitemap_frequency":""},"product_brand":[],"product_cat":[139,209],"product_tag":[],"class_list":{"0":"post-419","1":"product","2":"type-product","3":"status-publish","4":"has-post-thumbnail","6":"product_cat-vyhodny-balicek","7":"product_cat-spanelstina-vyhodny-balicek","8":"pa_delka-265","9":"pa_format-mp3-ke-stazeni","10":"pa_jazykova-uroven-a1","11":"pa_jazykova-uroven-a1-a2","12":"pa_jazykova-uroven-a2","13":"pa_jazykova-uroven-a2-b1","14":"pa_jazykova-uroven-b1","15":"pa_jazykova-uroven-b1-b2","17":"first","18":"instock","19":"downloadable","20":"virtual","21":"purchasable","22":"product-type-simple"},"acf":[],"_links":{"self":[{"href":"https:\/\/audioacademyeu.eu\/cs\/wp-json\/wp\/v2\/product\/419","targetHints":{"allow":["GET"]}}],"collection":[{"href":"https:\/\/audioacademyeu.eu\/cs\/wp-json\/wp\/v2\/product"}],"about":[{"href":"https:\/\/audioacademyeu.eu\/cs\/wp-json\/wp\/v2\/types\/product"}],"replies":[{"embeddable":true,"href":"https:\/\/audioacademyeu.eu\/cs\/wp-json\/wp\/v2\/comments?post=419"}],"wp:featuredmedia":[{"embeddable":true,"href":"https:\/\/audioacademyeu.eu\/cs\/wp-json\/wp\/v2\/media\/420"}],"wp:attachment":[{"href":"https:\/\/audioacademyeu.eu\/cs\/wp-json\/wp\/v2\/media?parent=419"}],"wp:term":[{"taxonomy":"product_brand","embeddable":true,"href":"https:\/\/audioacademyeu.eu\/cs\/wp-json\/wp\/v2\/product_brand?post=419"},{"taxonomy":"product_cat","embeddable":true,"href":"https:\/\/audioacademyeu.eu\/cs\/wp-json\/wp\/v2\/product_cat?post=419"},{"taxonomy":"product_tag","embeddable":true,"href":"https:\/\/audioacademyeu.eu\/cs\/wp-json\/wp\/v2\/product_tag?post=419"}],"curies":[{"name":"wp","href":"https:\/\/api.w.org\/{rel}","templated":true}]}}