
{"id":398,"date":"2025-05-28T07:49:52","date_gmt":"2025-05-28T05:49:52","guid":{"rendered":"https:\/\/audioacademyeu.eu\/cz\/produkt\/pack-francouzstina-megaslovicka\/"},"modified":"2025-11-16T20:42:55","modified_gmt":"2025-11-16T19:42:55","slug":"pack-francouzstina-megaslovicka","status":"publish","type":"product","link":"https:\/\/audioacademyeu.eu\/cs\/item\/pack-francouzstina-megaslovicka\/","title":{"rendered":"Pack &#8211; Francouz\u0161tina megaslov\u00ed\u010dka"},"content":{"rendered":"<p><strong>Francouz\u0161tina pro za\u010d\u00e1te\u010dn\u00edky A1 \/ A2<\/strong><br \/>\nKurz Francouz\u0161tina pro za\u010d\u00e1te\u010dn\u00edky A1 \/ A2 je ur\u010den pro \u00fapln\u00e9 i fale\u0161n\u00e9 za\u010d\u00e1te\u010dn\u00edky, tak\u017ee pokud jste se francouzsky u\u010dili p\u0159ed n\u011bjakou dobou a chcete si z\u00e1klady d\u016fkladn\u011b zopakovat, je ur\u010den pr\u00e1v\u011b pro v\u00e1s.<\/p>\n<p><strong>Francouz\u0161tina \u2013 slovn\u00ed z\u00e1soba B1 &#8211; \u010d\u00e1st 01<\/strong><br \/>\nKurz Francouz\u0161tina \u2013 slovn\u00ed z\u00e1soba B1 &#8211; \u010d\u00e1st 01 &#8211; je ur\u010den pro m\u00edrn\u011b a\u017e st\u0159edn\u011b pokro\u010dil\u00e9, tak\u017ee pro jeho nejlep\u0161\u00ed vyu\u017eit\u00ed byste m\u011bli m\u00edt za sebou jeden a\u017e dva roky v\u00fduky francouz\u0161tiny\u00a0 a osvojen\u00e9 jej\u00ed z\u00e1klady.<\/p>\n<p><strong>Francouz\u0161tina \u2013 slovn\u00ed z\u00e1soba B1 &#8211; \u010d\u00e1st 02<\/strong><br \/>\nKurz Francouz\u0161tina \u2013 slovn\u00ed z\u00e1soba B1 je ur\u010den pro m\u00edrn\u011b a\u017e st\u0159edn\u011b pokro\u010dil\u00e9, tak\u017ee pro jeho nejlep\u0161\u00ed vyu\u017eit\u00ed byste m\u011bli m\u00edt za sebou jeden a\u017e dva roky v\u00fduky francouz\u0161tiny a osvojen\u00e9 jej\u00ed z\u00e1klady.<\/p>\n<p><strong>Francouz\u0161tina \u2013 slovn\u00ed z\u00e1soba B2<\/strong><br \/>\nKurz Francouz\u0161tina \u2013 slovn\u00ed z\u00e1soba B2je ur\u010den pro pokro\u010dil\u00e9 u\u017eivatele, a s jeho pomoc\u00ed si nejen roz\u0161\u00ed\u0159\u00edte pokro\u010dilou lovn\u00ed z\u00e1sobu, ale tak\u00e9 zopakujete slo\u017eit\u011bj\u0161\u00ed gramatick\u00e9 jevy<\/p>\n","protected":false},"excerpt":{"rendered":"<p>Pack &#8211; Francouz\u0161tina megaslov\u00ed\u010dka &#8211; Francouz\u0161tina pro za\u010d\u00e1te\u010dn\u00edky A1 \/ A2, Francouz\u0161tina \u2013 slovn\u00ed z\u00e1soba B1 &#8211; \u010d\u00e1st 01 a \u010d\u00e1st 02, Francouz\u0161tina \u2013 slovn\u00ed z\u00e1soba B2<\/p>\n","protected":false},"featured_media":397,"comment_status":"open","ping_status":"open","template":"","meta":{"_acf_changed":false,"inline_featured_image":false,"_sitemap_exclude":false,"_sitemap_priority":"","_sitemap_frequency":""},"product_brand":[],"product_cat":[139,254],"product_tag":[],"class_list":{"0":"post-398","1":"product","2":"type-product","3":"status-publish","4":"has-post-thumbnail","6":"product_cat-vyhodny-balicek","7":"product_cat-francouzstina-vyhodny-balicek","8":"pa_delka-255","9":"pa_format-mp3-ke-stazeni","10":"pa_jazykova-uroven-a1","11":"pa_jazykova-uroven-a1-a2","12":"pa_jazykova-uroven-a2","13":"pa_jazykova-uroven-a2-b1","14":"pa_jazykova-uroven-b1","15":"pa_jazykova-uroven-b1-b2","16":"pa_jazykova-uroven-b2","17":"pa_jazykova-uroven-b2-c1","19":"first","20":"instock","21":"downloadable","22":"virtual","23":"purchasable","24":"product-type-simple"},"acf":[],"_links":{"self":[{"href":"https:\/\/audioacademyeu.eu\/cs\/wp-json\/wp\/v2\/product\/398","targetHints":{"allow":["GET"]}}],"collection":[{"href":"https:\/\/audioacademyeu.eu\/cs\/wp-json\/wp\/v2\/product"}],"about":[{"href":"https:\/\/audioacademyeu.eu\/cs\/wp-json\/wp\/v2\/types\/product"}],"replies":[{"embeddable":true,"href":"https:\/\/audioacademyeu.eu\/cs\/wp-json\/wp\/v2\/comments?post=398"}],"wp:featuredmedia":[{"embeddable":true,"href":"https:\/\/audioacademyeu.eu\/cs\/wp-json\/wp\/v2\/media\/397"}],"wp:attachment":[{"href":"https:\/\/audioacademyeu.eu\/cs\/wp-json\/wp\/v2\/media?parent=398"}],"wp:term":[{"taxonomy":"product_brand","embeddable":true,"href":"https:\/\/audioacademyeu.eu\/cs\/wp-json\/wp\/v2\/product_brand?post=398"},{"taxonomy":"product_cat","embeddable":true,"href":"https:\/\/audioacademyeu.eu\/cs\/wp-json\/wp\/v2\/product_cat?post=398"},{"taxonomy":"product_tag","embeddable":true,"href":"https:\/\/audioacademyeu.eu\/cs\/wp-json\/wp\/v2\/product_tag?post=398"}],"curies":[{"name":"wp","href":"https:\/\/api.w.org\/{rel}","templated":true}]}}