
{"id":374,"date":"2025-05-28T07:49:13","date_gmt":"2025-05-28T05:49:13","guid":{"rendered":"https:\/\/audioacademyeu.eu\/cz\/produkt\/pack-italstina-maxi\/"},"modified":"2025-11-24T19:01:24","modified_gmt":"2025-11-24T18:01:24","slug":"pack-italstina-maxi","status":"publish","type":"product","link":"https:\/\/audioacademyeu.eu\/cs\/item\/pack-italstina-maxi\/","title":{"rendered":"Pack &#8211; ital\u0161tina maxi"},"content":{"rendered":"<ul>\n<li>Kurz Ital\u0161tina pro za\u010d\u00e1te\u010dn\u00edky A1,A2 je ur\u010den pro \u00fapln\u00e9 i fale\u0161n\u00e9 za\u010d\u00e1te\u010dn\u00edky, tak\u017ee pokud jste si ji\u017e \u00fapln\u00e9 z\u00e1klady ital\u0161tiny osvojili, nen\u00ed to v\u016fbec na \u0161kodu.<\/li>\n<li>Kurz Ital\u0161tina \u2013 slovn\u00ed z\u00e1soba B1 \u010d\u00e1st 1 je ur\u010den pro m\u00edrn\u011b a\u017e st\u0159edn\u011b pokro\u010dil\u00e9, tak\u017ee pro jeho nejlep\u0161\u00ed vyu\u017eit\u00ed byste m\u011bli m\u00edt za sebou jeden a\u017e dva roky v\u00fduky ital\u0161tiny\u00a0 a osvojen\u00e9 jej\u00ed z\u00e1klady.<\/li>\n<li>Kurz Ital\u0161tina \u2013 slovn\u00ed z\u00e1soba B1 \u010d\u00e1st 2 je ur\u010den pro m\u00edrn\u011b a\u017e st\u0159edn\u011b pokro\u010dil\u00e9, tak\u017ee pro jeho nejlep\u0161\u00ed vyu\u017eit\u00ed byste m\u011bli m\u00edt za sebou jeden a\u017e dva roky v\u00fduky ital\u0161tiny a osvojen\u00e9 jej\u00ed z\u00e1klady.<\/li>\n<li>Kurz Ital\u0161tina \u2013 slovn\u00ed z\u00e1soba B2 je ur\u010den pro pokro\u010dil\u00e9 u\u017eivatele, a s jeho pomoc\u00ed si nejen roz\u0161\u00ed\u0159\u00edte pokro\u010dilou lovn\u00ed z\u00e1sobu, ale tak\u00e9 zopakujete slo\u017eit\u011bj\u0161\u00ed gramatick\u00e9 jevy<\/li>\n<\/ul>\n","protected":false},"excerpt":{"rendered":"<p>Pack &#8211; ital\u0161tina maxi obsahuje kurzy ital\u0161tiny pro za\u010d\u00e1te\u010dn\u00edky, m\u00edrn\u011b pokro\u010dil\u00e9 a pokro\u010dil\u00e9 (A1, A2, B1, B2)<\/p>\n","protected":false},"featured_media":375,"comment_status":"open","ping_status":"open","template":"","meta":{"_acf_changed":false,"inline_featured_image":false,"_sitemap_exclude":false,"_sitemap_priority":"","_sitemap_frequency":""},"product_brand":[],"product_cat":[139,165],"product_tag":[],"class_list":{"0":"post-374","1":"product","2":"type-product","3":"status-publish","4":"has-post-thumbnail","6":"product_cat-vyhodny-balicek","7":"product_cat-italstina-vyhodny-balicek","8":"pa_delka-51-hodin-19-minut","9":"pa_format-mp3-ke-stazeni","10":"pa_jazykova-uroven-a1","11":"pa_jazykova-uroven-a1-a2","12":"pa_jazykova-uroven-a2","13":"pa_jazykova-uroven-a2-b1","14":"pa_jazykova-uroven-b1","15":"pa_jazykova-uroven-b1-b2","16":"pa_jazykova-uroven-b2-c1","18":"first","19":"instock","20":"downloadable","21":"virtual","22":"purchasable","23":"product-type-simple"},"acf":[],"_links":{"self":[{"href":"https:\/\/audioacademyeu.eu\/cs\/wp-json\/wp\/v2\/product\/374","targetHints":{"allow":["GET"]}}],"collection":[{"href":"https:\/\/audioacademyeu.eu\/cs\/wp-json\/wp\/v2\/product"}],"about":[{"href":"https:\/\/audioacademyeu.eu\/cs\/wp-json\/wp\/v2\/types\/product"}],"replies":[{"embeddable":true,"href":"https:\/\/audioacademyeu.eu\/cs\/wp-json\/wp\/v2\/comments?post=374"}],"wp:featuredmedia":[{"embeddable":true,"href":"https:\/\/audioacademyeu.eu\/cs\/wp-json\/wp\/v2\/media\/375"}],"wp:attachment":[{"href":"https:\/\/audioacademyeu.eu\/cs\/wp-json\/wp\/v2\/media?parent=374"}],"wp:term":[{"taxonomy":"product_brand","embeddable":true,"href":"https:\/\/audioacademyeu.eu\/cs\/wp-json\/wp\/v2\/product_brand?post=374"},{"taxonomy":"product_cat","embeddable":true,"href":"https:\/\/audioacademyeu.eu\/cs\/wp-json\/wp\/v2\/product_cat?post=374"},{"taxonomy":"product_tag","embeddable":true,"href":"https:\/\/audioacademyeu.eu\/cs\/wp-json\/wp\/v2\/product_tag?post=374"}],"curies":[{"name":"wp","href":"https:\/\/api.w.org\/{rel}","templated":true}]}}