
{"id":372,"date":"2025-05-28T07:49:13","date_gmt":"2025-05-28T05:49:13","guid":{"rendered":"https:\/\/audioacademyeu.eu\/cz\/produkt\/pack-specializovana-italstina\/"},"modified":"2025-11-16T20:50:17","modified_gmt":"2025-11-16T19:50:17","slug":"pack-specializovana-italstina","status":"publish","type":"product","link":"https:\/\/audioacademyeu.eu\/cs\/item\/pack-specializovana-italstina\/","title":{"rendered":"Pack &#8211; specializovan\u00e1 ital\u0161tina"},"content":{"rendered":"<ul>\n<li>Kurz Ital\u0161tina do pr\u00e1ce\/Obchodn\u00ed ital\u0161tina \u00a0A1 -B1 je ur\u010den pro za\u010d\u00e1te\u010dn\u00edky a\u017e st\u0159edn\u011b pokro\u010dil\u00e9 a zam\u011b\u0159uje se na slovn\u00ed z\u00e1sobu, kterou m\u016f\u017eete vyu\u017e\u00edt v pr\u00e1ci i p\u0159i obchodn\u00edm kontaktu se zahrani\u010dn\u00edmi partnery<\/li>\n<li>Kurz Ital\u0161tina na dovolenou A1 \u2013 B1 je ur\u010den pro za\u010d\u00e1te\u010dn\u00edky a\u017e st\u0159edn\u011b pokro\u010dil\u00e9 a zam\u011b\u0159uje se na slovn\u00ed z\u00e1sobu a fr\u00e1ze, kter\u00e9 m\u016f\u017eete vyu\u017e\u00edt p\u0159i cestov\u00e1n\u00ed, a hlavn\u011b na dovolen\u00e9.<\/li>\n<li>Kurz Technick\u00e1 ital\u0161tina A1 \u2013 B1 je ur\u010den pro za\u010d\u00e1te\u010dn\u00edky a\u017e st\u0159edn\u011b pokro\u010dil\u00e9 a zam\u011b\u0159uje se na slovn\u00ed z\u00e1sobu, kterou m\u016f\u017eete vyu\u017e\u00edt v technick\u00e9 oblasti.<\/li>\n<\/ul>\n\n\n<p><\/p>\n","protected":false},"excerpt":{"rendered":"<p>Pack &#8211; specializovan\u00e1 ital\u0161tina obsahuje kurz ital\u0161tiny na dovolenou, do pr\u00e1ce a technickou ital\u0161tinu<\/p>\n","protected":false},"featured_media":373,"comment_status":"open","ping_status":"open","template":"","meta":{"_acf_changed":false,"inline_featured_image":false,"_sitemap_exclude":false,"_sitemap_priority":"","_sitemap_frequency":""},"product_brand":[],"product_cat":[139,165],"product_tag":[],"class_list":{"0":"post-372","1":"product","2":"type-product","3":"status-publish","4":"has-post-thumbnail","6":"product_cat-vyhodny-balicek","7":"product_cat-italstina-vyhodny-balicek","8":"pa_delka-27-hodin-20-minut","9":"pa_format-mp3-ke-stazeni","10":"pa_jazykova-uroven-a1","11":"pa_jazykova-uroven-a1-a2","12":"pa_jazykova-uroven-a2","13":"pa_jazykova-uroven-a2-b1","14":"pa_jazykova-uroven-b1","15":"pa_jazykova-uroven-b1-b2","17":"first","18":"instock","19":"downloadable","20":"virtual","21":"purchasable","22":"product-type-simple"},"acf":[],"_links":{"self":[{"href":"https:\/\/audioacademyeu.eu\/cs\/wp-json\/wp\/v2\/product\/372","targetHints":{"allow":["GET"]}}],"collection":[{"href":"https:\/\/audioacademyeu.eu\/cs\/wp-json\/wp\/v2\/product"}],"about":[{"href":"https:\/\/audioacademyeu.eu\/cs\/wp-json\/wp\/v2\/types\/product"}],"replies":[{"embeddable":true,"href":"https:\/\/audioacademyeu.eu\/cs\/wp-json\/wp\/v2\/comments?post=372"}],"wp:featuredmedia":[{"embeddable":true,"href":"https:\/\/audioacademyeu.eu\/cs\/wp-json\/wp\/v2\/media\/373"}],"wp:attachment":[{"href":"https:\/\/audioacademyeu.eu\/cs\/wp-json\/wp\/v2\/media?parent=372"}],"wp:term":[{"taxonomy":"product_brand","embeddable":true,"href":"https:\/\/audioacademyeu.eu\/cs\/wp-json\/wp\/v2\/product_brand?post=372"},{"taxonomy":"product_cat","embeddable":true,"href":"https:\/\/audioacademyeu.eu\/cs\/wp-json\/wp\/v2\/product_cat?post=372"},{"taxonomy":"product_tag","embeddable":true,"href":"https:\/\/audioacademyeu.eu\/cs\/wp-json\/wp\/v2\/product_tag?post=372"}],"curies":[{"name":"wp","href":"https:\/\/api.w.org\/{rel}","templated":true}]}}