
{"id":366,"date":"2025-05-28T07:49:13","date_gmt":"2025-05-28T05:49:13","guid":{"rendered":"https:\/\/audioacademyeu.eu\/cz\/produkt\/pack-italstina-pro-mirne-pokrocile\/"},"modified":"2025-11-16T20:49:57","modified_gmt":"2025-11-16T19:49:57","slug":"pack-italstina-pro-mirne-pokrocile","status":"publish","type":"product","link":"https:\/\/audioacademyeu.eu\/cs\/item\/pack-italstina-pro-mirne-pokrocile\/","title":{"rendered":"Pack &#8211; ital\u0161tina pro m\u00edrn\u011b pokro\u010dil\u00e9"},"content":{"rendered":"<ul>\n<li>Kurz Ital\u0161tina \u2013 slovn\u00ed z\u00e1soba B1 \u010d\u00e1st 1 a \u010d\u00e1st 2 &#8211; je ur\u010den pro m\u00edrn\u011b a\u017e st\u0159edn\u011b pokro\u010dil\u00e9, tak\u017ee pro jeho nejlep\u0161\u00ed vyu\u017eit\u00ed byste m\u011bli m\u00edt za sebou jeden a\u017e dva roky v\u00fduky ital\u0161tiny\u00a0 a osvojen\u00e9 jej\u00ed z\u00e1klady.<\/li>\n<li>V kurzu Italsk\u00e1 gramatika B1 pro m\u00edrn\u011b a st\u0159edn\u011b si m\u016f\u017eete zopakovat z\u00e1klady, ale tak\u00e9 se zdokonalit ve slo\u017eit\u011bj\u0161\u00edch t\u00e9matech, jako jsou minul\u00e9 \u010dasy, podmi\u0148ovac\u00ed zp\u016fsob, spojovac\u00ed zp\u016fsob, budouc\u00ed \u010das a trpn\u00fd rod. Sou\u010d\u00e1st\u00ed kurzu jsou rovn\u011b\u017e konverza\u010dn\u00ed t\u00e9mata, kde najdete nejpou\u017e\u00edvan\u011bj\u0161\u00ed fr\u00e1ze a obraty pro komunikaci v hotelu, ve m\u011bst\u011b, v restauraci u l\u00e9ka\u0159e a v obchod\u011b.<\/li>\n<\/ul>\n\n\n<p><\/p>\n","protected":false},"excerpt":{"rendered":"<p>Pack &#8211; ital\u0161tina pro m\u00edrn\u011b pokro\u010dil\u00e9 obsahuje kurz Ital\u0161tiny \u2013 slovn\u00ed z\u00e1soba B1 \u010d\u00e1st 1 a \u010d\u00e1st 2 a kurz Italsk\u00e1 gramatika B1 pro m\u00edrn\u011b a st\u0159edn\u011b pokro\u010dil\u00e9<\/p>\n","protected":false},"featured_media":367,"comment_status":"open","ping_status":"open","template":"","meta":{"_acf_changed":false,"inline_featured_image":false,"_sitemap_exclude":false,"_sitemap_priority":"","_sitemap_frequency":""},"product_brand":[],"product_cat":[139,165],"product_tag":[],"class_list":{"0":"post-366","1":"product","2":"type-product","3":"status-publish","4":"has-post-thumbnail","6":"product_cat-vyhodny-balicek","7":"product_cat-italstina-vyhodny-balicek","8":"pa_delka-41-hodin-17-minut","9":"pa_format-mp3-ke-stazeni","10":"pa_jazykova-uroven-a2-b1","11":"pa_jazykova-uroven-b1","12":"pa_jazykova-uroven-b1-b2","13":"pa_jazykova-uroven-b2","15":"first","16":"instock","17":"downloadable","18":"virtual","19":"purchasable","20":"product-type-simple"},"acf":[],"_links":{"self":[{"href":"https:\/\/audioacademyeu.eu\/cs\/wp-json\/wp\/v2\/product\/366","targetHints":{"allow":["GET"]}}],"collection":[{"href":"https:\/\/audioacademyeu.eu\/cs\/wp-json\/wp\/v2\/product"}],"about":[{"href":"https:\/\/audioacademyeu.eu\/cs\/wp-json\/wp\/v2\/types\/product"}],"replies":[{"embeddable":true,"href":"https:\/\/audioacademyeu.eu\/cs\/wp-json\/wp\/v2\/comments?post=366"}],"wp:featuredmedia":[{"embeddable":true,"href":"https:\/\/audioacademyeu.eu\/cs\/wp-json\/wp\/v2\/media\/367"}],"wp:attachment":[{"href":"https:\/\/audioacademyeu.eu\/cs\/wp-json\/wp\/v2\/media?parent=366"}],"wp:term":[{"taxonomy":"product_brand","embeddable":true,"href":"https:\/\/audioacademyeu.eu\/cs\/wp-json\/wp\/v2\/product_brand?post=366"},{"taxonomy":"product_cat","embeddable":true,"href":"https:\/\/audioacademyeu.eu\/cs\/wp-json\/wp\/v2\/product_cat?post=366"},{"taxonomy":"product_tag","embeddable":true,"href":"https:\/\/audioacademyeu.eu\/cs\/wp-json\/wp\/v2\/product_tag?post=366"}],"curies":[{"name":"wp","href":"https:\/\/api.w.org\/{rel}","templated":true}]}}