
{"id":364,"date":"2025-05-28T07:49:13","date_gmt":"2025-05-28T05:49:13","guid":{"rendered":"https:\/\/audioacademyeu.eu\/cz\/produkt\/pack-italska-gramatika\/"},"modified":"2025-11-16T20:49:47","modified_gmt":"2025-11-16T19:49:47","slug":"pack-italska-gramatika","status":"publish","type":"product","link":"https:\/\/audioacademyeu.eu\/cs\/item\/pack-italska-gramatika\/","title":{"rendered":"Pack &#8211; italsk\u00e1 gramatika"},"content":{"rendered":"<ul>\n<li>V kurzu Italsk\u00e1 gramatika A1, A2 pro za\u010d\u00e1te\u010dn\u00edky a m\u00edrn\u011b pokro\u010dil\u00e9 se nau\u010d\u00edte z\u00e1klady ital\u0161tiny od v\u00fdslovnosti, p\u0159es \u010dleny, nej\u010dast\u011bji u\u017e\u00edvan\u00e1 slovesa, a p\u0159edlo\u017ekov\u00e9 vazby a\u017e po z\u00e1kladn\u00ed konverza\u010dn\u00ed obraty a fr\u00e1ze.\u00a0\u00a0Sou\u010d\u00e1st\u00ed kurzu jsou rovn\u011b\u017e konverza\u010dn\u00ed t\u00e9mata, kde najdete nejpou\u017e\u00edvan\u011bj\u0161\u00ed fr\u00e1ze a obraty pro komunikaci o sob\u011b a sv\u00e9 rodin\u011b, sv\u00e9 pr\u00e1ci a sv\u00e9m voln\u00e9m \u010dase<\/li>\n<li>V kurzu Italsk\u00e1 gramatika B1 pro m\u00edrn\u011b a st\u0159edn\u011b si m\u016f\u017eete zopakovat z\u00e1klady, ale tak\u00e9 se zdokonalit ve slo\u017eit\u011bj\u0161\u00edch t\u00e9matech, jako jsou minul\u00e9 \u010dasy, podmi\u0148ovac\u00ed zp\u016fsob, spojovac\u00ed zp\u016fsob, budouc\u00ed \u010das a trpn\u00fd rod. Sou\u010d\u00e1st\u00ed kurzu jsou rovn\u011b\u017e konverza\u010dn\u00ed t\u00e9mata, kde najdete nejpou\u017e\u00edvan\u011bj\u0161\u00ed fr\u00e1ze a obraty pro komunikaci v hotelu, ve m\u011bst\u011b, v restauraci u l\u00e9ka\u0159e a v obchod\u011b<\/li>\n<\/ul>\n\n\n<p><\/p>\n","protected":false},"excerpt":{"rendered":"<p>Pack &#8211; italsk\u00e1 gramatika obsahuje Italskou gramatiku A1, A2 pro za\u010d\u00e1te\u010dn\u00edky a m\u00edrn\u011b pokro\u010dil\u00e9 a Italskou gramatiku B1 pro pokro\u010dil\u00e9<\/p>\n","protected":false},"featured_media":365,"comment_status":"open","ping_status":"open","template":"","meta":{"_acf_changed":false,"inline_featured_image":false,"_sitemap_exclude":false,"_sitemap_priority":"","_sitemap_frequency":""},"product_brand":[],"product_cat":[139,165],"product_tag":[],"class_list":{"0":"post-364","1":"product","2":"type-product","3":"status-publish","4":"has-post-thumbnail","6":"product_cat-vyhodny-balicek","7":"product_cat-italstina-vyhodny-balicek","8":"pa_delka-20-hodin-16-minut","9":"pa_format-mp3-ke-stazeni","10":"pa_jazykova-uroven-a1","11":"pa_jazykova-uroven-a1-a2","12":"pa_jazykova-uroven-a2","13":"pa_jazykova-uroven-a2-b1","14":"pa_jazykova-uroven-b1","15":"pa_jazykova-uroven-b1-b2","17":"first","18":"instock","19":"downloadable","20":"virtual","21":"purchasable","22":"product-type-simple"},"acf":[],"_links":{"self":[{"href":"https:\/\/audioacademyeu.eu\/cs\/wp-json\/wp\/v2\/product\/364","targetHints":{"allow":["GET"]}}],"collection":[{"href":"https:\/\/audioacademyeu.eu\/cs\/wp-json\/wp\/v2\/product"}],"about":[{"href":"https:\/\/audioacademyeu.eu\/cs\/wp-json\/wp\/v2\/types\/product"}],"replies":[{"embeddable":true,"href":"https:\/\/audioacademyeu.eu\/cs\/wp-json\/wp\/v2\/comments?post=364"}],"wp:featuredmedia":[{"embeddable":true,"href":"https:\/\/audioacademyeu.eu\/cs\/wp-json\/wp\/v2\/media\/365"}],"wp:attachment":[{"href":"https:\/\/audioacademyeu.eu\/cs\/wp-json\/wp\/v2\/media?parent=364"}],"wp:term":[{"taxonomy":"product_brand","embeddable":true,"href":"https:\/\/audioacademyeu.eu\/cs\/wp-json\/wp\/v2\/product_brand?post=364"},{"taxonomy":"product_cat","embeddable":true,"href":"https:\/\/audioacademyeu.eu\/cs\/wp-json\/wp\/v2\/product_cat?post=364"},{"taxonomy":"product_tag","embeddable":true,"href":"https:\/\/audioacademyeu.eu\/cs\/wp-json\/wp\/v2\/product_tag?post=364"}],"curies":[{"name":"wp","href":"https:\/\/api.w.org\/{rel}","templated":true}]}}