
{"id":362,"date":"2025-05-28T07:49:13","date_gmt":"2025-05-28T05:49:13","guid":{"rendered":"https:\/\/audioacademyeu.eu\/cz\/produkt\/pack-italstina-pro-zacatecniky\/"},"modified":"2025-11-24T19:01:33","modified_gmt":"2025-11-24T18:01:33","slug":"pack-italstina-pro-zacatecniky","status":"publish","type":"product","link":"https:\/\/audioacademyeu.eu\/cs\/item\/pack-italstina-pro-zacatecniky\/","title":{"rendered":"Pack &#8211; Ital\u0161tina pro za\u010d\u00e1te\u010dn\u00edky"},"content":{"rendered":"<ul>\n<li>Kurz Ital\u0161tina pro za\u010d\u00e1te\u010dn\u00edky A1,A2 je ur\u010den pro \u00fapln\u00e9 i fale\u0161n\u00e9 za\u010d\u00e1te\u010dn\u00edky, tak\u017ee pokud jste si ji\u017e \u00fapln\u00e9 z\u00e1klady ital\u0161tiny osvojili, nen\u00ed to v\u016fbec na \u0161kodu.<\/li>\n<li>V kurzu Italsk\u00e1 gramatika A1, A2 pro za\u010d\u00e1te\u010dn\u00edky a m\u00edrn\u011b pokro\u010dil\u00e9 se nau\u010d\u00edte z\u00e1klady ital\u0161tiny od v\u00fdslovnosti, p\u0159es \u010dleny, nej\u010dast\u011bji u\u017e\u00edvan\u00e1 slovesa, a p\u0159edlo\u017ekov\u00e9 vazby a\u017e po z\u00e1kladn\u00ed konverza\u010dn\u00ed obraty a fr\u00e1ze.\u00a0\u00a0Sou\u010d\u00e1st\u00ed kurzu jsou rovn\u011b\u017e konverza\u010dn\u00ed t\u00e9mata, kde najdete nejpou\u017e\u00edvan\u011bj\u0161\u00ed fr\u00e1ze a obraty pro komunikaci o sob\u011b a sv\u00e9 rodin\u011b, sv\u00e9 pr\u00e1ci a sv\u00e9m voln\u00e9m \u010dase.<\/li>\n<li>Kurz Ital\u0161tina na dovolenou A1 \u2013 B1 je ur\u010den pro za\u010d\u00e1te\u010dn\u00edky a\u017e st\u0159edn\u011b pokro\u010dil\u00e9 a zam\u011b\u0159uje se na slovn\u00ed z\u00e1sobu a fr\u00e1ze, kter\u00e9 m\u016f\u017eete vyu\u017e\u00edt p\u0159i cestov\u00e1n\u00ed, a hlavn\u011b na dovolen\u00e9.<\/li>\n<\/ul>\n","protected":false},"excerpt":{"rendered":"<p>Pack &#8211; Ital\u0161tina pro za\u010d\u00e1te\u010dn\u00edky &#8211; obsahuje Ital\u0161tina pro za\u010d\u00e1te\u010dn\u00edky A1,A2, Italsk\u00e1 gramatika A1, A2 pro za\u010d\u00e1te\u010dn\u00edky a m\u00edrn\u011b pokro\u010dil\u00e9, Ital\u0161tina na dovolenou A1 \u2013 B1<\/p>\n","protected":false},"featured_media":363,"comment_status":"open","ping_status":"open","template":"","meta":{"_acf_changed":false,"inline_featured_image":false,"_sitemap_exclude":false,"_sitemap_priority":"","_sitemap_frequency":""},"product_brand":[],"product_cat":[139,165],"product_tag":[],"class_list":{"0":"post-362","1":"product","2":"type-product","3":"status-publish","4":"has-post-thumbnail","6":"product_cat-vyhodny-balicek","7":"product_cat-italstina-vyhodny-balicek","8":"pa_delka-29-hodin-17-minut","9":"pa_format-mp3-ke-stazeni","10":"pa_jazykova-uroven-a1","11":"pa_jazykova-uroven-a1-a2","12":"pa_jazykova-uroven-a2","13":"pa_jazykova-uroven-a2-b1","14":"pa_jazykova-uroven-b1","16":"first","17":"instock","18":"downloadable","19":"virtual","20":"purchasable","21":"product-type-simple"},"acf":[],"_links":{"self":[{"href":"https:\/\/audioacademyeu.eu\/cs\/wp-json\/wp\/v2\/product\/362","targetHints":{"allow":["GET"]}}],"collection":[{"href":"https:\/\/audioacademyeu.eu\/cs\/wp-json\/wp\/v2\/product"}],"about":[{"href":"https:\/\/audioacademyeu.eu\/cs\/wp-json\/wp\/v2\/types\/product"}],"replies":[{"embeddable":true,"href":"https:\/\/audioacademyeu.eu\/cs\/wp-json\/wp\/v2\/comments?post=362"}],"wp:featuredmedia":[{"embeddable":true,"href":"https:\/\/audioacademyeu.eu\/cs\/wp-json\/wp\/v2\/media\/363"}],"wp:attachment":[{"href":"https:\/\/audioacademyeu.eu\/cs\/wp-json\/wp\/v2\/media?parent=362"}],"wp:term":[{"taxonomy":"product_brand","embeddable":true,"href":"https:\/\/audioacademyeu.eu\/cs\/wp-json\/wp\/v2\/product_brand?post=362"},{"taxonomy":"product_cat","embeddable":true,"href":"https:\/\/audioacademyeu.eu\/cs\/wp-json\/wp\/v2\/product_cat?post=362"},{"taxonomy":"product_tag","embeddable":true,"href":"https:\/\/audioacademyeu.eu\/cs\/wp-json\/wp\/v2\/product_tag?post=362"}],"curies":[{"name":"wp","href":"https:\/\/api.w.org\/{rel}","templated":true}]}}