
{"id":356,"date":"2025-05-28T07:49:13","date_gmt":"2025-05-28T05:49:13","guid":{"rendered":"https:\/\/audioacademyeu.eu\/cz\/produkt\/italstina-slovni-zasoba-b2\/"},"modified":"2025-11-16T20:48:21","modified_gmt":"2025-11-16T19:48:21","slug":"italstina-slovni-zasoba-b2","status":"publish","type":"product","link":"https:\/\/audioacademyeu.eu\/cs\/item\/italstina-slovni-zasoba-b2\/","title":{"rendered":"Ital\u0161tina \u2013 slovn\u00ed z\u00e1soba B2"},"content":{"rendered":"<p>Kurz Ital\u0161tina \u2013 slovn\u00ed z\u00e1soba B2 je ur\u010den pro pokro\u010dil\u00e9 u\u017eivatele, a s jeho pomoc\u00ed si nejen roz\u0161\u00ed\u0159\u00edte pokro\u010dilou lovn\u00ed z\u00e1sobu, ale tak\u00e9 zopakujete slo\u017eit\u011bj\u0161\u00ed gramatick\u00e9 jevy<\/p>\n<p>Kurz je zalo\u017een na kontextov\u00e9m u\u010den\u00ed, to znamen\u00e1, \u017ee se nebudete u\u010dit jen slov\u00ed\u010dka, ale i v\u011bty, ve kter\u00fdch m\u016f\u017eete dan\u00e1 slov\u00ed\u010dka pou\u017e\u00edt. Celkov\u011b v n\u011bm najdete celkem 1 400 slov\u00ed\u010dek a procvi\u010dovac\u00edch v\u011bt.<\/p>\n<p>Jednotliv\u00e9 lekce jsou rozd\u011bleny podle t\u00e9mat, p\u0159i\u010dem\u017e ka\u017ed\u00e9 obsahuje jin\u00fd po\u010det slov\u00ed\u010dek a v\u011bt. \u00darove\u0148 B2 je st\u0159edn\u011b pokro\u010dil\u00e1, nejv\u00edce prostoru je proto v\u011bnov\u00e1no t\u00e9mat\u016fm jako pr\u00e1ce, vlastnosti, aktivity, zat\u00edmco t\u00e9mata jako cestov\u00e1n\u00ed, voln\u00fd \u010das, rodina jsou probr\u00e1na v\u00a0men\u0161\u00edm rozsahu, proto\u017ee jim bylo v\u011bnov\u00e1no v\u00edce prostoru v\u00a0p\u0159edchoz\u00edm d\u00edle kurzu.<\/p>\n<p>Jak s\u00a0kurzem nejl\u00e9pe pracovat? Zvolte si lekci, kterou chcete za\u010d\u00edt. Ka\u017ed\u00e1 lekce obsahuje \u0161est stop. Nejprve se u ka\u017ed\u00e9 lekce seznamte se samotn\u00fdmi slov\u00ed\u010dky (stopa 1 a 2). D\u00e1le m\u00e1te k\u00a0dispozici slov\u00ed\u010dko n\u00e1sledovan\u00e9 p\u0159\u00edkladovou v\u011btou, op\u011bt v\u00a0obou variant\u00e1ch p\u0159ekladu (stopa 3 a 4).\u00a0 Pot\u00e9 p\u0159ech\u00e1z\u00edte na cel\u00e9 v\u011bty (stopa 5 a 6). Jakmile budete zvl\u00e1dat p\u0159ekl\u00e1dat v\u011bty z\u00a0\u010de\u0161tiny do ital\u0161tiny (lekce 6) v\u00a0\u010dasov\u00e9 pauze p\u0159ed \u010desk\u00fdm p\u0159ekladem, tak jste vyhr\u00e1li. Samotn\u00e1 slov\u00ed\u010dka V\u00e1m pomohou p\u0159i pochopen\u00ed smyslu, ale pomoc\u00ed osvojen\u00fdch cel\u00fdch v\u011bt budete komunikovat mnohem l\u00e9pe.<\/p>\n<p>Ke kurzu si m\u016f\u017eete zdarma st\u00e1hnout skripta, d\u00edky nim\u017e budou va\u0161e aktivity s\u00a0kurzem mnohem efektivn\u011bj\u0161\u00ed. Najdete v\u00a0nich n\u00e1vod k\u00a0u\u010den\u00ed spolu s\u00a0u\u017eite\u010dn\u00fdmi tipy, jak v\u00fduku zefektivnit, v\u00fdukov\u00fd pl\u00e1n, do n\u011bj\u017e si m\u016f\u017eete zaznamen\u00e1vat sv\u00e9 pokroky, seznam stop k\u00a0poslechu (kdybyste n\u00e1hodou n\u011b\u010demu nerozum\u011bli), ale i oboustrann\u00e9 karti\u010dky, d\u00edky nim\u017e se m\u016f\u017eete u\u010dit a opakovat i tehdy, kdy\u017e pr\u00e1v\u011b nem\u016f\u017eete poslouchat. Pro ty, kte\u0159\u00ed se r\u00e1di zkou\u0161\u00ed, je v\u00a0ka\u017ed\u00e9 lekci p\u0159ipraven p\u0159ekladov\u00fd test s\u00a0kl\u00ed\u010dem obsahuj\u00edc\u00edm spr\u00e1vn\u00e9 odpov\u011bdi.<\/p>\n<ul>\n<li>Lekce 01 &#8211; Aktivity 01<\/li>\n<li>Lekce 02 &#8211; Aktivity 02<\/li>\n<li>Lekce 03 &#8211; Cestov\u00e1n\u00ed<\/li>\n<li>Lekce 04 &#8211; Komunikace<\/li>\n<li>Lekce 05 &#8211; Pr\u00e1ce<\/li>\n<li>Lekce 06 &#8211; Spole\u010dnost<\/li>\n<li>Lekce 07 &#8211; T\u011blo<\/li>\n<li>Lekce 08 &#8211; Vlastnosti<\/li>\n<li>Lekce 09 &#8211; Voln\u00fd \u010das<\/li>\n<li>Lekce 10 &#8211; Nepravideln\u00e1 slovesa_01<\/li>\n<li>Lekce 11 &#8211; Nepravideln\u00e1 slovesa_02<\/li>\n<\/ul>\n<p>&nbsp;<\/p>\n<p>&nbsp;<\/p>\n","protected":false},"excerpt":{"rendered":"<p>Kurz Ital\u0161tina \u2013 slovn\u00ed z\u00e1soba B2 je ur\u010den pro pokro\u010dil\u00e9 u\u017eivatele, a s jeho pomoc\u00ed si nejen roz\u0161\u00ed\u0159\u00edte pokro\u010dilou lovn\u00ed z\u00e1sobu, ale tak\u00e9 zopakujete slo\u017eit\u011bj\u0161\u00ed gramatick\u00e9 jevy<\/p>\n","protected":false},"featured_media":357,"comment_status":"open","ping_status":"open","template":"","meta":{"_acf_changed":false,"inline_featured_image":false,"_sitemap_exclude":false,"_sitemap_priority":"","_sitemap_frequency":""},"product_brand":[],"product_cat":[328,132],"product_tag":[],"class_list":{"0":"post-356","1":"product","2":"type-product","3":"status-publish","4":"has-post-thumbnail","6":"product_cat-vseobecna-italstina","7":"product_cat-italstina","8":"pa_delka-12-hodin-3-minuty","9":"pa_format-mp3-ke-stazeni","10":"pa_jazykova-uroven-b1-b2","11":"pa_jazykova-uroven-b2","12":"pa_jazykova-uroven-b2-c1","14":"first","15":"instock","16":"downloadable","17":"virtual","18":"purchasable","19":"product-type-simple"},"acf":[],"_links":{"self":[{"href":"https:\/\/audioacademyeu.eu\/cs\/wp-json\/wp\/v2\/product\/356","targetHints":{"allow":["GET"]}}],"collection":[{"href":"https:\/\/audioacademyeu.eu\/cs\/wp-json\/wp\/v2\/product"}],"about":[{"href":"https:\/\/audioacademyeu.eu\/cs\/wp-json\/wp\/v2\/types\/product"}],"replies":[{"embeddable":true,"href":"https:\/\/audioacademyeu.eu\/cs\/wp-json\/wp\/v2\/comments?post=356"}],"wp:featuredmedia":[{"embeddable":true,"href":"https:\/\/audioacademyeu.eu\/cs\/wp-json\/wp\/v2\/media\/357"}],"wp:attachment":[{"href":"https:\/\/audioacademyeu.eu\/cs\/wp-json\/wp\/v2\/media?parent=356"}],"wp:term":[{"taxonomy":"product_brand","embeddable":true,"href":"https:\/\/audioacademyeu.eu\/cs\/wp-json\/wp\/v2\/product_brand?post=356"},{"taxonomy":"product_cat","embeddable":true,"href":"https:\/\/audioacademyeu.eu\/cs\/wp-json\/wp\/v2\/product_cat?post=356"},{"taxonomy":"product_tag","embeddable":true,"href":"https:\/\/audioacademyeu.eu\/cs\/wp-json\/wp\/v2\/product_tag?post=356"}],"curies":[{"name":"wp","href":"https:\/\/api.w.org\/{rel}","templated":true}]}}