
{"id":345,"date":"2025-05-28T07:49:13","date_gmt":"2025-05-28T05:49:13","guid":{"rendered":"https:\/\/audioacademyeu.eu\/cz\/produkt\/italska-gramatika-b1\/"},"modified":"2025-11-26T07:12:50","modified_gmt":"2025-11-26T06:12:50","slug":"italska-gramatika-b1","status":"publish","type":"product","link":"https:\/\/audioacademyeu.eu\/cs\/item\/italska-gramatika-b1\/","title":{"rendered":"Italsk\u00e1 gramatika B1"},"content":{"rendered":"<p>V kurzu Italsk\u00e1 gramatika B1 pro m\u00edrn\u011b a st\u0159edn\u011b si m\u016f\u017eete zopakovat z\u00e1klady, ale tak\u00e9 se zdokonalit ve slo\u017eit\u011bj\u0161\u00edch t\u00e9matech, jako jsou minul\u00e9 \u010dasy, podmi\u0148ovac\u00ed zp\u016fsob, spojovac\u00ed zp\u016fsob, budouc\u00ed \u010das a trpn\u00fd rod.\u00a0Sou\u010d\u00e1st\u00ed kurzu jsou rovn\u011b\u017e konverza\u010dn\u00ed t\u00e9mata, kde najdete nejpou\u017e\u00edvan\u011bj\u0161\u00ed fr\u00e1ze a obraty pro komunikaci v hotelu, ve m\u011bst\u011b, v restauraci u l\u00e9ka\u0159e a v obchod\u011b.\u00a0Kurz je zalo\u017een na kontextov\u00e9m u\u010den\u00ed, to znamen\u00e1, \u017ee se nebudete u\u010dit jen slov\u00ed\u010dka, ale i v\u011bty, ve kter\u00fdch m\u016f\u017eete dan\u00e1 slov\u00ed\u010dka pou\u017e\u00edt. V\u00a0tomto kurzu najdete celkem 1\u00a0600 slov\u00ed\u010dek a procvi\u010dovac\u00edch v\u011bt.<\/p>\n<p>Ke kurzu si m\u016f\u017eete bezplatn\u011b st\u00e1hnout skripta, d\u00edky jim\u017e budou va\u0161e aktivity s\u00a0kurzem mnohem efektivn\u011bj\u0161\u00ed. Najdete tam toti\u017e n\u00e1vod k\u00a0u\u010den\u00ed spolu s\u00a0u\u017eite\u010dn\u00fdmi tipy, jak v\u00fduku zefektivnit, v\u00fdukov\u00fd pl\u00e1n, do n\u011bj\u017e si m\u016f\u017eete zaznamen\u00e1vat sv\u00e9 pokroky, seznam stop k\u00a0poslechu (kdybyste n\u00e1hodou n\u011b\u010demu nerozum\u011bli), ale i oboustrann\u00e9 karti\u010dky, d\u00edky nim\u017e se m\u016f\u017eete u\u010dit a opakovat i tehdy, kdy\u017e pr\u00e1v\u011b nem\u016f\u017eete poslouchat. Pro ty, kte\u0159\u00ed se r\u00e1di zkou\u0161\u00ed, je v\u00a0ka\u017ed\u00e9 lekci p\u0159ipraven p\u0159ekladov\u00fd test s\u00a0kl\u00ed\u010dem obsahuj\u00edc\u00edm spr\u00e1vn\u00e9 odpov\u011bdi. Ital\u0161tinu v tomto kurzu namluvili rodil\u00ed mluv\u010d\u00ed Elisa Ciravegna, Isabella Capalbo a Matteo Bianchi, \u010de\u0161tinu potom Alena Sas\u00ednov\u00e1.<\/p>\n<p>&nbsp;<\/p>\n<ul>\n<li>Opakov\u00e1n\u00ed &#8211; \u010casov\u00e1n\u00ed pravideln\u00fdch a nepravideln\u00fdch sloves<\/li>\n<li>vazby mi piace, c\u00b4\u00e9, a ho bisogno, zp\u016fsobov\u00e1 slovesa, pr\u016fb\u011bhov\u00fd \u010das<\/li>\n<li>Passato prossimo s pomocn\u00fdm AVERE, zvratn\u00e1 slovesa, ci ve v\u00fdznamu tam<\/li>\n<li>Passato prossimo s pomocn\u00fdm ESSERE, v hotelu<\/li>\n<li>Budouc\u00ed \u010das, p\u0159edpov\u011b\u010f po\u010das\u00ed<\/li>\n<li>Minul\u00fd \u010das Imperfektum, z\u00e1jmena ve t\u0159et\u00edm p\u00e1d\u011b, v restauraci<\/li>\n<li>Z\u00e1jmena ve \u010dtvrt\u00e9m p\u00e1d\u011b, z\u00e1jmeno \u201ene\u201c, nakupov\u00e1n\u00ed<\/li>\n<li>Podmi\u0148ovac\u00ed zp\u016fsob p\u0159\u00edtomn\u00fd i minul\u00fd, z\u00e1jmena ve t\u0159et\u00edm a \u010dtvrt\u00e9m p\u00e1d\u011b<\/li>\n<li>Rozkazovac\u00ed zp\u016fsob, p\u0159\u00eddavn\u00e1 jm\u00e9na, u l\u00e9ka\u0159e<\/li>\n<li>Spojovac\u00ed zp\u016fsob, trpn\u00fd rod, n\u00e1v\u0161t\u011bva m\u011bsta<\/li>\n<\/ul>\n<p>&nbsp;<\/p>\n<p>&nbsp;<\/p>\n","protected":false},"excerpt":{"rendered":"<p>V tomto kurzu pro m\u00edrn\u011b a st\u0159edn\u011b si m\u016f\u017eete zopakovat z\u00e1klady, ale tak\u00e9 se zdokonalit ve slo\u017eit\u011bj\u0161\u00edch t\u00e9matech, jako jsou minul\u00e9 \u010dasy, podmi\u0148ovac\u00ed zp\u016fsob, spojovac\u00ed zp\u016fsob, budouc\u00ed \u010das a trpn\u00fd rod.<\/p>\n","protected":false},"featured_media":4923,"comment_status":"open","ping_status":"open","template":"","meta":{"_acf_changed":false,"inline_featured_image":false,"_sitemap_exclude":false,"_sitemap_priority":"","_sitemap_frequency":""},"product_brand":[],"product_cat":[328,132],"product_tag":[133,134,135],"class_list":{"0":"post-345","1":"product","2":"type-product","3":"status-publish","4":"has-post-thumbnail","6":"product_cat-vseobecna-italstina","7":"product_cat-italstina","8":"product_tag-italstina","9":"product_tag-italstina-pro-samouky","10":"product_tag-poslechova-italstina","11":"pa_delka-11-hodin-20-minut","12":"pa_format-mp3-ke-stazeni","13":"pa_jazykova-uroven-a2-b1","14":"pa_jazykova-uroven-b1","15":"pa_jazykova-uroven-b1-b2","17":"first","18":"instock","19":"downloadable","20":"virtual","21":"purchasable","22":"product-type-simple"},"acf":[],"_links":{"self":[{"href":"https:\/\/audioacademyeu.eu\/cs\/wp-json\/wp\/v2\/product\/345","targetHints":{"allow":["GET"]}}],"collection":[{"href":"https:\/\/audioacademyeu.eu\/cs\/wp-json\/wp\/v2\/product"}],"about":[{"href":"https:\/\/audioacademyeu.eu\/cs\/wp-json\/wp\/v2\/types\/product"}],"replies":[{"embeddable":true,"href":"https:\/\/audioacademyeu.eu\/cs\/wp-json\/wp\/v2\/comments?post=345"}],"wp:featuredmedia":[{"embeddable":true,"href":"https:\/\/audioacademyeu.eu\/cs\/wp-json\/wp\/v2\/media\/4923"}],"wp:attachment":[{"href":"https:\/\/audioacademyeu.eu\/cs\/wp-json\/wp\/v2\/media?parent=345"}],"wp:term":[{"taxonomy":"product_brand","embeddable":true,"href":"https:\/\/audioacademyeu.eu\/cs\/wp-json\/wp\/v2\/product_brand?post=345"},{"taxonomy":"product_cat","embeddable":true,"href":"https:\/\/audioacademyeu.eu\/cs\/wp-json\/wp\/v2\/product_cat?post=345"},{"taxonomy":"product_tag","embeddable":true,"href":"https:\/\/audioacademyeu.eu\/cs\/wp-json\/wp\/v2\/product_tag?post=345"}],"curies":[{"name":"wp","href":"https:\/\/api.w.org\/{rel}","templated":true}]}}