
{"id":343,"date":"2025-05-28T07:49:13","date_gmt":"2025-05-28T05:49:13","guid":{"rendered":"https:\/\/audioacademyeu.eu\/cz\/produkt\/italska-gramatika-a1-a2\/"},"modified":"2025-11-26T07:12:54","modified_gmt":"2025-11-26T06:12:54","slug":"italska-gramatika-a1-a2","status":"publish","type":"product","link":"https:\/\/audioacademyeu.eu\/cs\/item\/italska-gramatika-a1-a2\/","title":{"rendered":"Italsk\u00e1 gramatika A1, A2"},"content":{"rendered":"<p>V kurzu Italsk\u00e1 gramatika A1, A2 pro za\u010d\u00e1te\u010dn\u00edky a m\u00edrn\u011b pokro\u010dil\u00e9 se nau\u010d\u00edte z\u00e1klady ital\u0161tiny od v\u00fdslovnosti, p\u0159es \u010dleny, nej\u010dast\u011bji u\u017e\u00edvan\u00e1 slovesa, a p\u0159edlo\u017ekov\u00e9 vazby a\u017e po z\u00e1kladn\u00ed konverza\u010dn\u00ed obraty a fr\u00e1ze.\u00a0\u00a0Sou\u010d\u00e1st\u00ed kurzu jsou rovn\u011b\u017e konverza\u010dn\u00ed t\u00e9mata, kde najdete nejpou\u017e\u00edvan\u011bj\u0161\u00ed fr\u00e1ze a obraty pro komunikaci o sob\u011b a sv\u00e9 rodin\u011b, sv\u00e9 pr\u00e1ci a sv\u00e9m voln\u00e9m \u010dase.\u00a0Kurz je zalo\u017een na kontextov\u00e9m u\u010den\u00ed, to znamen\u00e1, \u017ee se nebudete u\u010dit jen slov\u00ed\u010dka, ale i v\u011bty, ve kter\u00fdch m\u016f\u017eete dan\u00e1 slov\u00ed\u010dka pou\u017e\u00edt. V tomto kurzu najdete celkem 1 200 slov\u00ed\u010dek a procvi\u010dovac\u00edch v\u011bt.<\/p>\n<p>Ke kurzu si m\u016f\u017eete bezplatn\u011b st\u00e1hnout skripta, d\u00edky nim\u017e budou va\u0161e aktivity s\u00a0kurzem mnohem efektivn\u011bj\u0161\u00ed. Ve skriptech toti\u017e najdete n\u00e1vod k\u00a0u\u010den\u00ed spolu s\u00a0u\u017eite\u010dn\u00fdmi tipy, jak v\u00fduku zefektivnit, v\u00fdukov\u00fd pl\u00e1n, do n\u011bj\u017e si m\u016f\u017eete zaznamen\u00e1vat sv\u00e9 pokroky, seznam stop k\u00a0poslechu (kdybyste n\u00e1hodou n\u011b\u010demu nerozum\u011bli), ale i oboustrann\u00e9 karti\u010dky, d\u00edky nim\u017e se m\u016f\u017eete u\u010dit a opakovat i tehdy, kdy\u017e pr\u00e1v\u011b nem\u016f\u017eete poslouchat. Pro ty, kte\u0159\u00ed se r\u00e1di zkou\u0161\u00ed, je v\u00a0ka\u017ed\u00e9 lekci p\u0159ipraven p\u0159ekladov\u00fd test s\u00a0kl\u00ed\u010dem obsahuj\u00edc\u00edm spr\u00e1vn\u00e9 odpov\u011bdi.<\/p>\n<p>Ital\u0161tinu v tomto kurzu namluvili Elisa Ciravegna a Matteo Bianchi, \u010de\u0161tinu potom Alena Sas\u00ednov\u00e1.<\/p>\n<ul>\n<li>\u00davodn\u00ed lekce &#8211; v\u00fdslovnost, z\u00e1kladn\u00ed slov\u00ed\u010dka<\/li>\n<li>Podstatn\u00e1 jm\u00e9na, sloveso ESSERE \u2013 b\u00fdt, z\u00e1kladn\u00ed \u010d\u00edslovky<\/li>\n<li>Sloveso AVERE, \u010dlen ur\u010dit\u00fd a neur\u010dit\u00fd, slovesa prvn\u00ed slovesn\u00e9 t\u0159\u00eddy s koncovkou ARE<\/li>\n<li>Slovesa druh\u00e9 a t\u0159et\u00ed t\u0159\u00eddy, p\u0159\u00eddavn\u00e1 jm\u00e9na, z\u00e1kladn\u00ed pozdravy<\/li>\n<li>Nepravideln\u00e1 slovesa \u010d\u00e1st 01, vazby mi piace a ho bisogno, ur\u010dov\u00e1n\u00ed \u010dasu, m\u016fj den<\/li>\n<li>Nepravideln\u00e1 slovesa \u010d\u00e1st 02, ESSERE a STARE, p\u0159ivlast\u0148ovac\u00ed z\u00e1jmena, moje rodina<\/li>\n<li>Nepravideln\u00e1 slovesa \u010d\u00e1st 03, zp\u016fsobov\u00e1 slovesa, dny v t\u00fddnu, vazby PRIMA a DOPO DI<\/li>\n<li>Nepravideln\u00e1 slovesa \u010d\u00e1st 04 \u010d\u00edslovky 20 \u2013 1000, \u0159adov\u00e9 \u010d\u00edslovky_slovn\u00ed z\u00e1soba<\/li>\n<li>Vybran\u00e1 slovesa 2 a 3 t\u0159\u00eddy, vazby c\u00b4e a ci sono, z\u00e1kladn\u00ed p\u0159edlo\u017eky<\/li>\n<li>Dal\u0161\u00ed\u00a0 slovesa\u00a0 1 t\u0159\u00eddy, p\u0159edlo\u017eky se \u010dlenem ur\u010dit\u00fdm, p\u0159edlo\u017eky pozice, m\u016fj byt<\/li>\n<li>Pr\u016fb\u011bhov\u00fd \u010das, p\u0159edlo\u017eky\u00a0 se \u010dlenem ur\u010dit\u00fdm, minul\u00fd \u010das passato prossimo, m\u011bs\u00edce<\/li>\n<\/ul>\n<p>&nbsp;<\/p>\n","protected":false},"excerpt":{"rendered":"<p>V tomto kurzu pro za\u010d\u00e1te\u010dn\u00edky a m\u00edrn\u011b pokro\u010dil\u00e9 se nau\u010d\u00edte z\u00e1klady ital\u0161tiny od v\u00fdslovnosti, p\u0159es \u010dleny, nej\u010dast\u011bji u\u017e\u00edvan\u00e1 slovesa, a p\u0159edlo\u017ekov\u00e9 vazby a\u017e po z\u00e1kladn\u00ed konverza\u010dn\u00ed obraty a fr\u00e1ze.<\/p>\n","protected":false},"featured_media":4921,"comment_status":"open","ping_status":"open","template":"","meta":{"_acf_changed":false,"inline_featured_image":false,"_sitemap_exclude":false,"_sitemap_priority":"","_sitemap_frequency":""},"product_brand":[],"product_cat":[328,132],"product_tag":[133,134],"class_list":{"0":"post-343","1":"product","2":"type-product","3":"status-publish","4":"has-post-thumbnail","6":"product_cat-vseobecna-italstina","7":"product_cat-italstina","8":"product_tag-italstina","9":"product_tag-italstina-pro-samouky","10":"pa_delka-8-hodin-56-minut","11":"pa_format-mp3-ke-stazeni","12":"pa_jazykova-uroven-a1","13":"pa_jazykova-uroven-a1-a2","14":"pa_jazykova-uroven-a2","15":"pa_jazykova-uroven-a2-b1","17":"first","18":"instock","19":"downloadable","20":"virtual","21":"purchasable","22":"product-type-simple"},"acf":[],"_links":{"self":[{"href":"https:\/\/audioacademyeu.eu\/cs\/wp-json\/wp\/v2\/product\/343","targetHints":{"allow":["GET"]}}],"collection":[{"href":"https:\/\/audioacademyeu.eu\/cs\/wp-json\/wp\/v2\/product"}],"about":[{"href":"https:\/\/audioacademyeu.eu\/cs\/wp-json\/wp\/v2\/types\/product"}],"replies":[{"embeddable":true,"href":"https:\/\/audioacademyeu.eu\/cs\/wp-json\/wp\/v2\/comments?post=343"}],"wp:featuredmedia":[{"embeddable":true,"href":"https:\/\/audioacademyeu.eu\/cs\/wp-json\/wp\/v2\/media\/4921"}],"wp:attachment":[{"href":"https:\/\/audioacademyeu.eu\/cs\/wp-json\/wp\/v2\/media?parent=343"}],"wp:term":[{"taxonomy":"product_brand","embeddable":true,"href":"https:\/\/audioacademyeu.eu\/cs\/wp-json\/wp\/v2\/product_brand?post=343"},{"taxonomy":"product_cat","embeddable":true,"href":"https:\/\/audioacademyeu.eu\/cs\/wp-json\/wp\/v2\/product_cat?post=343"},{"taxonomy":"product_tag","embeddable":true,"href":"https:\/\/audioacademyeu.eu\/cs\/wp-json\/wp\/v2\/product_tag?post=343"}],"curies":[{"name":"wp","href":"https:\/\/api.w.org\/{rel}","templated":true}]}}