
{"id":333,"date":"2025-05-28T07:49:13","date_gmt":"2025-05-28T05:49:13","guid":{"rendered":"https:\/\/audioacademyeu.eu\/cz\/produkt\/pack-polstina-slovicka\/"},"modified":"2025-11-16T20:46:50","modified_gmt":"2025-11-16T19:46:50","slug":"pack-polstina-slovicka","status":"publish","type":"product","link":"https:\/\/audioacademyeu.eu\/cs\/item\/pack-polstina-slovicka\/","title":{"rendered":"Pack &#8211; Pol\u0161tina\u00a0slov\u00ed\u010dka"},"content":{"rendered":"<ul>\n<li>Kurz Pol\u0161tina pro za\u010d\u00e1te\u010dn\u00edky A1_A2 je ur\u010den pro \u00fapln\u00e9 i fale\u0161n\u00e9 za\u010d\u00e1te\u010dn\u00edky, tak\u017ee pokud jste se polsky u\u010dili p\u0159ed n\u011bjakou dobou a chcete si z\u00e1klady d\u016fkladn\u011b zopakovat, je ur\u010den pr\u00e1v\u011b pro v\u00e1s.<\/li>\n<li>Kurz Pol\u0161tina pro m\u00edrn\u011b pokro\u010dil\u00e9 B1 &#8211; prvn\u00ed \u010d\u00e1st je ur\u010den pro m\u00edrn\u011b a\u017e st\u0159edn\u011b, tak\u017ee pro jeho nejlep\u0161\u00ed vyu\u017eit\u00ed byste m\u011bli m\u00edt za sebou jeden a\u017e dva roky v\u00fduky pol\u0161tiny a osvojen\u00e9 jej\u00ed z\u00e1klady.<\/li>\n<li>Kurz Pol\u0161tina pro m\u00edrn\u011b pokro\u010dil\u00e9 B1 &#8211; druh\u00e1 \u010d\u00e1st je ur\u010den pro m\u00edrn\u011b a\u017e st\u0159edn\u011b, tak\u017ee pro jeho nejlep\u0161\u00ed vyu\u017eit\u00ed byste m\u011bli m\u00edt za sebou jeden a\u017e dva roky v\u00fduky pol\u0161tiny a osvojen\u00e9 jej\u00ed z\u00e1klady.<\/li>\n<\/ul>\n","protected":false},"excerpt":{"rendered":"<p>V\u00fdhodn\u00fd pack Pol\u0161tina\u00a0 megaslov\u00ed\u010dka obsahuje Pol\u0161tina pro za\u010d\u00e1te\u010dn\u00edky A1_A2, Pol\u0161tina pro m\u00edrn\u011b pokro\u010dil\u00e9 B1 &#8211; prvn\u00ed \u010d\u00e1st a druhou \u010d\u00e1st<\/p>\n","protected":false},"featured_media":334,"comment_status":"open","ping_status":"open","template":"","meta":{"_acf_changed":false,"inline_featured_image":false,"_sitemap_exclude":false,"_sitemap_priority":"","_sitemap_frequency":""},"product_brand":[],"product_cat":[139,228],"product_tag":[],"class_list":{"0":"post-333","1":"product","2":"type-product","3":"status-publish","4":"has-post-thumbnail","6":"product_cat-vyhodny-balicek","7":"product_cat-polstina-vyhodny-balicek","8":"pa_delka-43-hodin-3-minuty","9":"pa_format-mp3-ke-stazeni","10":"pa_jazykova-uroven-a1","11":"pa_jazykova-uroven-a1-a2","12":"pa_jazykova-uroven-a2","13":"pa_jazykova-uroven-a2-b1","14":"pa_jazykova-uroven-b1","15":"pa_jazykova-uroven-b1-b2","17":"first","18":"instock","19":"downloadable","20":"virtual","21":"purchasable","22":"product-type-simple"},"acf":[],"_links":{"self":[{"href":"https:\/\/audioacademyeu.eu\/cs\/wp-json\/wp\/v2\/product\/333","targetHints":{"allow":["GET"]}}],"collection":[{"href":"https:\/\/audioacademyeu.eu\/cs\/wp-json\/wp\/v2\/product"}],"about":[{"href":"https:\/\/audioacademyeu.eu\/cs\/wp-json\/wp\/v2\/types\/product"}],"replies":[{"embeddable":true,"href":"https:\/\/audioacademyeu.eu\/cs\/wp-json\/wp\/v2\/comments?post=333"}],"wp:featuredmedia":[{"embeddable":true,"href":"https:\/\/audioacademyeu.eu\/cs\/wp-json\/wp\/v2\/media\/334"}],"wp:attachment":[{"href":"https:\/\/audioacademyeu.eu\/cs\/wp-json\/wp\/v2\/media?parent=333"}],"wp:term":[{"taxonomy":"product_brand","embeddable":true,"href":"https:\/\/audioacademyeu.eu\/cs\/wp-json\/wp\/v2\/product_brand?post=333"},{"taxonomy":"product_cat","embeddable":true,"href":"https:\/\/audioacademyeu.eu\/cs\/wp-json\/wp\/v2\/product_cat?post=333"},{"taxonomy":"product_tag","embeddable":true,"href":"https:\/\/audioacademyeu.eu\/cs\/wp-json\/wp\/v2\/product_tag?post=333"}],"curies":[{"name":"wp","href":"https:\/\/api.w.org\/{rel}","templated":true}]}}