
{"id":331,"date":"2025-05-28T07:49:13","date_gmt":"2025-05-28T05:49:13","guid":{"rendered":"https:\/\/audioacademyeu.eu\/cz\/produkt\/pack-specializovana-rustina\/"},"modified":"2025-11-16T20:46:37","modified_gmt":"2025-11-16T19:46:37","slug":"pack-specializovana-rustina","status":"publish","type":"product","link":"https:\/\/audioacademyeu.eu\/cs\/item\/pack-specializovana-rustina\/","title":{"rendered":"Pack &#8211; Specializovan\u00e1 ru\u0161tina"},"content":{"rendered":"<ul>\n<li>Kurz Obchodn\u00ed ru\u0161tina \u00a0A1 -B1 je ur\u010den pro za\u010d\u00e1te\u010dn\u00edky a\u017e st\u0159edn\u011b pokro\u010dil\u00e9 a zam\u011b\u0159uje se na slovn\u00ed z\u00e1sobu, kterou m\u016f\u017eete vyu\u017e\u00edt v pr\u00e1ci i p\u0159i obchodn\u00edm kontaktu se zahrani\u010dn\u00edmi partnery<\/li>\n<li>Kurz Ru\u0161tina na cesty A1 -B1 je ur\u010den pro za\u010d\u00e1te\u010dn\u00edky a\u017e st\u0159edn\u011b pokro\u010dil\u00e9 a zam\u011b\u0159uje se na slovn\u00ed z\u00e1sobu a fr\u00e1ze, kter\u00e9 m\u016f\u017eete vyu\u017e\u00edt p\u0159i\u00a0 jak slu\u017eebn\u00edm, tak soukrom\u00e9m cestov\u00e1n\u00ed<\/li>\n<li>Kurz Technick\u00e1 ru\u0161tina A1 \u2013 B1 je ur\u010den pro za\u010d\u00e1te\u010dn\u00edky a\u017e st\u0159edn\u011b pokro\u010dil\u00e9 a zam\u011b\u0159uje se na slovn\u00ed z\u00e1sobu, kterou m\u016f\u017eete vyu\u017e\u00edt v technick\u00e9 oblasti<\/li>\n<\/ul>\n\n\n<p><\/p>\n","protected":false},"excerpt":{"rendered":"<p>V\u00fdhodn\u00fd pack &#8211; Specializovan\u00e1 ru\u0161tina obsahuje kurzy Obchodn\u00ed ru\u0161tina \u00a0A1 -B1, Ru\u0161tina na cesty A1 -B1 a Technick\u00e1 ru\u0161tina A1 \u2013 B1<\/p>\n","protected":false},"featured_media":332,"comment_status":"open","ping_status":"open","template":"","meta":{"_acf_changed":false,"inline_featured_image":false,"_sitemap_exclude":false,"_sitemap_priority":"","_sitemap_frequency":""},"product_brand":[],"product_cat":[139,226],"product_tag":[],"class_list":{"0":"post-331","1":"product","2":"type-product","3":"status-publish","4":"has-post-thumbnail","6":"product_cat-vyhodny-balicek","7":"product_cat-rustina-vyhodny-balicek","8":"pa_delka-22-hodin-22-minut","9":"pa_format-mp3-ke-stazeni","10":"pa_jazykova-uroven-a1","11":"pa_jazykova-uroven-a1-a2","12":"pa_jazykova-uroven-a2","13":"pa_jazykova-uroven-a2-b1","14":"pa_jazykova-uroven-b1","15":"pa_jazykova-uroven-b1-b2","17":"first","18":"instock","19":"downloadable","20":"virtual","21":"purchasable","22":"product-type-simple"},"acf":[],"_links":{"self":[{"href":"https:\/\/audioacademyeu.eu\/cs\/wp-json\/wp\/v2\/product\/331","targetHints":{"allow":["GET"]}}],"collection":[{"href":"https:\/\/audioacademyeu.eu\/cs\/wp-json\/wp\/v2\/product"}],"about":[{"href":"https:\/\/audioacademyeu.eu\/cs\/wp-json\/wp\/v2\/types\/product"}],"replies":[{"embeddable":true,"href":"https:\/\/audioacademyeu.eu\/cs\/wp-json\/wp\/v2\/comments?post=331"}],"wp:featuredmedia":[{"embeddable":true,"href":"https:\/\/audioacademyeu.eu\/cs\/wp-json\/wp\/v2\/media\/332"}],"wp:attachment":[{"href":"https:\/\/audioacademyeu.eu\/cs\/wp-json\/wp\/v2\/media?parent=331"}],"wp:term":[{"taxonomy":"product_brand","embeddable":true,"href":"https:\/\/audioacademyeu.eu\/cs\/wp-json\/wp\/v2\/product_brand?post=331"},{"taxonomy":"product_cat","embeddable":true,"href":"https:\/\/audioacademyeu.eu\/cs\/wp-json\/wp\/v2\/product_cat?post=331"},{"taxonomy":"product_tag","embeddable":true,"href":"https:\/\/audioacademyeu.eu\/cs\/wp-json\/wp\/v2\/product_tag?post=331"}],"curies":[{"name":"wp","href":"https:\/\/api.w.org\/{rel}","templated":true}]}}