
{"id":329,"date":"2025-05-28T07:48:37","date_gmt":"2025-05-28T05:48:37","guid":{"rendered":"https:\/\/audioacademyeu.eu\/cz\/produkt\/pack-rustina-slovicka\/"},"modified":"2025-11-16T20:52:26","modified_gmt":"2025-11-16T19:52:26","slug":"pack-rustina-slovicka","status":"publish","type":"product","link":"https:\/\/audioacademyeu.eu\/cs\/item\/pack-rustina-slovicka\/","title":{"rendered":"Pack &#8211; Ru\u0161tina slov\u00ed\u010dka"},"content":{"rendered":"<ul>\n<li>Kurz Ru\u0161tina pro za\u010d\u00e1te\u010dn\u00edky A1_A2 je ur\u010den pro \u00fapln\u00e9 i fale\u0161n\u00e9 za\u010d\u00e1te\u010dn\u00edky, tak\u017ee pokud jste se rusky u\u010dili p\u0159ed n\u011bjakou dobou a chcete si z\u00e1klady d\u016fkladn\u011b zopakovat, je ur\u010den pr\u00e1v\u011b pro v\u00e1s.<\/li>\n<li>Kurz Ru\u0161tina \u2013 slovn\u00ed z\u00e1soba B1 \u010d\u00e1st 1 je ur\u010den pro m\u00edrn\u011b a\u017e st\u0159edn\u011b pokro\u010dil\u00e9, tak\u017ee pro jeho nejlep\u0161\u00ed vyu\u017eit\u00ed byste m\u011bli m\u00edt za sebou jeden a\u017e dva roky v\u00fduky ru\u0161tiny\u00a0 a osvojen\u00e9 jej\u00ed z\u00e1klady.<\/li>\n<li>Kurz Ru\u0161tina \u2013 slovn\u00ed z\u00e1soba B1 \u010d\u00e1st 2 je ur\u010den pro m\u00edrn\u011b a\u017e st\u0159edn\u011b pokro\u010dil\u00e9, tak\u017ee pro jeho nejlep\u0161\u00ed vyu\u017eit\u00ed byste m\u011bli m\u00edt za sebou jeden a\u017e dva roky v\u00fduky ru\u0161tiny\u00a0 a osvojen\u00e9 jej\u00ed z\u00e1klady.<\/li>\n<\/ul>\n","protected":false},"excerpt":{"rendered":"<p>V\u00fdhodn\u00fd bal\u00ed\u010dek slov\u00ed\u010dek ru\u0161tiny &#8211; Ru\u0161tina pro za\u010d\u00e1te\u010dn\u00edky A1_A2, Kurz Ru\u0161tina \u2013 slovn\u00ed z\u00e1soba B1 \u010d\u00e1st 1 a \u010d\u00e1st 2<\/p>\n","protected":false},"featured_media":330,"comment_status":"open","ping_status":"open","template":"","meta":{"_acf_changed":false,"inline_featured_image":false,"_sitemap_exclude":false,"_sitemap_priority":"","_sitemap_frequency":""},"product_brand":[],"product_cat":[139,226],"product_tag":[],"class_list":{"0":"post-329","1":"product","2":"type-product","3":"status-publish","4":"has-post-thumbnail","6":"product_cat-vyhodny-balicek","7":"product_cat-rustina-vyhodny-balicek","8":"pa_delka-44-hodin-29-minut","9":"pa_format-mp3-ke-stazeni","10":"pa_jazykova-uroven-a1","11":"pa_jazykova-uroven-a1-a2","12":"pa_jazykova-uroven-a2","13":"pa_jazykova-uroven-a2-b1","14":"pa_jazykova-uroven-b1","15":"pa_jazykova-uroven-b1-b2","17":"first","18":"instock","19":"downloadable","20":"virtual","21":"purchasable","22":"product-type-simple"},"acf":[],"_links":{"self":[{"href":"https:\/\/audioacademyeu.eu\/cs\/wp-json\/wp\/v2\/product\/329","targetHints":{"allow":["GET"]}}],"collection":[{"href":"https:\/\/audioacademyeu.eu\/cs\/wp-json\/wp\/v2\/product"}],"about":[{"href":"https:\/\/audioacademyeu.eu\/cs\/wp-json\/wp\/v2\/types\/product"}],"replies":[{"embeddable":true,"href":"https:\/\/audioacademyeu.eu\/cs\/wp-json\/wp\/v2\/comments?post=329"}],"wp:featuredmedia":[{"embeddable":true,"href":"https:\/\/audioacademyeu.eu\/cs\/wp-json\/wp\/v2\/media\/330"}],"wp:attachment":[{"href":"https:\/\/audioacademyeu.eu\/cs\/wp-json\/wp\/v2\/media?parent=329"}],"wp:term":[{"taxonomy":"product_brand","embeddable":true,"href":"https:\/\/audioacademyeu.eu\/cs\/wp-json\/wp\/v2\/product_brand?post=329"},{"taxonomy":"product_cat","embeddable":true,"href":"https:\/\/audioacademyeu.eu\/cs\/wp-json\/wp\/v2\/product_cat?post=329"},{"taxonomy":"product_tag","embeddable":true,"href":"https:\/\/audioacademyeu.eu\/cs\/wp-json\/wp\/v2\/product_tag?post=329"}],"curies":[{"name":"wp","href":"https:\/\/api.w.org\/{rel}","templated":true}]}}