
{"id":310,"date":"2025-05-28T07:48:37","date_gmt":"2025-05-28T05:48:37","guid":{"rendered":"https:\/\/audioacademyeu.eu\/cz\/produkt\/pack-anglictina-pro-pokrocile\/"},"modified":"2025-11-16T20:52:15","modified_gmt":"2025-11-16T19:52:15","slug":"pack-anglictina-pro-pokrocile","status":"publish","type":"product","link":"https:\/\/audioacademyeu.eu\/cs\/item\/pack-anglictina-pro-pokrocile\/","title":{"rendered":"Pack &#8211; Angli\u010dtina pro pokro\u010dil\u00e9"},"content":{"rendered":"<ul>\n<li>Kurz Anglick\u00e1 gramatika B2 je ur\u010den pro pokro\u010dil\u00e9, tedy ty, kte\u0159\u00ed maj\u00ed za sebou t\u0159i a\u017e \u010dty\u0159i roky studia angli\u010dtiny a voln\u011b navazuje na p\u0159edchoz\u00ed kurzy Anglick\u00e1 gramatika A1,A2 a Anglick\u00e1 gramatika B1.<\/li>\n<li>Kurz Angli\u010dtina &#8211; slov\u00ed\u010dka pro pokro\u010dil\u00e9 B2 je ur\u010den pro pokro\u010dil\u00e9 u\u017eivatele. Jeho pou\u017e\u00edv\u00e1n\u00edm si roz\u0161\u00ed\u0159\u00edte pokro\u010dilej\u0161\u00ed slovn\u00ed z\u00e1sobu a upevn\u00edte nebo roz\u0161\u00ed\u0159\u00edte znalosti slo\u017eit\u011bj\u0161\u00edch gramatick\u00fdch t\u00e9mat.<\/li>\n<li>Kurz Angli\u010dtina &#8211; slov\u00ed\u010dka C1\/C2. Kurz je ur\u010den pro pokro\u010dil\u00e9 u\u017eivatele., kte\u0159\u00ed b\u011b\u017en\u011b komunikuj\u00ed a cht\u011bj\u00ed si roz\u0161\u00ed\u0159it slovn\u00ed z\u00e1sobu.<\/li>\n<\/ul>\n","protected":false},"excerpt":{"rendered":"<p>V\u00fdhodn\u00fd pack &#8211; Anglick\u00e1 gramatika B2, Angli\u010dtina &#8211; slov\u00ed\u010dka pro pokro\u010dil\u00e9 B2, Angli\u010dtina &#8211; slov\u00ed\u010dka C1\/C2<\/p>\n","protected":false},"featured_media":311,"comment_status":"open","ping_status":"open","template":"","meta":{"_acf_changed":false,"inline_featured_image":false,"_sitemap_exclude":false,"_sitemap_priority":"","_sitemap_frequency":""},"product_brand":[],"product_cat":[139,140],"product_tag":[],"class_list":{"0":"post-310","1":"product","2":"type-product","3":"status-publish","4":"has-post-thumbnail","6":"product_cat-vyhodny-balicek","7":"product_cat-anglictina-vyhodny-balicek","8":"pa_delka-25-hodin-11-minut","9":"pa_format-mp3-ke-stazeni","10":"pa_jazykova-uroven-b1-b2","11":"pa_jazykova-uroven-b2","12":"pa_jazykova-uroven-b2-c1","13":"pa_jazykova-uroven-c1","14":"pa_jazykova-uroven-c1-c2","15":"pa_jazykova-uroven-c2","17":"first","18":"instock","19":"downloadable","20":"virtual","21":"purchasable","22":"product-type-simple"},"acf":[],"_links":{"self":[{"href":"https:\/\/audioacademyeu.eu\/cs\/wp-json\/wp\/v2\/product\/310","targetHints":{"allow":["GET"]}}],"collection":[{"href":"https:\/\/audioacademyeu.eu\/cs\/wp-json\/wp\/v2\/product"}],"about":[{"href":"https:\/\/audioacademyeu.eu\/cs\/wp-json\/wp\/v2\/types\/product"}],"replies":[{"embeddable":true,"href":"https:\/\/audioacademyeu.eu\/cs\/wp-json\/wp\/v2\/comments?post=310"}],"wp:featuredmedia":[{"embeddable":true,"href":"https:\/\/audioacademyeu.eu\/cs\/wp-json\/wp\/v2\/media\/311"}],"wp:attachment":[{"href":"https:\/\/audioacademyeu.eu\/cs\/wp-json\/wp\/v2\/media?parent=310"}],"wp:term":[{"taxonomy":"product_brand","embeddable":true,"href":"https:\/\/audioacademyeu.eu\/cs\/wp-json\/wp\/v2\/product_brand?post=310"},{"taxonomy":"product_cat","embeddable":true,"href":"https:\/\/audioacademyeu.eu\/cs\/wp-json\/wp\/v2\/product_cat?post=310"},{"taxonomy":"product_tag","embeddable":true,"href":"https:\/\/audioacademyeu.eu\/cs\/wp-json\/wp\/v2\/product_tag?post=310"}],"curies":[{"name":"wp","href":"https:\/\/api.w.org\/{rel}","templated":true}]}}