
{"id":306,"date":"2025-05-28T07:48:37","date_gmt":"2025-05-28T05:48:37","guid":{"rendered":"https:\/\/audioacademyeu.eu\/cz\/produkt\/nemcina-slovicka-pro-pokrocile-c2\/"},"modified":"2025-11-16T20:52:03","modified_gmt":"2025-11-16T19:52:03","slug":"nemcina-slovicka-pro-pokrocile-c2","status":"publish","type":"product","link":"https:\/\/audioacademyeu.eu\/cs\/item\/nemcina-slovicka-pro-pokrocile-c2\/","title":{"rendered":"N\u011bm\u010dina &#8211; slov\u00ed\u010dka pro pokro\u010dil\u00e9 C2"},"content":{"rendered":"<p>Kurz N\u011bm\u010dina &#8211; slov\u00ed\u010dka pro pokro\u010dil\u00e9 C2 je ur\u010den pro pokro\u010dil\u00e9 u\u017eivatele, kte\u0159\u00ed ji\u017e n\u011bmecky\u00a0 standardn\u011b komunikuj\u00ed a cht\u011bj\u00ed si roz\u0161\u00ed\u0159it svoji slovn\u00ed z\u00e1sobu.<\/p>\n<p>Kurz je zalo\u017een na kontextov\u00e9m u\u010den\u00ed, to znamen\u00e1, \u017ee se nebudete u\u010dit a opakovat jen slov\u00ed\u010dka, ale i<br \/>\nv\u011bty, ve kter\u00fdch m\u016f\u017eete dan\u00e1 slov\u00ed\u010dka pou\u017e\u00edt. V tomto kurzu najdete celkem 1 800 slov\u00ed\u010dek a procvi\u010dovac\u00edch v\u011bt.<\/p>\n<p>Jednotliv\u00e9 lekce jsou rozd\u011bleny podle t\u00e9mat, p\u0159i\u010dem\u017e ka\u017ed\u00e9 obsahuje jin\u00fd po\u010det slov\u00ed\u010dek a v\u011bt. \u00darove\u0148 C2 je nejpokro\u010dilej\u0161\u00ed mo\u017en\u00e1. Slov\u00ed\u010dka obsa\u017een\u00e1 v kurzu proto pat\u0159\u00ed do \u00farovn\u011b nejvy\u0161\u0161\u00ed pokro\u010dilosti jsou rozd\u011blena do kategori\u00ed aktivity, p\u0159\u00edslov\u00ed, podstatn\u00e1 jm\u00e9na a p\u0159\u00eddavn\u00e1 jm\u00e9na\/vlastnosti.<\/p>\n","protected":false},"excerpt":{"rendered":"<p>Kurz N\u011bm\u010dina &#8211; slov\u00ed\u010dka pro pokro\u010dil\u00e9 C2 je ur\u010den pro pokro\u010dil\u00e9 u\u017eivatele, kte\u0159\u00ed ji\u017e n\u011bmecky\u00a0 standardn\u011b komunikuj\u00ed a cht\u011bj\u00ed si roz\u0161\u00ed\u0159it svoji slovn\u00ed z\u00e1sobu.<\/p>\n","protected":false},"featured_media":307,"comment_status":"open","ping_status":"open","template":"","meta":{"_acf_changed":false,"inline_featured_image":false,"_sitemap_exclude":false,"_sitemap_priority":"","_sitemap_frequency":""},"product_brand":[],"product_cat":[63,64],"product_tag":[],"class_list":{"0":"post-306","1":"product","2":"type-product","3":"status-publish","4":"has-post-thumbnail","6":"product_cat-nemcina","7":"product_cat-vseobecna-nemcina","8":"pa_delka-12-hodin-55-minut","9":"pa_format-mp3-ke-stazeni","10":"pa_jazykova-uroven-b2-c1","11":"pa_jazykova-uroven-c1","12":"pa_jazykova-uroven-c1-c2","13":"pa_jazykova-uroven-c2","15":"first","16":"instock","17":"downloadable","18":"virtual","19":"purchasable","20":"product-type-simple"},"acf":[],"_links":{"self":[{"href":"https:\/\/audioacademyeu.eu\/cs\/wp-json\/wp\/v2\/product\/306","targetHints":{"allow":["GET"]}}],"collection":[{"href":"https:\/\/audioacademyeu.eu\/cs\/wp-json\/wp\/v2\/product"}],"about":[{"href":"https:\/\/audioacademyeu.eu\/cs\/wp-json\/wp\/v2\/types\/product"}],"replies":[{"embeddable":true,"href":"https:\/\/audioacademyeu.eu\/cs\/wp-json\/wp\/v2\/comments?post=306"}],"wp:featuredmedia":[{"embeddable":true,"href":"https:\/\/audioacademyeu.eu\/cs\/wp-json\/wp\/v2\/media\/307"}],"wp:attachment":[{"href":"https:\/\/audioacademyeu.eu\/cs\/wp-json\/wp\/v2\/media?parent=306"}],"wp:term":[{"taxonomy":"product_brand","embeddable":true,"href":"https:\/\/audioacademyeu.eu\/cs\/wp-json\/wp\/v2\/product_brand?post=306"},{"taxonomy":"product_cat","embeddable":true,"href":"https:\/\/audioacademyeu.eu\/cs\/wp-json\/wp\/v2\/product_cat?post=306"},{"taxonomy":"product_tag","embeddable":true,"href":"https:\/\/audioacademyeu.eu\/cs\/wp-json\/wp\/v2\/product_tag?post=306"}],"curies":[{"name":"wp","href":"https:\/\/api.w.org\/{rel}","templated":true}]}}