
{"id":288,"date":"2025-05-28T07:48:37","date_gmt":"2025-05-28T05:48:37","guid":{"rendered":"https:\/\/audioacademyeu.eu\/cz\/produkt\/spanelska-slovicka-c1-c2\/"},"modified":"2025-11-16T20:51:52","modified_gmt":"2025-11-16T19:51:52","slug":"spanelska-slovicka-c1-c2","status":"publish","type":"product","link":"https:\/\/audioacademyeu.eu\/cs\/item\/spanelska-slovicka-c1-c2\/","title":{"rendered":"\u0160pan\u011blsk\u00e1 slov\u00ed\u010dka C1, C2"},"content":{"rendered":"<p>Kurz \u0160pan\u011blsk\u00e1 slov\u00ed\u010dka C1, C2 je ur\u010den pro pokro\u010dil\u00e9 u\u017eivatele, kte\u0159\u00ed ji\u017e \u0161pan\u011blsky standardn\u011b\u00a0 komunikuj\u00ed.<\/p>\n<p>Kurz je zalo\u017een na kontextov\u00e9m u\u010den\u00ed, to znamen\u00e1, \u017ee se nebudete u\u010dit a opakovat jen slov\u00ed\u010dka, ale i v\u011bty, ve kter\u00fdch m\u016f\u017eete dan\u00e1 slov\u00ed\u010dka pou\u017e\u00edt. V tomto kurzu najdete celkem 1 700 slov\u00ed\u010dek a procvi\u010dovac\u00edch v\u011bt.<\/p>\n<p>Jednotliv\u00e9 lekce jsou rozd\u011bleny podle t\u00e9mat, p\u0159i\u010dem\u017e ka\u017ed\u00e9 obsahuje jin\u00fd po\u010det slov\u00ed\u010dek a v\u011bt. \u00darove\u0148 C1, C2 je nejpokro\u010dilej\u0161\u00ed mo\u017en\u00e1. Slov\u00ed\u010dka obsa\u017een\u00e1 v kurzu proto pat\u0159\u00ed do \u00farovn\u011b nejvy\u0161\u0161\u00ed pokro\u010dilosti jsou rozd\u011blena do kategori\u00ed aktivity, p\u0159\u00edslov\u00ed, podstatn\u00e1 jm\u00e9na a p\u0159\u00eddavn\u00e1 jm\u00e9na. Po jejich nau\u010den\u00ed se proto budete nejen schopni se mnohem l\u00e9pe vyj\u00e1d\u0159it, ale tak\u00e9 l\u00e9pe porozum\u00edte nezjednodu\u0161en\u00e9mu psan\u00e9mu i mluven\u00e9mu slovu<\/p>\n<p>Jak s kurzem nejl\u00e9pe pracovat? Zvolte si lekci, kterou chcete za\u010d\u00edt. Ka\u017ed\u00e1 lekce obsahuje \u0161est stop. Nejprve se u ka\u017ed\u00e9 lekce seznamte se samotn\u00fdmi slov\u00ed\u010dky (stopa 1 a 2). D\u00e1le m\u00e1te k dispozici slov\u00ed\u010dko n\u00e1sledovan\u00e9 p\u0159\u00edkladovou v\u011btou, op\u011bt v obou variant\u00e1ch p\u0159ekladu (stopa 3 a 4). Pot\u00e9 p\u0159ech\u00e1z\u00edte na cel\u00e9 v\u011bty (stopa 5 a 6). Jakmile budete zvl\u00e1dat p\u0159ekl\u00e1dat v\u011bty ze \u0161pan\u011bl\u0161tiny do \u010de\u0161tiny (lekce 6) v \u010dasov\u00e9 pauze p\u0159ed \u010desk\u00fdm p\u0159ekladem, tak jste vyhr\u00e1li. Samotn\u00e1 slov\u00ed\u010dka V\u00e1m pomohou p\u0159i pochopen\u00ed smyslu, ale pomoc\u00ed osvojen\u00fdch cel\u00fdch v\u011bt budete komunikovat mnohem l\u00e9pe.<\/p>\n<p>U ka\u017ed\u00e9ho bloku plat\u00ed, \u017ee jakmile zvl\u00e1dnete poslech ze \u0161pan\u011bl\u0161tiny do \u010de\u0161tiny (lekce 1, 3, 5 \u2013 cvi\u010den\u00ed poslouchejte) p\u0159ech\u00e1z\u00edte na p\u0159eklad z \u010de\u0161tiny do \u0161pan\u011bl\u0161tiny (lekce 2,4,6 \u2013 cvi\u010den\u00ed p\u0159elo\u017ete). V r\u00e1mci jedn\u00e9 lekce nemus\u00edte pracovat se v\u0161emi stopami, m\u016f\u017eete se v\u00edce v\u011bnovat takov\u00e9mu poslechu, kter\u00fd v\u00e1m nejv\u00edce vyhovuje. Doporu\u010duji ale poslechnout si v\u0161echny stopy dan\u00e9 lekce minim\u00e1ln\u011b jednou.<\/p>\n","protected":false},"excerpt":{"rendered":"<p>Kurz \u0160pan\u011blsk\u00e1 slov\u00ed\u010dka C1, C2 je ur\u010den pro pokro\u010dil\u00e9 u\u017eivatele, kte\u0159\u00ed ji\u017e \u0161pan\u011blsky standardn\u011b\u00a0 komunikuj\u00ed.<\/p>\n","protected":false},"featured_media":289,"comment_status":"open","ping_status":"open","template":"","meta":{"_acf_changed":false,"inline_featured_image":false,"_sitemap_exclude":false,"_sitemap_priority":"","_sitemap_frequency":""},"product_brand":[],"product_cat":[151,152],"product_tag":[],"class_list":{"0":"post-288","1":"product","2":"type-product","3":"status-publish","4":"has-post-thumbnail","6":"product_cat-spanelstina","7":"product_cat-vseobecna-spanelstina","8":"pa_delka-12-hodin-39-minut","9":"pa_format-mp3-ke-stazeni","10":"pa_jazykova-uroven-b2-c1","11":"pa_jazykova-uroven-c1","13":"first","14":"instock","15":"downloadable","16":"virtual","17":"purchasable","18":"product-type-simple"},"acf":[],"_links":{"self":[{"href":"https:\/\/audioacademyeu.eu\/cs\/wp-json\/wp\/v2\/product\/288","targetHints":{"allow":["GET"]}}],"collection":[{"href":"https:\/\/audioacademyeu.eu\/cs\/wp-json\/wp\/v2\/product"}],"about":[{"href":"https:\/\/audioacademyeu.eu\/cs\/wp-json\/wp\/v2\/types\/product"}],"replies":[{"embeddable":true,"href":"https:\/\/audioacademyeu.eu\/cs\/wp-json\/wp\/v2\/comments?post=288"}],"wp:featuredmedia":[{"embeddable":true,"href":"https:\/\/audioacademyeu.eu\/cs\/wp-json\/wp\/v2\/media\/289"}],"wp:attachment":[{"href":"https:\/\/audioacademyeu.eu\/cs\/wp-json\/wp\/v2\/media?parent=288"}],"wp:term":[{"taxonomy":"product_brand","embeddable":true,"href":"https:\/\/audioacademyeu.eu\/cs\/wp-json\/wp\/v2\/product_brand?post=288"},{"taxonomy":"product_cat","embeddable":true,"href":"https:\/\/audioacademyeu.eu\/cs\/wp-json\/wp\/v2\/product_cat?post=288"},{"taxonomy":"product_tag","embeddable":true,"href":"https:\/\/audioacademyeu.eu\/cs\/wp-json\/wp\/v2\/product_tag?post=288"}],"curies":[{"name":"wp","href":"https:\/\/api.w.org\/{rel}","templated":true}]}}