
{"id":266,"date":"2025-05-28T07:47:54","date_gmt":"2025-05-28T05:47:54","guid":{"rendered":"https:\/\/audioacademyeu.eu\/cz\/produkt\/obchodni-rustina-a1-b1\/"},"modified":"2025-11-16T20:53:04","modified_gmt":"2025-11-16T19:53:04","slug":"obchodni-rustina-a1-b1","status":"publish","type":"product","link":"https:\/\/audioacademyeu.eu\/cs\/item\/obchodni-rustina-a1-b1\/","title":{"rendered":"Obchodn\u00ed ru\u0161tina A1 &#8211; B1"},"content":{"rendered":"<p>Kurz Obchodn\u00ed ru\u0161tina \u00a0A1 -B1 je ur\u010den pro za\u010d\u00e1te\u010dn\u00edky a\u017e st\u0159edn\u011b pokro\u010dil\u00e9 a zam\u011b\u0159uje se na slovn\u00ed z\u00e1sobu, kterou m\u016f\u017eete vyu\u017e\u00edt v pr\u00e1ci i p\u0159i obchodn\u00edm kontaktu se zahrani\u010dn\u00edmi partnery<\/p>\n<p>Kurz je zalo\u017een na kontextov\u00e9m u\u010den\u00ed, to znamen\u00e1, \u017ee se nebudete u\u010dit jen slov\u00ed\u010dka, ale i v\u011bty, ve kter\u00fdch m\u016f\u017eete dan\u00e1 slov\u00ed\u010dka pou\u017e\u00edt. V\u00a0tomto kurzu najdete celkem 1\u00a0100 slov\u00ed\u010dek a procvi\u010dovac\u00edch v\u011bt.<\/p>\n<p><strong>Kurz obsahuje rovn\u011b\u017e \u010d\u00e1st, kde se m\u016f\u017eete nau\u010dit \u010d\u00edst ruskou abeced \u2013 azbuku \u2013 nebo si ji d\u016fkladn\u011b zopakovat.<\/strong><\/p>\n<p>Jednotliv\u00e9 lekce jsou rozd\u011bleny podle t\u00e9mat <strong>aktivity, administrativa, finance, komunikace, marketing+prezentace, v\u00fdroba+vlastnosti a profese + zam\u011bstnanci.\u00a0 <\/strong>Obsahuj\u00ed slov\u00ed\u010dka a p\u0159\u00edkladov\u00e9 v\u011bty, d\u00edky kter\u00fdm budete l\u00e9pe komunikovat p\u0159i komunikaci s\u00a0obchodn\u00edmi partnery v zahrani\u010d\u00ed. Z\u00e1rove\u0148 si zvl\u00e1dnut\u00edm tohoto kurzu zopakujete ru\u0161tinu od za\u010d\u00e1tku do \u00farovn\u011b B1.<\/p>\n<p>Jak s\u00a0kurzem nejl\u00e9pe pracovat? Zvolte si lekci, kterou chcete za\u010d\u00edt. Ka\u017ed\u00e1 lekce obsahuje \u0161est stop. Nejprve se u ka\u017ed\u00e9 lekce seznamte se samotn\u00fdmi slov\u00ed\u010dky (stopa 1 a 2). D\u00e1le m\u00e1te k\u00a0dispozici slov\u00ed\u010dko n\u00e1sledovan\u00e9 p\u0159\u00edkladovou v\u011btou, op\u011bt v\u00a0obou variant\u00e1ch p\u0159ekladu (stopa 3 a 4).\u00a0 Pot\u00e9 p\u0159ech\u00e1z\u00edte na cel\u00e9 v\u011bty (stopa 5 a 6). Jakmile budete zvl\u00e1dat p\u0159ekl\u00e1dat v\u011bty z\u00a0ru\u0161tiny do \u010de\u0161tiny (lekce 6) v\u00a0\u010dasov\u00e9 pauze p\u0159ed \u010desk\u00fdm p\u0159ekladem, tak jste vyhr\u00e1li. Samotn\u00e1 slov\u00ed\u010dka V\u00e1m pomohou p\u0159i pochopen\u00ed smyslu, ale pomoc\u00ed osvojen\u00fdch cel\u00fdch v\u011bt budete komunikovat mnohem l\u00e9pe.<\/p>\n<p>U ka\u017ed\u00e9ho bloku plat\u00ed, \u017ee jakmile zvl\u00e1dnete poslech z\u00a0ru\u0161tiny do \u010de\u0161tiny (lekce 1, 3, 5 \u2013 cvi\u010den\u00ed poslouchejte) p\u0159ech\u00e1z\u00edte na p\u0159eklad z\u00a0\u010de\u0161tiny do ru\u0161tiny (lekce 2,4,6 \u2013 cvi\u010den\u00ed p\u0159elo\u017ete).<\/p>\n<p>Ke kurzu si m\u016f\u017eete zdarma st\u00e1hnout skripta, d\u00edky nim\u017e budou va\u0161e aktivity s\u00a0kurzem mnohem efektivn\u011bj\u0161\u00ed. Najdete \u00a0v\u00a0nich n\u00e1vod k\u00a0u\u010den\u00ed spolu s\u00a0u\u017eite\u010dn\u00fdmi tipy, jak v\u00fduku zefektivnit, v\u00fdukov\u00fd pl\u00e1n, do n\u011bj\u017e si m\u016f\u017eete zaznamen\u00e1vat sv\u00e9 pokroky, seznam stop k\u00a0poslechu (kdybyste n\u00e1hodou n\u011b\u010demu nerozum\u011bli), ale i oboustrann\u00e9 karti\u010dky, d\u00edky nim\u017e se m\u016f\u017eete u\u010dit a opakovat i tehdy, kdy\u017e pr\u00e1v\u011b nem\u016f\u017eete poslouchat. Pro ty, kte\u0159\u00ed se r\u00e1di zkou\u0161\u00ed, je v\u00a0ka\u017ed\u00e9 lekci p\u0159ipraven p\u0159ekladov\u00fd test s\u00a0kl\u00ed\u010dem obsahuj\u00edc\u00edm spr\u00e1vn\u00e9 odpov\u011bdi.<\/p>\n<p>&nbsp;<\/p>\n","protected":false},"excerpt":{"rendered":"<p>Kurz Obchodn\u00ed ru\u0161tina \u00a0A1 -B1 je ur\u010den pro za\u010d\u00e1te\u010dn\u00edky a\u017e st\u0159edn\u011b pokro\u010dil\u00e9 a zam\u011b\u0159uje se na slovn\u00ed z\u00e1sobu, kterou m\u016f\u017eete vyu\u017e\u00edt v pr\u00e1ci i p\u0159i obchodn\u00edm kontaktu se zahrani\u010dn\u00edmi partnery<\/p>\n","protected":false},"featured_media":267,"comment_status":"open","ping_status":"open","template":"","meta":{"_acf_changed":false,"inline_featured_image":false,"_sitemap_exclude":false,"_sitemap_priority":"","_sitemap_frequency":""},"product_brand":[],"product_cat":[195,196],"product_tag":[],"class_list":{"0":"post-266","1":"product","2":"type-product","3":"status-publish","4":"has-post-thumbnail","6":"product_cat-rustina","7":"product_cat-specializovana-rustina","8":"pa_delka-194","9":"pa_format-mp3-ke-stazeni","10":"pa_jazykova-uroven-a1","11":"pa_jazykova-uroven-a1-a2","12":"pa_jazykova-uroven-a2","13":"pa_jazykova-uroven-a2-b1","14":"pa_jazykova-uroven-b1","15":"pa_jazykova-uroven-b1-b2","17":"first","18":"instock","19":"downloadable","20":"virtual","21":"purchasable","22":"product-type-simple"},"acf":[],"_links":{"self":[{"href":"https:\/\/audioacademyeu.eu\/cs\/wp-json\/wp\/v2\/product\/266","targetHints":{"allow":["GET"]}}],"collection":[{"href":"https:\/\/audioacademyeu.eu\/cs\/wp-json\/wp\/v2\/product"}],"about":[{"href":"https:\/\/audioacademyeu.eu\/cs\/wp-json\/wp\/v2\/types\/product"}],"replies":[{"embeddable":true,"href":"https:\/\/audioacademyeu.eu\/cs\/wp-json\/wp\/v2\/comments?post=266"}],"wp:featuredmedia":[{"embeddable":true,"href":"https:\/\/audioacademyeu.eu\/cs\/wp-json\/wp\/v2\/media\/267"}],"wp:attachment":[{"href":"https:\/\/audioacademyeu.eu\/cs\/wp-json\/wp\/v2\/media?parent=266"}],"wp:term":[{"taxonomy":"product_brand","embeddable":true,"href":"https:\/\/audioacademyeu.eu\/cs\/wp-json\/wp\/v2\/product_brand?post=266"},{"taxonomy":"product_cat","embeddable":true,"href":"https:\/\/audioacademyeu.eu\/cs\/wp-json\/wp\/v2\/product_cat?post=266"},{"taxonomy":"product_tag","embeddable":true,"href":"https:\/\/audioacademyeu.eu\/cs\/wp-json\/wp\/v2\/product_tag?post=266"}],"curies":[{"name":"wp","href":"https:\/\/api.w.org\/{rel}","templated":true}]}}