
{"id":264,"date":"2025-05-28T07:47:54","date_gmt":"2025-05-28T05:47:54","guid":{"rendered":"https:\/\/audioacademyeu.eu\/cz\/produkt\/zaklady-ukrajinstiny-a1-a2\/"},"modified":"2025-11-16T20:52:55","modified_gmt":"2025-11-16T19:52:55","slug":"zaklady-ukrajinstiny-a1-a2","status":"publish","type":"product","link":"https:\/\/audioacademyeu.eu\/cs\/item\/zaklady-ukrajinstiny-a1-a2\/","title":{"rendered":"Z\u00e1klady ukrajin\u0161tiny A1, A2"},"content":{"rendered":"<p>Kurz Z\u00e1klady ukrajin\u0161tiny A1,A2 je ur\u010den pro \u00fapln\u00e9 za\u010d\u00e1te\u010dn\u00edky, kte\u0159\u00ed se pot\u0159ebuj\u00ed dorozum\u011bt s ukrajinsky hovo\u0159\u00edc\u00edmi lidmi.<\/p>\n<p>Kurz je zalo\u017een na kontextov\u00e9m u\u010den\u00ed, to znamen\u00e1, \u017ee se nebudete u\u010dit jen slov\u00ed\u010dka, ale i v\u011bty, ve kter\u00fdch m\u016f\u017eete dan\u00e1 slov\u00ed\u010dka pou\u017e\u00edt. V tomto kurzu najdete celkem 1100 slov\u00ed\u010dek a procvi\u010dovac\u00edch v\u011bt.<\/p>\n<p>Jednotliv\u00e9 lekce jsou rozd\u011bleny podle t\u00e9mat, p\u0159i\u010dem\u017e ka\u017ed\u00e9 obsahuje jin\u00fd po\u010det slov\u00ed\u010dek a v\u011bt. Od \u00fapln\u00e9ho z\u00e1kladu p\u0159es aktivity, bydlen\u00ed, \u010d\u00edslovky, komunikaci, minidialogy a\u017e po rodinu a vlastnosti.<\/p>\n<p>Pokud neovl\u00e1d\u00e1te azbuku, bude pro v\u00e1s vstup do ukrajin\u0161tiny obt\u00ed\u017en\u011bj\u0161\u00ed ne\u017e pro ty, kte\u0159\u00ed se u\u010dili rusky. Na samotn\u00e9m za\u010d\u00e1tku kurzu proto najdete minikurz v\u00fduky ukrajinsk\u00e9 abecedy i s p\u0159\u00edkladov\u00fdmi slovy a fr\u00e1zemi<\/p>\n<p>Jak s kurzem nejl\u00e9pe pracovat? Zvolte si lekci, kterou chcete za\u010d\u00edt. Ka\u017ed\u00e1 lekce obsahuje \u0161est stop. Nejprve se u ka\u017ed\u00e9 lekce seznamte se samotn\u00fdmi slov\u00ed\u010dky (stopa 1 a 2). D\u00e1le m\u00e1te k dispozici slov\u00ed\u010dko n\u00e1sledovan\u00e9 p\u0159\u00edkladovou v\u011btou, op\u011bt v obou variant\u00e1ch p\u0159ekladu (stopa 3 a 4). Pot\u00e9 p\u0159ech\u00e1z\u00edte na cel\u00e9 v\u011bty (stopa 5 a 6). Jakmile budete zvl\u00e1dat p\u0159ekl\u00e1dat v\u011bty z \u010de\u0161tiny do ukrajin\u0161tiny (lekce 6) v \u010dasov\u00e9 pauze p\u0159ed ukrajinsk\u00fdm p\u0159ekladem, tak jste vyhr\u00e1li. Samotn\u00e1 slov\u00ed\u010dka V\u00e1m pomohou p\u0159i pochopen\u00ed smyslu, ale pomoc\u00ed osvojen\u00fdch cel\u00fdch v\u011bt budete komunikovat mnohem l\u00e9pe.<\/p>\n<p>Ke kurzu mate k dispozici zdarma skripta, d\u00edky nim\u017e budou va\u0161e aktivity s kurzem mnohem efektivn\u011bj\u0161\u00ed. Ve skriptech toti\u017e najdete krom\u011b v\u00fduky ukrajinsk\u00e9 abecedy take n\u00e1vod k u\u010den\u00ed spolu s u\u017eite\u010dn\u00fdmi tipy, jak v\u00fduku zefektivnit, v\u00fdukov\u00fd pl\u00e1n, do n\u011bj\u017e si m\u016f\u017eete zaznamen\u00e1vat sv\u00e9 pokroky, seznam stop k poslechu (kdybyste n\u00e1hodou n\u011b\u010demu nerozum\u011bli), ale i oboustrann\u00e9 karti\u010dky, d\u00edky nim\u017e se m\u016f\u017eete u\u010dit a opakovat i tehdy, kdy\u017e pr\u00e1v\u011b nem\u016f\u017eete poslouchat. Pro ty, kte\u0159\u00ed se r\u00e1di zkou\u0161\u00ed, je v ka\u017ed\u00e9 lekci p\u0159ipraven p\u0159ekladov\u00fd test s kl\u00ed\u010dem obsahuj\u00edc\u00edm spr\u00e1vn\u00e9 odpov\u011bdi. Hlasy, kter\u00e9 usly\u0161\u00edte, pat\u0159\u00ed Ann\u011b Makarenko a Alen\u011b Sas\u00ednov\u00e9.<\/p>\n<ul>\n<li>Lekce 01 &#8211; Z\u00e1klad<\/li>\n<li>Lekce 02 &#8211; Aktivity<\/li>\n<li>Lekce 03 &#8211; Bydlen\u00ed<\/li>\n<li>Lekce 04 &#8211; Cestov\u00e1n\u00ed<\/li>\n<li>Lekce 05 &#8211; \u010d\u00edslovky<\/li>\n<li>Lekce 06 &#8211; j\u00eddlo<\/li>\n<li>Lekce 07 &#8211; komunikace<\/li>\n<li>Lekce 08 &#8211; Minidialogy<\/li>\n<li>Lekce 09 &#8211; Nakupov\u00e1n\u00ed<\/li>\n<li>Lekce 10 &#8211; Rodina<\/li>\n<li>Lekce 11 &#8211; Vlastnosti<\/li>\n<\/ul>\n<p>H\u013ead\u00e1te slovensk\u00fa verziu kurzu? Sk\u00faste <a href=\"https:\/\/audioacademyeu.eu\/sk\/produkt\/ukrajincina-zakladna-komunikacia-a1-a2\/\">ukrajin\u010dina &#8211; z\u00e1kladn\u00e1 komunik\u00e1cia A1 &#8211; A2<\/a><\/p>\n","protected":false},"excerpt":{"rendered":"<p>Kurz Z\u00e1klady ukrajin\u0161tiny A1,A2 je ur\u010den pro \u00fapln\u00e9 za\u010d\u00e1te\u010dn\u00edky, kte\u0159\u00ed se pot\u0159ebuj\u00ed dorozum\u011bt s ukrajinsky hovo\u0159\u00edc\u00edmi lidmi.<\/p>\n","protected":false},"featured_media":265,"comment_status":"open","ping_status":"open","template":"","meta":{"_acf_changed":false,"inline_featured_image":false,"_sitemap_exclude":false,"_sitemap_priority":"","_sitemap_frequency":""},"product_brand":[],"product_cat":[193],"product_tag":[],"class_list":{"0":"post-264","1":"product","2":"type-product","3":"status-publish","4":"has-post-thumbnail","6":"product_cat-ukrajinstina","7":"pa_delka-8-hodin-56-minut","8":"pa_format-mp3-ke-stazeni","10":"first","11":"instock","12":"downloadable","13":"virtual","14":"purchasable","15":"product-type-simple"},"acf":[],"_links":{"self":[{"href":"https:\/\/audioacademyeu.eu\/cs\/wp-json\/wp\/v2\/product\/264","targetHints":{"allow":["GET"]}}],"collection":[{"href":"https:\/\/audioacademyeu.eu\/cs\/wp-json\/wp\/v2\/product"}],"about":[{"href":"https:\/\/audioacademyeu.eu\/cs\/wp-json\/wp\/v2\/types\/product"}],"replies":[{"embeddable":true,"href":"https:\/\/audioacademyeu.eu\/cs\/wp-json\/wp\/v2\/comments?post=264"}],"wp:featuredmedia":[{"embeddable":true,"href":"https:\/\/audioacademyeu.eu\/cs\/wp-json\/wp\/v2\/media\/265"}],"wp:attachment":[{"href":"https:\/\/audioacademyeu.eu\/cs\/wp-json\/wp\/v2\/media?parent=264"}],"wp:term":[{"taxonomy":"product_brand","embeddable":true,"href":"https:\/\/audioacademyeu.eu\/cs\/wp-json\/wp\/v2\/product_brand?post=264"},{"taxonomy":"product_cat","embeddable":true,"href":"https:\/\/audioacademyeu.eu\/cs\/wp-json\/wp\/v2\/product_cat?post=264"},{"taxonomy":"product_tag","embeddable":true,"href":"https:\/\/audioacademyeu.eu\/cs\/wp-json\/wp\/v2\/product_tag?post=264"}],"curies":[{"name":"wp","href":"https:\/\/api.w.org\/{rel}","templated":true}]}}