
{"id":258,"date":"2025-05-28T07:47:54","date_gmt":"2025-05-28T05:47:54","guid":{"rendered":"https:\/\/audioacademyeu.eu\/cz\/produkt\/polstina-na-dovolenou\/"},"modified":"2025-11-16T20:52:36","modified_gmt":"2025-11-16T19:52:36","slug":"polstina-na-dovolenou","status":"publish","type":"product","link":"https:\/\/audioacademyeu.eu\/cs\/item\/polstina-na-dovolenou\/","title":{"rendered":"Pol\u0161tina na dovolenou"},"content":{"rendered":"<p>D\u011bkujeme za z\u00e1jem o poslechov\u00fd kurz \u00a0Pol\u0161tiny na dovolenou. Kurz je ur\u010den pro za\u010d\u00e1te\u010dn\u00edky a\u017e st\u0159edn\u011b pokro\u010dil\u00e9 a zam\u011b\u0159uje se na slovn\u00ed z\u00e1sobu, kterou m\u016f\u017eete vyu\u017e\u00edt na dovolen\u00e9.<\/p>\n<p>Kurz je zalo\u017een na kontextov\u00e9m u\u010den\u00ed, to znamen\u00e1, \u017ee se nebudete u\u010dit jen slov\u00ed\u010dka, ale i v\u011bty, ve kter\u00fdch m\u016f\u017eete dan\u00e1 slov\u00ed\u010dka pou\u017e\u00edt. V\u00a0tomto kurzu najdete celkem 1\u00a0000 slov\u00ed\u010dek a procvi\u010dovac\u00edch v\u011bt.<\/p>\n<p>Jednotliv\u00e9 lekce jsou rozd\u011bleny podle t\u00e9mat <strong>cestov\u00e1n\u00ed autem, cestov\u00e1n\u00ed letadlem, destinace, v\u00a0hotelu, v\u00a0restauraci, na n\u00e1kupech a p\u0159i komunikaci<\/strong>.\u00a0 Nejedn\u00e1 se ani tak o fr\u00e1ze, kter\u00e9 m\u016f\u017eete na dovolen\u00e9 pot\u0159ebovat, ale sp\u00ed\u0161e o zopakov\u00e1n\u00ed komunika\u010dn\u00ed pol\u0161tiny v\u00a0\u00farovni A1 \u2013 B1 p\u0159i p\u0159\u00edprav\u011b na dovolenou. M\u016f\u017eete tak spojit p\u0159\u00edjemn\u00e9 s\u00a0u\u017eite\u010dn\u00fdm.<\/p>\n<p>Jak s\u00a0kurzem nejl\u00e9pe pracovat? Zvolte si lekci, kterou chcete za\u010d\u00edt. Ka\u017ed\u00e1 lekce obsahuje \u0161est stop. Nejprve se u ka\u017ed\u00e9 lekce seznamte se samotn\u00fdmi slov\u00ed\u010dky (stopa 1 a 2). D\u00e1le m\u00e1te k\u00a0dispozici slov\u00ed\u010dko n\u00e1sledovan\u00e9 p\u0159\u00edkladovou v\u011btou, op\u011bt v\u00a0obou variant\u00e1ch p\u0159ekladu (stopa 3 a 4).\u00a0 Pot\u00e9 p\u0159ech\u00e1z\u00edte na cel\u00e9 v\u011bty (stopa 5 a 6). Jakmile budete zvl\u00e1dat p\u0159ekl\u00e1dat v\u011bty z\u00a0\u010de\u0161tiny do pol\u0161tiny (lekce 6) v\u00a0\u010dasov\u00e9 pauze p\u0159ed polsk\u00fdm p\u0159ekladem, tak jste vyhr\u00e1li. Samotn\u00e1 slov\u00ed\u010dka V\u00e1m pomohou p\u0159i pochopen\u00ed smyslu, ale pomoc\u00ed osvojen\u00fdch cel\u00fdch v\u011bt budete komunikovat mnohem l\u00e9pe<\/p>\n<p>U ka\u017ed\u00e9ho bloku plat\u00ed, \u017ee jakmile zvl\u00e1dnete poslech z\u00a0pol\u0161tiny do \u010de\u0161tiny (lekce 1, 3, 5 \u2013 cvi\u010den\u00ed poslouchejte) p\u0159ech\u00e1z\u00edte na p\u0159eklad z\u00a0\u010de\u0161tiny do pol\u0161tiny( lekce 2,4,6 \u2013 cvi\u010den\u00ed p\u0159elo\u017ete).<\/p>\n<p>V kurzu najdete n\u00e1sleduj\u00edc\u00ed okruhy a t\u00e9mata:<\/p>\n<ul>\n<li>Lekce 001- cestujeme autem a vlakem<\/li>\n<li>Lekce 002 &#8211; cestujeme letadlem<\/li>\n<li>Lekce 003 cestujeme do r\u016fzn\u00fdch zem\u00ed<\/li>\n<li>Lekce 004 jsme v hotelu<\/li>\n<li>Lekce 005 jsme v restauraci<\/li>\n<li>Lekce 006 jsme na v\u00fdlet\u011b<\/li>\n<li>Lekce 007 nakupujeme<\/li>\n<li>Lekce 008 pov\u00edd\u00e1me si<\/li>\n<\/ul>\n<p>Ke kurzu m\u00e1te k dispozici zdarma skripta v pdf, d\u00edky kter\u00fdm z\u00edsk\u00e1te mnohem \u0161ir\u0161\u00ed mo\u017enosti vyu\u017eit\u00ed cel\u00e9ho kurzu. Najdete v nich toti\u017e n\u00e1vod k\u00a0u\u010den\u00ed spolu s\u00a0u\u017eite\u010dn\u00fdmi tipy, jak v\u00fduku zefektivnit, v\u00fdukov\u00fd pl\u00e1n, do n\u011bj\u017e si m\u016f\u017eete zaznamen\u00e1vat sv\u00e9 pokroky, seznam stop k\u00a0poslechu (kdybyste n\u00e1hodou n\u011b\u010demu nerozum\u011bli), ale i oboustrann\u00e9 karti\u010dky, d\u00edky nim\u017e se m\u016f\u017eete u\u010dit a opakovat i tehdy, kdy\u017e pr\u00e1v\u011b nem\u016f\u017eete poslouchat. Pro ty, kte\u0159\u00ed se r\u00e1di zkou\u0161\u00ed, je v\u00a0ka\u017ed\u00e9 lekci p\u0159ipraven p\u0159ekladov\u00fd test s\u00a0kl\u00ed\u010dem obsahuj\u00edc\u00edm spr\u00e1vn\u00e9 odpov\u011bdi.<\/p>\n<p>&nbsp;<\/p>\n","protected":false},"excerpt":{"rendered":"<p>Pol\u0161tina na dovolenou. Kurz je ur\u010den pro za\u010d\u00e1te\u010dn\u00edky a\u017e st\u0159edn\u011b pokro\u010dil\u00e9 a zam\u011b\u0159uje se na slovn\u00ed z\u00e1sobu, kterou m\u016f\u017eete vyu\u017e\u00edt na dovolen\u00e9.<\/p>\n","protected":false},"featured_media":259,"comment_status":"open","ping_status":"open","template":"","meta":{"_acf_changed":false,"inline_featured_image":false,"_sitemap_exclude":false,"_sitemap_priority":"","_sitemap_frequency":""},"product_brand":[],"product_cat":[72,77],"product_tag":[189,79,74],"class_list":{"0":"post-258","1":"product","2":"type-product","3":"status-publish","4":"has-post-thumbnail","6":"product_cat-polstina","7":"product_cat-specializovana-polstina","8":"product_tag-na-dovolenou","9":"product_tag-polsky","10":"product_tag-polstina","11":"pa_delka-10-hodin-8-minut","12":"pa_format-mp3-ke-stazeni","13":"pa_jazykova-uroven-a1","14":"pa_jazykova-uroven-a1-a2","15":"pa_jazykova-uroven-a2","16":"pa_jazykova-uroven-a2-b1","17":"pa_jazykova-uroven-b1","18":"pa_jazykova-uroven-b1-b2","20":"first","21":"instock","22":"downloadable","23":"virtual","24":"purchasable","25":"product-type-simple"},"acf":[],"_links":{"self":[{"href":"https:\/\/audioacademyeu.eu\/cs\/wp-json\/wp\/v2\/product\/258","targetHints":{"allow":["GET"]}}],"collection":[{"href":"https:\/\/audioacademyeu.eu\/cs\/wp-json\/wp\/v2\/product"}],"about":[{"href":"https:\/\/audioacademyeu.eu\/cs\/wp-json\/wp\/v2\/types\/product"}],"replies":[{"embeddable":true,"href":"https:\/\/audioacademyeu.eu\/cs\/wp-json\/wp\/v2\/comments?post=258"}],"wp:featuredmedia":[{"embeddable":true,"href":"https:\/\/audioacademyeu.eu\/cs\/wp-json\/wp\/v2\/media\/259"}],"wp:attachment":[{"href":"https:\/\/audioacademyeu.eu\/cs\/wp-json\/wp\/v2\/media?parent=258"}],"wp:term":[{"taxonomy":"product_brand","embeddable":true,"href":"https:\/\/audioacademyeu.eu\/cs\/wp-json\/wp\/v2\/product_brand?post=258"},{"taxonomy":"product_cat","embeddable":true,"href":"https:\/\/audioacademyeu.eu\/cs\/wp-json\/wp\/v2\/product_cat?post=258"},{"taxonomy":"product_tag","embeddable":true,"href":"https:\/\/audioacademyeu.eu\/cs\/wp-json\/wp\/v2\/product_tag?post=258"}],"curies":[{"name":"wp","href":"https:\/\/api.w.org\/{rel}","templated":true}]}}