
{"id":255,"date":"2025-05-28T07:47:54","date_gmt":"2025-05-28T05:47:54","guid":{"rendered":"https:\/\/audioacademyeu.eu\/cz\/produkt\/polstina-pro-mirne-pokrocile-b1-02\/"},"modified":"2025-08-15T14:10:44","modified_gmt":"2025-08-15T12:10:44","slug":"polstina-pro-mirne-pokrocile-b1-02","status":"publish","type":"product","link":"https:\/\/audioacademyeu.eu\/cs\/item\/polstina-pro-mirne-pokrocile-b1-02\/","title":{"rendered":"Pol\u0161tina pro m\u00edrn\u011b pokro\u010dil\u00e9 B1 &#8211; 02"},"content":{"rendered":"<p>D\u011bkujeme za z\u00e1jem o polechov\u00fd kurz Pol\u0161tiny pro m\u00edrn\u011b pokro\u010dil\u00e9 B1- \u010d\u00e1st druh\u00e1. Kurz je ur\u010den pro m\u00edrn\u011b a\u017e st\u0159edn\u011b, tak\u017ee pro jeho nejlep\u0161\u00ed vyu\u017eit\u00ed byste m\u011bli m\u00edt za sebou jeden a\u017e dva roky v\u00fduky pol\u0161tiny a osvojen\u00e9 jej\u00ed z\u00e1klady.<\/p>\n<p>Kurz je zalo\u017een na kontextov\u00e9m u\u010den\u00ed, to znamen\u00e1, \u017ee se nebudete u\u010dit jen slov\u00ed\u010dka, ale i v\u011bty, ve kter\u00fdch m\u016f\u017eete dan\u00e1 slov\u00ed\u010dka pou\u017e\u00edt. V\u00a0tomto kurzu najdete celkem 2000 slov\u00ed\u010dek a procvi\u010dovac\u00edch v\u011bt.<\/p>\n<p>Jednotliv\u00e9 lekce jsou rozd\u011bleny podle t\u00e9mat, p\u0159i\u010dem\u017e ka\u017ed\u00e9 obsahuje jin\u00fd po\u010det slov\u00ed\u010dek a v\u011bt. \u00darove\u0148 B1 je st\u0159edn\u011b pokro\u010dil\u00e1 a v\u00a0n\u00ed si budete moci osvojit t\u00e9mata jako <strong>pr\u00e1ce, rodina, spole\u010dnost a vlastnosti.<\/strong><\/p>\n<p>Jak s\u00a0kurzem nejl\u00e9pe pracovat? Zvolte si lekci, kterou chcete za\u010d\u00edt. Ka\u017ed\u00e1 lekce obsahuje \u0161est stop. Nejprve se u ka\u017ed\u00e9 lekce seznamte se samotn\u00fdmi slov\u00ed\u010dky (stopa 1 a 2). D\u00e1le m\u00e1te k\u00a0dispozici slov\u00ed\u010dko n\u00e1sledovan\u00e9 p\u0159\u00edkladovou v\u011btou, op\u011bt v\u00a0obou variant\u00e1ch p\u0159ekladu (stopa 3 a 4).\u00a0 Pot\u00e9 p\u0159ech\u00e1z\u00edte na cel\u00e9 v\u011bty (stopa 5 a 6). Jakmile budete zvl\u00e1dat p\u0159ekl\u00e1dat v\u011bty z\u00a0\u010de\u0161tiny do pol\u0161tiny (lekce 6) v\u00a0\u010dasov\u00e9 pauze p\u0159ed polsk\u00fdm p\u0159ekladem, tak jste vyhr\u00e1li. Samotn\u00e1 slov\u00ed\u010dka V\u00e1m pomohou p\u0159i pochopen\u00ed smyslu, ale pomoc\u00ed osvojen\u00fdch cel\u00fdch v\u011bt budete komunikovat mnohem l\u00e9pe<\/p>\n<p>U ka\u017ed\u00e9ho bloku plat\u00ed, \u017ee jakmile zvl\u00e1dnete poslech z\u00a0pol\u0161tiny do \u010de\u0161tiny (lekce 1, 3, 5 \u2013 cvi\u010den\u00ed poslouchejte) p\u0159ech\u00e1z\u00edte na p\u0159eklad z\u00a0\u010de\u0161tiny do pol\u0161tiny(lekce 2,4,6 \u2013 cvi\u010den\u00ed p\u0159elo\u017ete).<\/p>\n<p>V kurzu najdete n\u00e1sleduj\u00edc\u00ed okruhy a t\u00e9mata:<\/p>\n<ul>\n<li>Lekce 001 nakupov\u00e1n\u00ed<\/li>\n<li>Lekce 002 pr\u00e1ce1<\/li>\n<li>Lekce 003 pr\u00e1ce2<\/li>\n<li>Lekce 004 pr\u00e1ce3<\/li>\n<li>Lekce 005 rodina 1<\/li>\n<li>Lekce 006 rodina 2<\/li>\n<li>Lekce 006 rodina 2<\/li>\n<li>Lekce 007 spole\u010dnost 1<\/li>\n<li>Lekce 008 spole\u010dnost 2<\/li>\n<li>Lekce 009 vlastnosti 1<\/li>\n<li>Lekce 010 vlastnosti 2<\/li>\n<li>Lekce 011 vlastnosti3<\/li>\n<\/ul>\n<p>Ke kurzu m\u00e1te k dispozici zdarma skripta v pdf, d\u00edky kter\u00fdm z\u00edsk\u00e1te mnohem \u0161ir\u0161\u00ed mo\u017enosti vyu\u017eit\u00ed cel\u00e9ho kurzu. Najdete v nich toti\u017e n\u00e1vod k\u00a0u\u010den\u00ed spolu s\u00a0u\u017eite\u010dn\u00fdmi tipy, jak v\u00fduku zefektivnit, v\u00fdukov\u00fd pl\u00e1n, do n\u011bj\u017e si m\u016f\u017eete zaznamen\u00e1vat sv\u00e9 pokroky, seznam stop k\u00a0poslechu (kdybyste n\u00e1hodou n\u011b\u010demu nerozum\u011bli), ale i oboustrann\u00e9 karti\u010dky, d\u00edky nim\u017e se m\u016f\u017eete u\u010dit a opakovat i tehdy, kdy\u017e pr\u00e1v\u011b nem\u016f\u017eete poslouchat. Pro ty, kte\u0159\u00ed se r\u00e1di zkou\u0161\u00ed, je v\u00a0ka\u017ed\u00e9 lekci p\u0159ipraven p\u0159ekladov\u00fd test s\u00a0kl\u00ed\u010dem obsahuj\u00edc\u00edm spr\u00e1vn\u00e9 odpov\u011bdi.<\/p>\n<p>&nbsp;<\/p>\n","protected":false},"excerpt":{"rendered":"<p>Pol\u0161tina pro m\u00edrn\u011b pokro\u010dil\u00e9 B1- \u010d\u00e1st druh\u00e1. Kurz je ur\u010den pro m\u00edrn\u011b a\u017e st\u0159edn\u011b, tak\u017ee pro jeho nejlep\u0161\u00ed vyu\u017eit\u00ed byste m\u011bli m\u00edt za sebou jeden a\u017e dva roky v\u00fduky pol\u0161tiny a osvojen\u00e9 jej\u00ed z\u00e1klady.<\/p>\n","protected":false},"featured_media":256,"comment_status":"open","ping_status":"open","template":"","meta":{"_acf_changed":false,"inline_featured_image":false,"_sitemap_exclude":false,"_sitemap_priority":"","_sitemap_frequency":""},"product_brand":[],"product_cat":[72,73],"product_tag":[79,74,186],"class_list":{"0":"post-255","1":"product","2":"type-product","3":"status-publish","4":"has-post-thumbnail","6":"product_cat-polstina","7":"product_cat-vseobecna-polstina","8":"product_tag-polsky","9":"product_tag-polstina","10":"product_tag-pro-mirne-pokrocile","11":"pa_delka-12-hodin-5-minut","12":"pa_format-mp3-ke-stazeni","13":"pa_jazykova-uroven-a2-b1","14":"pa_jazykova-uroven-b1","15":"pa_jazykova-uroven-b1-b2","17":"first","18":"instock","19":"downloadable","20":"virtual","21":"purchasable","22":"product-type-simple"},"acf":[],"_links":{"self":[{"href":"https:\/\/audioacademyeu.eu\/cs\/wp-json\/wp\/v2\/product\/255","targetHints":{"allow":["GET"]}}],"collection":[{"href":"https:\/\/audioacademyeu.eu\/cs\/wp-json\/wp\/v2\/product"}],"about":[{"href":"https:\/\/audioacademyeu.eu\/cs\/wp-json\/wp\/v2\/types\/product"}],"replies":[{"embeddable":true,"href":"https:\/\/audioacademyeu.eu\/cs\/wp-json\/wp\/v2\/comments?post=255"}],"wp:featuredmedia":[{"embeddable":true,"href":"https:\/\/audioacademyeu.eu\/cs\/wp-json\/wp\/v2\/media\/256"}],"wp:attachment":[{"href":"https:\/\/audioacademyeu.eu\/cs\/wp-json\/wp\/v2\/media?parent=255"}],"wp:term":[{"taxonomy":"product_brand","embeddable":true,"href":"https:\/\/audioacademyeu.eu\/cs\/wp-json\/wp\/v2\/product_brand?post=255"},{"taxonomy":"product_cat","embeddable":true,"href":"https:\/\/audioacademyeu.eu\/cs\/wp-json\/wp\/v2\/product_cat?post=255"},{"taxonomy":"product_tag","embeddable":true,"href":"https:\/\/audioacademyeu.eu\/cs\/wp-json\/wp\/v2\/product_tag?post=255"}],"curies":[{"name":"wp","href":"https:\/\/api.w.org\/{rel}","templated":true}]}}