
{"id":247,"date":"2025-05-28T07:47:54","date_gmt":"2025-05-28T05:47:54","guid":{"rendered":"https:\/\/audioacademyeu.eu\/cz\/produkt\/anglictina-na-sluzebni-cestu\/"},"modified":"2025-11-16T20:54:12","modified_gmt":"2025-11-16T19:54:12","slug":"anglictina-na-sluzebni-cestu","status":"publish","type":"product","link":"https:\/\/audioacademyeu.eu\/cs\/item\/anglictina-na-sluzebni-cestu\/","title":{"rendered":"Angli\u010dtina na slu\u017eebn\u00ed cestu"},"content":{"rendered":"<p>D\u011bkujeme za V\u00e1\u0161 z\u00e1jem o kurz Angli\u010dtina na slu\u017eebn\u00ed cestu od vydavatelstv\u00ed Audioacademyeu. Kurz je ur\u010den pro za\u010d\u00e1te\u010dn\u00edky a\u017e st\u0159edn\u011b pokro\u010dil\u00e9 a zam\u011b\u0159uje se na slovn\u00ed z\u00e1sobu, kterou m\u016f\u017eete vyu\u017e\u00edt vlastn\u011b na kter\u00e9koli zahrani\u010dn\u00ed cest\u011b.<\/p>\n<p>Kurz je zalo\u017een na kontextov\u00e9m u\u010den\u00ed, to znamen\u00e1, \u017ee se nebudete u\u010dit jen slov\u00ed\u010dka, ale i v\u011bty, ve kter\u00fdch m\u016f\u017eete dan\u00e1 slov\u00ed\u010dka pou\u017e\u00edt. V tomto kurzu najdete celkem 1 000 slov\u00ed\u010dek a procvi\u010dovac\u00edch v\u011bt.<\/p>\n<p>Jednotliv\u00e9 lekce jsou rozd\u011bleny podle t\u00e9mat domluva sch\u016fzky, cestov\u00e1n\u00ed autem, vlakem a letadlem, v hotelu, na sch\u016fzce, v restauraci a nakupov\u00e1n\u00ed. Nejedn\u00e1 se ani tak o soubor fr\u00e1z\u00ed, ale o zopakov\u00e1n\u00ed a zlep\u0161en\u00ed angli\u010dtiny na t\u011bchto situac\u00edch, d\u00edky n\u011bmu\u017e se na n\u011b l\u00e9pe p\u0159iprav\u00edte.<\/p>\n<p>Jak s kurzem nejl\u00e9pe pracovat? Zvolte si lekci, kterou chcete za\u010d\u00edt. Ka\u017ed\u00e1 lekce obsahuje \u0161est stop. Nejprve se u ka\u017ed\u00e9 lekce seznamte se samotn\u00fdmi slov\u00ed\u010dky (stopa 1 a 2). D\u00e1le m\u00e1te k dispozici slov\u00ed\u010dko n\u00e1sledovan\u00e9 p\u0159\u00edkladovou v\u011btou, op\u011bt v obou variant\u00e1ch p\u0159ekladu (stopa 3 a 4). Pot\u00e9 p\u0159ech\u00e1z\u00edte na cel\u00e9 v\u011bty (stopa 5 a 6). Jakmile budete zvl\u00e1dat p\u0159ekl\u00e1dat v\u011bty z \u010de\u0161tiny do angli\u010dtiny (lekce 6) v \u010dasov\u00e9 pauze p\u0159ed anglick\u00fdm p\u0159ekladem, tak jste vyhr\u00e1li. Samotn\u00e1 slov\u00ed\u010dka V\u00e1m pomohou p\u0159i pochopen\u00ed smyslu, ale pomoc\u00ed osvojen\u00fdch cel\u00fdch v\u011bt budete komunikovat mnohem l\u00e9pe<\/p>\n<p>Ke kurzu jsou zdarma k dispozici skripta, d\u00edky kter\u00fdm z\u00edsk\u00e1te mo\u017enost mnohem roz\u0161\u00ed\u0159en\u011bj\u0161\u00edho vyu\u017eit\u00ed cel\u00e9ho kurzu. Ve skriptech toti\u017e najdete n\u00e1vod k u\u010den\u00ed spolu s u\u017eite\u010dn\u00fdmi tipy, jak v\u00fduku zefektivnit, v\u00fdukov\u00fd pl\u00e1n, do n\u011bj\u017e si m\u016f\u017eete zaznamen\u00e1vat sv\u00e9 pokroky, seznam stop k poslechu (kdybyste n\u00e1hodou n\u011b\u010demu nerozum\u011bli), ale i oboustrann\u00e9 karti\u010dky, d\u00edky nim\u017e se m\u016f\u017eete u\u010dit a opakovat i tehdy, kdy\u017e pr\u00e1v\u011b nem\u016f\u017eete poslouchat. Pro ty, kte\u0159\u00ed se r\u00e1di zkou\u0161\u00ed, je v ka\u017ed\u00e9 lekci p\u0159ipraven p\u0159ekladov\u00fd test s kl\u00ed\u010dem obsahuj\u00edc\u00edm spr\u00e1vn\u00e9 odpov\u011bdi.<\/p>\n<p>Domlouv\u00e1me sch\u016fzku<br \/>\nCestujeme autem a vlakem<br \/>\nCestujeme letadlem<br \/>\nV hotelu<br \/>\nNa sch\u016fzce<br \/>\nV restauraci<br \/>\nNakupujeme<\/p>\n","protected":false},"excerpt":{"rendered":"<p>D\u011bkujeme za V\u00e1\u0161 z\u00e1jem o kurz Angli\u010dtina na slu\u017eebn\u00ed cestu od vydavatelstv\u00ed Audioacademyeu. Kurz je ur\u010den pro za\u010d\u00e1te\u010dn\u00edky a\u017e st\u0159edn\u011b pokro\u010dil\u00e9 a zam\u011b\u0159uje se na slovn\u00ed z\u00e1sobu, kterou m\u016f\u017eete vyu\u017e\u00edt vlastn\u011b na kter\u00e9koli zahrani\u010dn\u00ed cest\u011b. Kurz je zalo\u017een na kontextov\u00e9m u\u010den\u00ed, to znamen\u00e1, \u017ee se nebudete u\u010dit jen slov\u00ed\u010dka, ale i v\u011bty, ve kter\u00fdch m\u016f\u017eete [&hellip;]<\/p>\n","protected":false},"featured_media":248,"comment_status":"open","ping_status":"open","template":"","meta":{"_acf_changed":false,"inline_featured_image":false,"_sitemap_exclude":false,"_sitemap_priority":"","_sitemap_frequency":""},"product_brand":[],"product_cat":[19,20],"product_tag":[23,24,25],"class_list":{"0":"post-247","1":"product","2":"type-product","3":"status-publish","4":"has-post-thumbnail","6":"product_cat-anglictina","7":"product_cat-specializovana-anglictina","8":"product_tag-anglictina-do-auta","9":"product_tag-anglictina-mp3","10":"product_tag-poslechova-anglictina","11":"pa_delka-6-hodin-22-minut","12":"pa_format-mp3-ke-stazeni","13":"pa_jazykova-uroven-a1","14":"pa_jazykova-uroven-a1-a2","15":"pa_jazykova-uroven-a2","16":"pa_jazykova-uroven-a2-b1","17":"pa_jazykova-uroven-b1","19":"first","20":"instock","21":"downloadable","22":"virtual","23":"purchasable","24":"product-type-simple"},"acf":[],"_links":{"self":[{"href":"https:\/\/audioacademyeu.eu\/cs\/wp-json\/wp\/v2\/product\/247","targetHints":{"allow":["GET"]}}],"collection":[{"href":"https:\/\/audioacademyeu.eu\/cs\/wp-json\/wp\/v2\/product"}],"about":[{"href":"https:\/\/audioacademyeu.eu\/cs\/wp-json\/wp\/v2\/types\/product"}],"replies":[{"embeddable":true,"href":"https:\/\/audioacademyeu.eu\/cs\/wp-json\/wp\/v2\/comments?post=247"}],"wp:featuredmedia":[{"embeddable":true,"href":"https:\/\/audioacademyeu.eu\/cs\/wp-json\/wp\/v2\/media\/248"}],"wp:attachment":[{"href":"https:\/\/audioacademyeu.eu\/cs\/wp-json\/wp\/v2\/media?parent=247"}],"wp:term":[{"taxonomy":"product_brand","embeddable":true,"href":"https:\/\/audioacademyeu.eu\/cs\/wp-json\/wp\/v2\/product_brand?post=247"},{"taxonomy":"product_cat","embeddable":true,"href":"https:\/\/audioacademyeu.eu\/cs\/wp-json\/wp\/v2\/product_cat?post=247"},{"taxonomy":"product_tag","embeddable":true,"href":"https:\/\/audioacademyeu.eu\/cs\/wp-json\/wp\/v2\/product_tag?post=247"}],"curies":[{"name":"wp","href":"https:\/\/api.w.org\/{rel}","templated":true}]}}