
{"id":245,"date":"2025-05-28T07:47:54","date_gmt":"2025-05-28T05:47:54","guid":{"rendered":"https:\/\/audioacademyeu.eu\/cz\/produkt\/anglicka-gramatika-b2\/"},"modified":"2025-11-16T20:54:02","modified_gmt":"2025-11-16T19:54:02","slug":"anglicka-gramatika-b2","status":"publish","type":"product","link":"https:\/\/audioacademyeu.eu\/cs\/item\/anglicka-gramatika-b2\/","title":{"rendered":"Anglick\u00e1 gramatika B2"},"content":{"rendered":"\n<p>Kurz je ur\u010den pro pokro\u010dil\u00e9, tedy ty, kte\u0159\u00ed maj\u00ed za sebou t\u0159i a\u017e \u010dty\u0159i roky studia angli\u010dtiny a voln\u011b navazuje na p\u0159edchoz\u00ed kurzy Anglick\u00e1 gramatika A1,A2 a Anglick\u00e1 gramatika B1. N\u011bkter\u00e1 t\u00e9mata v tomto kurzu a kurzu gramatiky B1 jsou shodn\u00e1, ale v t\u00e9to \u00farovni se nap\u0159\u00edklad slo\u017een\u00e9 \u010dasy prob\u00edraj\u00ed do v\u011bt\u0161\u00ed hloubky a v \u0161ir\u0161\u00edm kontextu. Sp\u00ed\u0161e ne\u017e na slov\u00ed\u010dka klade tento kurz na procvi\u010den\u00ed v\u011bt s pou\u017eit\u00edm studovan\u00fdch t\u00e9mat. V tomto kurzu se sezn\u00e1m\u00edte s p\u0159ibli\u017en\u011b dv\u011bma sty nov\u00fdmi slov\u00ed\u010dky a s tis\u00edcovkou procvi\u010dovac\u00edch v\u011bt.<\/p>\n\n\n\n<p>Nejv\u011bt\u0161\u00ed prostor je v\u011bnov\u00e1n pokro\u010dilej\u0161\u00edm p\u0159edlo\u017ek\u00e1m, slo\u017een\u00fdm slovesn\u00fdm \u010das\u016fm a pou\u017eit\u00ed gerundia v r\u016fzn\u00fdch typech v\u011bt. Ka\u017ed\u00e1 lekce, krom\u011b t\u011bch, kter\u00e9 obsahuj\u00ed pouze samostatn\u00e1 slov\u00ed\u010dka, obsahuje vysv\u011btlen\u00ed ka\u017ed\u00e9ho t\u00e9matu, tak\u017ee s t\u00edmto kurzem m\u016f\u017eete pracovat zcela samostatn\u011b bez nutnosti pou\u017e\u00edvat dal\u0161\u00ed doprovodn\u00e9 v\u00fdukov\u00e9 materi\u00e1ly.<\/p>\n\n\n\n<p>&#8212;<\/p>\n\n\n\n<p><small>Kl\u00ed\u010dov\u00e9 znalosti angli\u010dtina: podm\u00ednkov\u00e9 v\u011bty angli\u010dtina cvi\u010den\u00ed, \u010dasy v angli\u010dtin\u011b, anglick\u00e9 p\u0159edlo\u017eky, podm\u00ednkov\u00e9 v\u011bty<\/small><\/p>\n","protected":false},"excerpt":{"rendered":"<p>Kurz je ur\u010den pro pokro\u010dil\u00e9, tedy ty, kte\u0159\u00ed maj\u00ed za sebou t\u0159i a\u017e \u010dty\u0159i roky studia angli\u010dtiny a voln\u011b navazuje na p\u0159edchoz\u00ed kurzy Anglick\u00e1 gramatika A1,A2 a Anglick\u00e1 gramatika B1.<\/p>\n","protected":false},"featured_media":246,"comment_status":"open","ping_status":"open","template":"","meta":{"_acf_changed":false,"inline_featured_image":false,"_sitemap_exclude":false,"_sitemap_priority":"","_sitemap_frequency":""},"product_brand":[],"product_cat":[42,19],"product_tag":[175,176,23,24,177,178,179,25],"class_list":{"0":"post-245","1":"product","2":"type-product","3":"status-publish","4":"has-post-thumbnail","6":"product_cat-vseobecna-anglictina","7":"product_cat-anglictina","8":"product_tag-anglicke-predlozky","9":"product_tag-anglictina-casy","10":"product_tag-anglictina-do-auta","11":"product_tag-anglictina-mp3","12":"product_tag-casy-v-anglictine","13":"product_tag-podminkove-vety-anglictina","14":"product_tag-podminkove-vety-anglictina-cviceni","15":"product_tag-poslechova-anglictina","16":"pa_delka-5-hodin-58-minut","17":"pa_format-mp3-ke-stazeni","18":"pa_jazykova-uroven-b1-b2","19":"pa_jazykova-uroven-b2","20":"pa_jazykova-uroven-b2-c1","22":"first","23":"instock","24":"downloadable","25":"virtual","26":"purchasable","27":"product-type-simple"},"acf":[],"_links":{"self":[{"href":"https:\/\/audioacademyeu.eu\/cs\/wp-json\/wp\/v2\/product\/245","targetHints":{"allow":["GET"]}}],"collection":[{"href":"https:\/\/audioacademyeu.eu\/cs\/wp-json\/wp\/v2\/product"}],"about":[{"href":"https:\/\/audioacademyeu.eu\/cs\/wp-json\/wp\/v2\/types\/product"}],"replies":[{"embeddable":true,"href":"https:\/\/audioacademyeu.eu\/cs\/wp-json\/wp\/v2\/comments?post=245"}],"wp:featuredmedia":[{"embeddable":true,"href":"https:\/\/audioacademyeu.eu\/cs\/wp-json\/wp\/v2\/media\/246"}],"wp:attachment":[{"href":"https:\/\/audioacademyeu.eu\/cs\/wp-json\/wp\/v2\/media?parent=245"}],"wp:term":[{"taxonomy":"product_brand","embeddable":true,"href":"https:\/\/audioacademyeu.eu\/cs\/wp-json\/wp\/v2\/product_brand?post=245"},{"taxonomy":"product_cat","embeddable":true,"href":"https:\/\/audioacademyeu.eu\/cs\/wp-json\/wp\/v2\/product_cat?post=245"},{"taxonomy":"product_tag","embeddable":true,"href":"https:\/\/audioacademyeu.eu\/cs\/wp-json\/wp\/v2\/product_tag?post=245"}],"curies":[{"name":"wp","href":"https:\/\/api.w.org\/{rel}","templated":true}]}}