
{"id":236,"date":"2025-05-28T07:47:54","date_gmt":"2025-05-28T05:47:54","guid":{"rendered":"https:\/\/audioacademyeu.eu\/cz\/produkt\/spanelska-gramatika-b1\/"},"modified":"2026-01-24T20:42:49","modified_gmt":"2026-01-24T19:42:49","slug":"spanelska-gramatika-b1","status":"publish","type":"product","link":"https:\/\/audioacademyeu.eu\/cs\/item\/spanelska-gramatika-b1\/","title":{"rendered":"\u0160pan\u011blsk\u00e1 gramatika B1"},"content":{"rendered":"<p>\u0160pan\u011blsk\u00e1 gramatika B1 je jazykov\u00fd kurz ur\u010den\u00fd pro m\u00edrn\u011b pokro\u010dil\u00e9, tedy ty, kte\u0159\u00ed maj\u00ed za sebou jeden \u010di dva roky studia \u0161pan\u011bl\u0161tiny.<\/p>\n<p>Kurz je zalo\u017een na kontextov\u00e9m u\u010den\u00ed, to znamen\u00e1, \u017ee se nebudete u\u010dit jen slov\u00ed\u010dka, ale i v\u011bty, ve kter\u00fdch m\u016f\u017eete dan\u00e1 slov\u00ed\u010dka pou\u017e\u00edt. V\u00a0tomto kurzu najdete celkem 3100 slov\u00ed\u010dek a procvi\u010dovac\u00edch v\u011bt.<\/p>\n<p>Jednotliv\u00e9 lekce jsou rozd\u011bleny podle gramatick\u00fdch t\u00e9mat, kter\u00e1 na sebe voln\u011b navazuj\u00ed. Za\u010d\u00edn\u00e1 se z\u00e1kladn\u00edm slovesem SER \u2013 B\u00ddT, z\u00e1jmeny, koncovkami p\u0159\u00eddavn\u00fdch jmen p\u0159es slovesa v\u00a0p\u0159\u00edtomn\u00e9m \u010dase, sklo\u0148ov\u00e1n\u00ed z\u00e1jmen, ust\u00e1len\u00e9 vazby a\u017e k\u00a0minul\u00fdm \u010das\u016fm a subjuntivu. Ka\u017ed\u00e1 lekce obsahuje i vysv\u011btlen\u00ed ka\u017ed\u00e9ho t\u00e9matu, tak\u017ee s\u00a0t\u00edmto kurzem m\u016f\u017eete pracovat zcela samostatn\u011b bez nutnosti pou\u017e\u00edvat dal\u0161\u00ed doprovodn\u00e9 v\u00fdukov\u00e9 materi\u00e1ly.<\/p>\n<p>Jak s\u00a0kurzem nejl\u00e9pe pracovat?. Ka\u017ed\u00e1 lekce obsahuje \u0161est stop. Nejprve se u ka\u017ed\u00e9 lekce seznamte se samotn\u00fdmi slov\u00ed\u010dky (stopa 1 a 2). D\u00e1le m\u00e1te k\u00a0dispozici vysv\u011btlen\u00ed ka\u017ed\u00e9ho gramatick\u00e9ho jevu spolu s\u00a0p\u0159\u00edkladov\u00fdmi v\u011btami (stopa 3 ).\u00a0 Pot\u00e9 p\u0159ech\u00e1z\u00edte na cel\u00e9 v\u011bty (stopa 4 a 5). Jakmile budete zvl\u00e1dat p\u0159ekl\u00e1dat v\u011bty z\u00a0\u010de\u0161tiny do \u0161pan\u011bl\u0161tiny (lekce 5) v\u00a0\u010dasov\u00e9 pauze p\u0159ed \u0161pan\u011blsk\u00fdm p\u0159ekladem, tak jste vyhr\u00e1li. V\u00a0\u0161est\u00e9 lekci (\u0161pan\u011blsk\u00fd poslech) m\u00e1te k\u00a0dispozici pouze \u0161pan\u011blsk\u00e9 v\u011bty s\u00a0krat\u0161\u00ed pauzou pro n\u00e1cvik porozum\u011bn\u00ed.<\/p>\n<p>U ka\u017ed\u00e9ho bloku plat\u00ed, \u017ee jakmile zvl\u00e1dnete poslech ze \u0161pan\u011bl\u0161tiny do \u010de\u0161tiny (lekce 1, 4, 6) \u2013 cvi\u010den\u00ed poslouchejte) p\u0159ech\u00e1z\u00edte na p\u0159eklad z\u00a0\u010de\u0161tiny do \u0161pan\u011bl\u0161tiny (lekce 2,5 \u2013 cvi\u010den\u00ed p\u0159elo\u017ete).<\/p>\n<p>V\u00a0r\u00e1mci jedn\u00e9 lekce nemus\u00edte pracovat se v\u0161emi stopami, m\u016f\u017eete se v\u00edce v\u011bnovat takov\u00e9mu poslechu, kter\u00fd v\u00e1m nejv\u00edce vyhovuje. Doporu\u010duji ale poslechnout si v\u0161echny stopy dan\u00e9 lekce minim\u00e1ln\u011b jednou.<\/p>\n<p>Ve skriptech, kter\u00e9 si m\u016f\u017eete ku kurzu zdarma st\u00e1hnout, \u00a0najdete n\u00e1vod k\u00a0u\u010den\u00ed spolu s\u00a0u\u017eite\u010dn\u00fdmi tipy, jak v\u00fduku zefektivnit, v\u00fdukov\u00fd pl\u00e1n, do n\u011bj\u017e si m\u016f\u017eete zaznamen\u00e1vat sv\u00e9 pokroky, seznam stop k\u00a0poslechu (kdybyste n\u00e1hodou n\u011b\u010demu nerozum\u011bli), ale i oboustrann\u00e9 karti\u010dky, d\u00edky nim\u017e se m\u016f\u017eete u\u010dit a opakovat i tehdy, kdy\u017e pr\u00e1v\u011b nem\u016f\u017eete poslouchat. Pro ty, kte\u0159\u00ed se r\u00e1di zkou\u0161\u00ed, je v\u00a0ka\u017ed\u00e9 lekci p\u0159ipraven p\u0159ekladov\u00fd test s\u00a0kl\u00ed\u010dem obsahuj\u00edc\u00edm spr\u00e1vn\u00e9 odpov\u011bdi.<\/p>\n<p>&nbsp;<\/p>\n<ul>\n<li>01 sloveso SER<\/li>\n<li>02 p\u0159\u00eddavn\u00e1 jm\u00e9na<\/li>\n<li>03 z\u00e1jmena<\/li>\n<li>04 slovesa -ar, -er,-ir<\/li>\n<li>05 slovesa -ie, -zc, ue<\/li>\n<li>06 nepravideln\u00e1 slovesa<\/li>\n<li>07 zp\u016fsobov\u00e1 a zvratn\u00e1 slovesa<\/li>\n<li>08 p\u0159\u00edm\u00fd a nep\u0159\u00edm\u00fd p\u0159edm\u011bt<\/li>\n<li>09 sloveso ESTAR<\/li>\n<li>10 sloveso HABER, vazba HAY QUE<\/li>\n<li>11 slovesa GUSTAR, ENCANTAR<\/li>\n<li>12 slovesn\u00e9 vazby<\/li>\n<li>13 gerundium_pr\u016fb. \u010das<\/li>\n<li>14 rozkaz kladn\u00fd<\/li>\n<li>15 rozkaz z\u00e1porn\u00fd<\/li>\n<li>16 podmi\u0148ovac\u00ed zp\u016fsob<\/li>\n<li>17 trpn\u00fd rod<\/li>\n<li>18 p\u0159edp\u0159\u00edtomn\u00fd \u010das<\/li>\n<li>19 minul\u00fd \u010das<\/li>\n<li>20 imperfektum<\/li>\n<li>21 budouc\u00ed \u010das, vazba ir+a<\/li>\n<li>22 subjuntiv p\u0159\u00edtomn\u00fd<\/li>\n<\/ul>\n\n\n<p><\/p>\n","protected":false},"excerpt":{"rendered":"<p>\u0160pan\u011blsk\u00e1 gramatika B1 je jazykov\u00fd kurz ur\u010den\u00fd pro m\u00edrn\u011b pokro\u010dil\u00e9, tedy ty, kte\u0159\u00ed maj\u00ed za sebou jeden \u010di dva roky studia \u0161pan\u011bl\u0161tiny.<\/p>\n","protected":false},"featured_media":237,"comment_status":"open","ping_status":"open","template":"","meta":{"_acf_changed":false,"inline_featured_image":false,"_sitemap_exclude":false,"_sitemap_priority":"","_sitemap_frequency":""},"product_brand":[],"product_cat":[151,152],"product_tag":[168,169,156],"class_list":{"0":"post-236","1":"product","2":"type-product","3":"status-publish","4":"has-post-thumbnail","6":"product_cat-spanelstina","7":"product_cat-vseobecna-spanelstina","8":"product_tag-spanelska-gramatika","9":"product_tag-spanelska-slovicka","10":"product_tag-spanelstina","11":"pa_delka-18-hodin-22-minut","12":"pa_format-mp3-ke-stazeni","13":"pa_jazykova-uroven-a2-b1","14":"pa_jazykova-uroven-b1","15":"pa_jazykova-uroven-b1-b2","17":"first","18":"instock","19":"downloadable","20":"virtual","21":"purchasable","22":"product-type-simple"},"acf":[],"_links":{"self":[{"href":"https:\/\/audioacademyeu.eu\/cs\/wp-json\/wp\/v2\/product\/236","targetHints":{"allow":["GET"]}}],"collection":[{"href":"https:\/\/audioacademyeu.eu\/cs\/wp-json\/wp\/v2\/product"}],"about":[{"href":"https:\/\/audioacademyeu.eu\/cs\/wp-json\/wp\/v2\/types\/product"}],"replies":[{"embeddable":true,"href":"https:\/\/audioacademyeu.eu\/cs\/wp-json\/wp\/v2\/comments?post=236"}],"wp:featuredmedia":[{"embeddable":true,"href":"https:\/\/audioacademyeu.eu\/cs\/wp-json\/wp\/v2\/media\/237"}],"wp:attachment":[{"href":"https:\/\/audioacademyeu.eu\/cs\/wp-json\/wp\/v2\/media?parent=236"}],"wp:term":[{"taxonomy":"product_brand","embeddable":true,"href":"https:\/\/audioacademyeu.eu\/cs\/wp-json\/wp\/v2\/product_brand?post=236"},{"taxonomy":"product_cat","embeddable":true,"href":"https:\/\/audioacademyeu.eu\/cs\/wp-json\/wp\/v2\/product_cat?post=236"},{"taxonomy":"product_tag","embeddable":true,"href":"https:\/\/audioacademyeu.eu\/cs\/wp-json\/wp\/v2\/product_tag?post=236"}],"curies":[{"name":"wp","href":"https:\/\/api.w.org\/{rel}","templated":true}]}}