
{"id":219,"date":"2025-05-28T07:47:54","date_gmt":"2025-05-28T05:47:54","guid":{"rendered":"https:\/\/audioacademyeu.eu\/cz\/produkt\/anglictina-slovicka-c1-c2\/"},"modified":"2025-11-16T20:53:18","modified_gmt":"2025-11-16T19:53:18","slug":"anglictina-slovicka-c1-c2","status":"publish","type":"product","link":"https:\/\/audioacademyeu.eu\/cs\/item\/anglictina-slovicka-c1-c2\/","title":{"rendered":"Angli\u010dtina &#8211; slov\u00ed\u010dka C1\/C2"},"content":{"rendered":"<p>P\u0159ed sebou m\u00e1te poslechov\u00fd kurz Angli\u010dtina &#8211; slov\u00ed\u010dka C1\/C2. Kurz je ur\u010den pro pokro\u010dil\u00e9 u\u017eivatele., kte\u0159\u00ed b\u011b\u017en\u011b komunikuj\u00ed a cht\u011bj\u00ed si roz\u0161\u00ed\u0159it slovn\u00ed z\u00e1sobu.<\/p>\n<p>Kurz je zalo\u017een na kontextov\u00e9m u\u010den\u00ed, to znamen\u00e1, \u017ee se nebudete u\u010dit jen slov\u00ed\u010dka, ale i v\u011bty, ve kter\u00fdch m\u016f\u017eete dan\u00e1 slov\u00ed\u010dka pou\u017e\u00edt. V\u00a0tomto kurzu najdete celkem <strong>1 100<\/strong> slov\u00ed\u010dek a procvi\u010dovac\u00edch v\u011bt.<\/p>\n<p>Jednotliv\u00e9 lekce jsou rozd\u011bleny podle t\u00e9mat, p\u0159i\u010dem\u017e ka\u017ed\u00e9 obsahuje jin\u00fd po\u010det slov\u00ed\u010dek a v\u011bt. \u00darove\u0148 C1\/C2\u00a0 nejpokro\u010dilej\u0161\u00ed, kter\u00e1 m\u016f\u017ee b\u00fdt, proto se setk\u00e1te zejm\u00e9na s pokro\u010dil\u00fdmi v\u00fdrazy, kter\u00e9 jsou rozd\u011bleny do blok\u016f aktivity (slovesa a jejich synonyma), d\u00e1le p\u0159\u00edslov\u00ed a idiomy, podstatn\u00e1 jm\u00e9na a nakonec vlastnosti..<\/p>\n<p>Jak s\u00a0kurzem nejl\u00e9pe pracovat? Zvolte si lekci, kterou chcete za\u010d\u00edt. Ka\u017ed\u00e1 lekce obsahuje \u0161est poslechov\u00fdch stop. Nejprve se u ka\u017ed\u00e9 lekce seznamte se samotn\u00fdmi slov\u00ed\u010dky (stopa 1 a 2). D\u00e1le m\u00e1te k\u00a0dispozici slov\u00ed\u010dko n\u00e1sledovan\u00e9 p\u0159\u00edkladovou v\u011btou, op\u011bt v\u00a0obou variant\u00e1ch p\u0159ekladu (stopa 3 a 4).\u00a0 Pot\u00e9 p\u0159ech\u00e1z\u00edte na cel\u00e9 v\u011bty (stopa 5 a 6). Jakmile budete zvl\u00e1dat p\u0159ekl\u00e1dat v\u011bty z\u00a0\u010de\u0161tiny do angli\u010dtiny (lekce 6) v\u00a0\u010dasov\u00e9 pauze p\u0159ed anglick\u00fdm p\u0159ekladem, tak jste vyhr\u00e1li. Samotn\u00e1 slov\u00ed\u010dka V\u00e1m pomohou p\u0159i pochopen\u00ed smyslu, ale pomoc\u00ed osvojen\u00fdch cel\u00fdch v\u011bt budete komunikovat mnohem l\u00e9pe<\/p>\n<p>U ka\u017ed\u00e9ho bloku plat\u00ed, \u017ee jakmile zvl\u00e1dnete poslech ze angli\u010dtiny do \u010de\u0161tiny (lekce 1, 3, 5 \u2013 cvi\u010den\u00ed poslouchejte) p\u0159ech\u00e1z\u00edte na p\u0159eklad z\u00a0\u010de\u0161tiny do angli\u010dtiny (lekce 2,4,6 \u2013 cvi\u010den\u00ed p\u0159elo\u017ete).<\/p>\n<p>V\u00a0r\u00e1mci jedn\u00e9 lekce nemus\u00edte pracovat se v\u0161emi stopami, m\u016f\u017eete se v\u00edce v\u011bnovat takov\u00e9mu poslechu, kter\u00fd v\u00e1m nejv\u00edce vyhovuje. Doporu\u010duji ale poslechnout si v\u0161echny stopy dan\u00e9 lekce minim\u00e1ln\u011b jednou.<\/p>\n<p>D\u00edky t\u011bmto skript\u016fm, kter\u00e9 jste si st\u00e1hli, z\u00edsk\u00e1te mnohem \u0161ir\u0161\u00ed vyu\u017eit\u00ed cel\u00e9ho kurzu. Ve skriptech toti\u017e najdete n\u00e1vod k\u00a0u\u010den\u00ed spolu s\u00a0u\u017eite\u010dn\u00fdmi tipy, jak v\u00fduku zefektivnit, v\u00fdukov\u00fd pl\u00e1n, do n\u011bj\u017e si m\u016f\u017eete zaznamen\u00e1vat sv\u00e9 pokroky, seznam stop k\u00a0poslechu (kdybyste n\u00e1hodou n\u011b\u010demu nerozum\u011bli), ale i oboustrann\u00e9 karti\u010dky, d\u00edky nim\u017e se m\u016f\u017eete u\u010dit a opakovat i tehdy, kdy\u017e pr\u00e1v\u011b nem\u016f\u017eete poslouchat. Pro ty, kte\u0159\u00ed se r\u00e1di zkou\u0161\u00ed, je v\u00a0ka\u017ed\u00e9 lekci p\u0159ipraven p\u0159ekladov\u00fd test s\u00a0kl\u00ed\u010dem obsahuj\u00edc\u00edm spr\u00e1vn\u00e9 odpov\u011bdi.<\/p>\n<h4>Lekce:<\/h4>\n<ul>\n<li>01 aktivity 01<\/li>\n<li>02 aktivity 02<\/li>\n<li>03 aktivity 03<\/li>\n<li>04 aktivity 04<\/li>\n<li>05 aktivity 05<\/li>\n<li>06 aktivity 06<\/li>\n<li>07 aktivity 07<\/li>\n<li>08 p\u0159\u00edslov\u00ed 01<\/li>\n<li>09 p\u0159\u00edslov\u00ed 02<\/li>\n<li>10 podstatn\u00e1 jm\u00e9na 01<\/li>\n<li>11 podstatn\u00e1 jm\u00e9na 02<\/li>\n<li>12 podstatn\u00e1 jm\u00e9na 03<\/li>\n<li>13 podstatn\u00e1 jm\u00e9na 04<\/li>\n<li>14 vlastnosti 01<\/li>\n<li>15 vlastnosti 02<\/li>\n<li>16 vlastnosti 03<\/li>\n<li>17 vlastnosti 04<\/li>\n<\/ul>\n<p>Kurz je i ve <a href=\"https:\/\/audioacademyeu.eu\/sk\/produkt\/anglictina-slovna-zasoba-pre-pokrocilych-c1-c2\/\">slovensk\u00e9 verzi<\/a><\/p>\n","protected":false},"excerpt":{"rendered":"<p>Kurz Angli\u010dtina &#8211; slov\u00ed\u010dka C1\/C2 je ur\u010den pro pokro\u010dil\u00e9 u\u017eivatele., kte\u0159\u00ed b\u011b\u017en\u011b komunikuj\u00ed a cht\u011bj\u00ed si roz\u0161\u00ed\u0159it slovn\u00ed z\u00e1sobu.<\/p>\n","protected":false},"featured_media":220,"comment_status":"open","ping_status":"open","template":"","meta":{"_acf_changed":false,"inline_featured_image":false,"_sitemap_exclude":false,"_sitemap_priority":"","_sitemap_frequency":""},"product_brand":[],"product_cat":[19,42],"product_tag":[84,163,23,24,25,164],"class_list":{"0":"post-219","1":"product","2":"type-product","3":"status-publish","4":"has-post-thumbnail","6":"product_cat-anglictina","7":"product_cat-vseobecna-anglictina","8":"product_tag-anglicka-slovicka","9":"product_tag-anglicky-snadno","10":"product_tag-anglictina-do-auta","11":"product_tag-anglictina-mp3","12":"product_tag-poslechova-anglictina","13":"product_tag-slovicka-snadno","14":"pa_delka-11-hodin-16-minut","15":"pa_format-mp3-ke-stazeni","16":"pa_jazykova-uroven-b2-c1","17":"pa_jazykova-uroven-c1","19":"first","20":"instock","21":"downloadable","22":"virtual","23":"purchasable","24":"product-type-simple"},"acf":[],"_links":{"self":[{"href":"https:\/\/audioacademyeu.eu\/cs\/wp-json\/wp\/v2\/product\/219","targetHints":{"allow":["GET"]}}],"collection":[{"href":"https:\/\/audioacademyeu.eu\/cs\/wp-json\/wp\/v2\/product"}],"about":[{"href":"https:\/\/audioacademyeu.eu\/cs\/wp-json\/wp\/v2\/types\/product"}],"replies":[{"embeddable":true,"href":"https:\/\/audioacademyeu.eu\/cs\/wp-json\/wp\/v2\/comments?post=219"}],"wp:featuredmedia":[{"embeddable":true,"href":"https:\/\/audioacademyeu.eu\/cs\/wp-json\/wp\/v2\/media\/220"}],"wp:attachment":[{"href":"https:\/\/audioacademyeu.eu\/cs\/wp-json\/wp\/v2\/media?parent=219"}],"wp:term":[{"taxonomy":"product_brand","embeddable":true,"href":"https:\/\/audioacademyeu.eu\/cs\/wp-json\/wp\/v2\/product_brand?post=219"},{"taxonomy":"product_cat","embeddable":true,"href":"https:\/\/audioacademyeu.eu\/cs\/wp-json\/wp\/v2\/product_cat?post=219"},{"taxonomy":"product_tag","embeddable":true,"href":"https:\/\/audioacademyeu.eu\/cs\/wp-json\/wp\/v2\/product_tag?post=219"}],"curies":[{"name":"wp","href":"https:\/\/api.w.org\/{rel}","templated":true}]}}