
{"id":217,"date":"2025-05-28T07:47:14","date_gmt":"2025-05-28T05:47:14","guid":{"rendered":"https:\/\/audioacademyeu.eu\/cz\/produkt\/spanelstina-spanelska-gramatika-a1a2\/"},"modified":"2025-11-16T20:55:55","modified_gmt":"2025-11-16T19:55:55","slug":"spanelstina-spanelska-gramatika-a1a2","status":"publish","type":"product","link":"https:\/\/audioacademyeu.eu\/cs\/item\/spanelstina-spanelska-gramatika-a1a2\/","title":{"rendered":"\u0160pan\u011bl\u0161tina &#8211; \u0160pan\u011blsk\u00e1 gramatika A1,A2"},"content":{"rendered":"<p>D\u00edv\u00e1te se na \u00fapln\u011b nov\u00fd poslechov\u00fd kurz \u0160pan\u011blsk\u00e1 gramatika A1_A2. Kurz je ur\u010den pro \u00fapln\u00e9 i fale\u0161n\u00e9 za\u010d\u00e1te\u010dn\u00edky, tak\u017ee pokud jste se \u0161pan\u011blsky neu\u010dili v\u016fbec nebo se u\u010dili p\u0159ed n\u011bjakou dobou a chcete si z\u00e1klady d\u016fkladn\u011b zopakovat, je ur\u010den pr\u00e1v\u011b pro v\u00e1s.<\/p>\n<p>Kurz je zalo\u017een na kontextov\u00e9m u\u010den\u00ed, to znamen\u00e1, \u017ee se nebudete u\u010dit jen slov\u00ed\u010dka, ale i v\u011bty, ve kter\u00fdch m\u016f\u017eete dan\u00e1 slov\u00ed\u010dka pou\u017e\u00edt. V\u00a0tomto kurzu najdete celkem 4 200 slov\u00ed\u010dek a procvi\u010dovac\u00edch v\u011bt.<\/p>\n<p>Jednotliv\u00e9 lekce jsou rozd\u011bleny podle gramatick\u00fdch t\u00e9mat, kter\u00e1 na sebe voln\u011b navazuj\u00ed. Za\u010d\u00edn\u00e1 se z\u00e1kladn\u00edm slovesem SER \u2013 B\u00ddT, z\u00e1jmeny, koncovkami p\u0159\u00eddavn\u00fdch jmen p\u0159es slovesa v\u00a0p\u0159\u00edtomn\u00e9m \u010dase, sklo\u0148ov\u00e1n\u00ed z\u00e1jmen, ust\u00e1len\u00e9 vazby a\u017e k\u00a0minul\u00e9mu \u010dasu. Ka\u017ed\u00e1 lekce obsahuje i vysv\u011btlen\u00ed ka\u017ed\u00e9ho t\u00e9matu, tak\u017ee s\u00a0t\u00edmto kurzem m\u016f\u017eete pracovat zcela samostatn\u011b bez nutnosti pou\u017e\u00edvat dal\u0161\u00ed doprovodn\u00e9 v\u00fdukov\u00e9 materi\u00e1ly. V\u00a0posledn\u00ed lekci najdete p\u0159ehled nejpou\u017e\u00edvan\u011bj\u0161\u00edch fr\u00e1z\u00ed, kter\u00e9 byste m\u011bli ji\u017e d\u00edky p\u0159edchoz\u00edm lekc\u00edm perfektn\u011b ovl\u00e1dat.<\/p>\n<p>Jak s\u00a0kurzem nejl\u00e9pe pracovat? Pokud jste \u00fapln\u00ed za\u010d\u00e1te\u010dn\u00edci, za\u010dn\u011bte ur\u010dit\u011b od prvn\u00ed lekce. I m\u00edrn\u011b pokro\u010dil\u00fdm bych doporu\u010dil si z\u00e1klady. Ka\u017ed\u00e1 lekce obsahuje \u0161est stop. Nejprve se u ka\u017ed\u00e9 lekce seznamte se samotn\u00fdmi slov\u00ed\u010dky (stopa 1 a 2). D\u00e1le m\u00e1te k\u00a0dispozici vysv\u011btlen\u00ed ka\u017ed\u00e9ho gramatick\u00e9ho jevu spolu s\u00a0p\u0159\u00edkladov\u00fdmi v\u011btami (stopa 3 ).\u00a0 Pot\u00e9 p\u0159ech\u00e1z\u00edte na cel\u00e9 v\u011bty (stopa 4 a 5). Jakmile budete zvl\u00e1dat p\u0159ekl\u00e1dat v\u011bty z\u00a0\u010de\u0161tiny do \u0161pan\u011bl\u0161tiny (lekce 5) v\u00a0\u010dasov\u00e9 pauze p\u0159ed \u0161pan\u011blsk\u00fdm p\u0159ekladem, tak jste vyhr\u00e1li. V\u00a0\u0161est\u00e9 lekci (\u0161pan\u011blsk\u00fd poslech) m\u00e1te k\u00a0dispozici pouze \u0161pan\u011blsk\u00e9 v\u011bty s\u00a0krat\u0161\u00ed pauzou pro n\u00e1cvik porozum\u011bn\u00ed.<\/p>\n<p>U ka\u017ed\u00e9ho bloku plat\u00ed, \u017ee jakmile zvl\u00e1dnete poslech ze \u0161pan\u011bl\u0161tiny do \u010de\u0161tiny (lekce 1, 4, 6) \u2013 cvi\u010den\u00ed poslouchejte) p\u0159ech\u00e1z\u00edte na p\u0159eklad z\u00a0\u010de\u0161tiny do \u0161pan\u011bl\u0161tiny (lekce 2,5 \u2013 cvi\u010den\u00ed p\u0159elo\u017ete).<\/p>\n<p>V\u00a0r\u00e1mci jedn\u00e9 lekce nemus\u00edte pracovat se v\u0161emi stopami, m\u016f\u017eete se v\u00edce v\u011bnovat takov\u00e9mu poslechu, kter\u00fd v\u00e1m nejv\u00edce vyhovuje. Doporu\u010duji ale poslechnout si v\u0161echny stopy dan\u00e9 lekce minim\u00e1ln\u011b jednou.<\/p>\n<p>Ke kurzu m\u00e1te dispozici i skripta, kter\u00e9 si m\u016f\u017eete st\u00e1hnout zdarma na www.audioacademyeu.eu. \u00a0V\u00a0nich najdete n\u00e1vod k\u00a0u\u010den\u00ed spolu s\u00a0u\u017eite\u010dn\u00fdmi tipy, jak v\u00fduku zefektivnit, v\u00fdukov\u00fd pl\u00e1n, do n\u011bj\u017e si m\u016f\u017eete zaznamen\u00e1vat sv\u00e9 pokroky, seznam stop k\u00a0poslechu (kdybyste n\u00e1hodou n\u011b\u010demu nerozum\u011bli), p\u00edsemn\u00e9 vysv\u011btlen\u00ed dan\u00e9ho gramatick\u00e9ho t\u00e9matu\u00a0 a oboustrann\u00e9 karti\u010dky, d\u00edky nim\u017e se m\u016f\u017eete u\u010dit a opakovat i tehdy, kdy\u017e pr\u00e1v\u011b nem\u016f\u017eete poslouchat. Pro ty z v\u00e1s, kte\u0159\u00ed se r\u00e1di zkou\u0161\u00ed, je v\u00a0ka\u017ed\u00e9 lekci p\u0159ipraven p\u0159ekladov\u00fd test s\u00a0kl\u00ed\u010dem obsahuj\u00edc\u00edm spr\u00e1vn\u00e9 odpov\u011bdi.<\/p>\n<h3>Obsah:<\/h3>\n<ul>\n<li>sloveso SER, \u010dlenyp<\/li>\n<li>p\u0159\u00eddavn\u00e1 jm\u00e9na, sloveso TENER<\/li>\n<li>ukazovac\u00ed z\u00e1jmena<\/li>\n<li>slovesa -AR<\/li>\n<li>slovesa -ER, -IR<\/li>\n<li>nepravideln\u00e1 slovesa<\/li>\n<li>slovesa &#8211; ZC, -UE<\/li>\n<li>slovesa -IE<\/li>\n<li>zp\u016fsobov\u00e1 slovesa<\/li>\n<li>z\u00e1jmena ve 3p. a 4p.<\/li>\n<li>zvratn\u00e1 slovesa<\/li>\n<li>sloveso ESTAR<\/li>\n<li>sloveso HABER<\/li>\n<li>sloveso GUSTAR<\/li>\n<li>Gerundium_pr\u016fb\u011bhov\u00fd \u010das<\/li>\n<li>kladn\u00fd rozkaz<\/li>\n<li>z\u00e1porn\u00fd rozkaz<\/li>\n<li>p\u0159edp\u0159\u00edtomn\u00fd \u010das<\/li>\n<li>minul\u00fd \u010das<\/li>\n<li>budouc\u00ed \u010das, vazba ir+a<\/li>\n<li>z\u00e1kladn\u00ed\u00a0 fr\u00e1ze<\/li>\n<\/ul>\n","protected":false},"excerpt":{"rendered":"<p>Kurz \u0160pan\u011blsk\u00e1 gramatika A1_A2 je ur\u010den pro \u00fapln\u00e9 i fale\u0161n\u00e9 za\u010d\u00e1te\u010dn\u00edky, tak\u017ee pokud jste se \u0161pan\u011blsky neu\u010dili v\u016fbec nebo se u\u010dili p\u0159ed n\u011bjakou dobou a chcete si z\u00e1klady d\u016fkladn\u011b zopakovat, je ur\u010den pr\u00e1v\u011b pro v\u00e1s.<\/p>\n","protected":false},"featured_media":218,"comment_status":"open","ping_status":"open","template":"","meta":{"_acf_changed":false,"inline_featured_image":false,"_sitemap_exclude":false,"_sitemap_priority":"","_sitemap_frequency":""},"product_brand":[],"product_cat":[151,152],"product_tag":[160,161,156],"class_list":{"0":"post-217","1":"product","2":"type-product","3":"status-publish","4":"has-post-thumbnail","6":"product_cat-spanelstina","7":"product_cat-vseobecna-spanelstina","8":"product_tag-gramatika-spanelsky","9":"product_tag-spanelsky-snadno-a-rychle","10":"product_tag-spanelstina","11":"pa_delka-14-hodin-27-minut","12":"pa_format-mp3-ke-stazeni","13":"pa_jazykova-uroven-a1","14":"pa_jazykova-uroven-a1-a2","15":"pa_jazykova-uroven-a2","17":"first","18":"instock","19":"downloadable","20":"virtual","21":"purchasable","22":"product-type-simple"},"acf":[],"_links":{"self":[{"href":"https:\/\/audioacademyeu.eu\/cs\/wp-json\/wp\/v2\/product\/217","targetHints":{"allow":["GET"]}}],"collection":[{"href":"https:\/\/audioacademyeu.eu\/cs\/wp-json\/wp\/v2\/product"}],"about":[{"href":"https:\/\/audioacademyeu.eu\/cs\/wp-json\/wp\/v2\/types\/product"}],"replies":[{"embeddable":true,"href":"https:\/\/audioacademyeu.eu\/cs\/wp-json\/wp\/v2\/comments?post=217"}],"wp:featuredmedia":[{"embeddable":true,"href":"https:\/\/audioacademyeu.eu\/cs\/wp-json\/wp\/v2\/media\/218"}],"wp:attachment":[{"href":"https:\/\/audioacademyeu.eu\/cs\/wp-json\/wp\/v2\/media?parent=217"}],"wp:term":[{"taxonomy":"product_brand","embeddable":true,"href":"https:\/\/audioacademyeu.eu\/cs\/wp-json\/wp\/v2\/product_brand?post=217"},{"taxonomy":"product_cat","embeddable":true,"href":"https:\/\/audioacademyeu.eu\/cs\/wp-json\/wp\/v2\/product_cat?post=217"},{"taxonomy":"product_tag","embeddable":true,"href":"https:\/\/audioacademyeu.eu\/cs\/wp-json\/wp\/v2\/product_tag?post=217"}],"curies":[{"name":"wp","href":"https:\/\/api.w.org\/{rel}","templated":true}]}}