
{"id":189,"date":"2025-05-28T07:47:14","date_gmt":"2025-05-28T05:47:14","guid":{"rendered":"https:\/\/audioacademyeu.eu\/cz\/produkt\/italstina-pro-zacatecniky\/"},"modified":"2025-11-25T13:19:21","modified_gmt":"2025-11-25T12:19:21","slug":"italstina-pro-zacatecniky","status":"publish","type":"product","link":"https:\/\/audioacademyeu.eu\/cs\/item\/italstina-pro-zacatecniky\/","title":{"rendered":"Ital\u0161tina pro za\u010d\u00e1te\u010dn\u00edky"},"content":{"rendered":"<p class=\"s3\"><span class=\"s2\">Kurz Ital\u0161tina pro za\u010d\u00e1te\u010dn\u00edky A1\/A2 je ur\u010den pro \u00fapln\u00e9 i fale\u0161n\u00e9 za\u010d\u00e1te\u010dn\u00edky, tak\u017ee pokud jste se <\/span><span class=\"s2\">italsky<\/span><span class=\"s2\"> u\u010dili p\u0159ed n\u011bjakou dobou a chcete si z\u00e1klady d\u016fkladn\u011b zopakovat, je ur\u010den pr\u00e1v\u011b pro v\u00e1s.<\/span><\/p>\n<p class=\"s3\"><span class=\"s2\">Kurz je zalo\u017een na kontextov\u00e9m u\u010den\u00ed, to znamen\u00e1, \u017ee se nebudete u\u010dit jen slov\u00ed\u010dka, ale i v\u011bty, ve kter\u00fdch m\u016f\u017eete dan\u00e1 slov\u00ed\u010dka pou\u017e\u00edt. V\u00a0tomto kurzu najdete celkem 2\u00a0500 slov\u00ed\u010dek a procvi\u010dovac\u00edch v\u011bt. <\/span><\/p>\n<p class=\"s5\"><span class=\"s4\">Kurz obsahuje rovn\u011b\u017e \u010d\u00e1st, kde se m\u016f\u017eete <\/span><span class=\"s4\">osvojit z\u00e1klady v\u00fdslovnosti ve <\/span><span class=\"s4\">ital\u0161<\/span><span class=\"s4\">tin\u011b<\/span><span class=\"s4\"> a sezn\u00e1mit se s\u00a0\u00fapln\u011b nejz\u00e1kladn\u011bj\u0161\u00edmi slov\u00ed\u010dky<\/span><span class=\"s4\">.<\/span><\/p>\n<p class=\"s3\"><span class=\"s2\">Jednotliv\u00e9 lekce jsou rozd\u011bleny podle t\u00e9mat, p\u0159i\u010dem\u017e ka\u017ed\u00e9 obsahuje jin\u00fd po\u010det slov\u00ed\u010dek a v\u011bt. \u00darove\u0148 A1,A2 je za\u010d\u00e1te\u010dnick\u00e1, nejv\u00edce prostoru je proto v\u011bnov\u00e1no t\u00e9mat\u016fm jako z\u00e1klad, cestov\u00e1n\u00ed, voln\u00fd \u010das, rodina, jejich\u017e slovn\u00ed z\u00e1soba a ust\u00e1len\u00e9 obraty v\u00e1m pomohou se z\u00e1kladn\u011b domluvit na cest\u00e1ch a v\u0161eobecn\u011b p\u0159i komunikaci s<\/span><span class=\"s2\">e<\/span><span class=\"s2\">\u00a0<\/span><span class=\"s2\">\u0161pan\u011blsky<\/span><span class=\"s2\"> mluv\u00edc\u00edmi lidmi.<\/span><\/p>\n<p class=\"s3\"><span class=\"s2\">Jak s\u00a0kurzem nejl\u00e9pe pracovat? Zvolte si lekci, kterou chcete za\u010d\u00edt. Ka\u017ed\u00e1 lekce obsahuje \u0161est stop. <\/span><span class=\"s2\">Nejprve se u ka\u017ed\u00e9 lekce seznamte se samotn\u00fdmi slov\u00ed\u010dky (stopa 1 a 2). D\u00e1le m\u00e1te k\u00a0dispozici slov\u00ed\u010dko n\u00e1sledovan\u00e9 p\u0159\u00edkladovou v\u011btou, op\u011bt v\u00a0obou variant\u00e1ch p\u0159ekladu (stopa 3 a 4). \u00a0Pot\u00e9 p\u0159ech\u00e1z\u00edte na cel\u00e9 v\u011bty (stopa 5 a 6). Jakmile budete zvl\u00e1dat p\u0159ekl\u00e1dat v\u011bty z<\/span><span class=\"s2\">e <\/span><span class=\"s2\">ital\u0161<\/span><span class=\"s2\">tiny<\/span> <span class=\"s2\">do <\/span><span class=\"s2\">\u010de\u0161tiny<\/span><span class=\"s2\"> (lekce 6) v\u00a0\u010dasov\u00e9 pauze p\u0159ed <\/span><span class=\"s2\">\u010desk\u00fdm<\/span><span class=\"s2\"> p\u0159ekladem, tak jste vyhr\u00e1li. Samotn\u00e1 slov\u00ed\u010dka V\u00e1m pomohou p\u0159i pochopen\u00ed smyslu, ale pomoc\u00ed osvojen\u00fdch cel\u00fdch v\u011bt budete komunikovat mnohem l\u00e9pe.<\/span><\/p>\n<p class=\"s3\"><span class=\"s2\">U ka\u017ed\u00e9ho bloku plat\u00ed, \u017ee jakmile zvl\u00e1dnete poslech z<\/span> <span class=\"s2\">\u00a0<\/span><span class=\"s2\">ital\u0161<\/span><span class=\"s2\">tiny<\/span><span class=\"s2\"> do <\/span><span class=\"s2\">\u010de\u0161tiny<\/span><span class=\"s2\"> (lekce 1, 3, 5 \u2013 cvi\u010den\u00ed poslouchejte) p\u0159ech\u00e1z\u00edte na p\u0159eklad z<\/span><span class=\"s2\">\u00a0\u010de\u0161tiny <\/span><span class=\"s2\">do <\/span><span class=\"s2\">ital\u0161<\/span><span class=\"s2\">tiny<\/span><span class=\"s2\"> (lekce 2,4,6 \u2013 cvi\u010den\u00ed p\u0159elo\u017ete). \u00a0<\/span><\/p>\n<p class=\"s3\"><span class=\"s2\">V\u00a0r\u00e1mci jedn\u00e9 lekce nemus\u00edte pracovat se v\u0161emi stopami, m\u016f\u017eete se v\u00edce v\u011bnovat takov\u00e9mu poslechu, kter\u00fd v\u00e1m nejv\u00edce vyhovuje. Doporu\u010duji ale poslechnout si v\u0161echny stopy dan\u00e9 lekce minim\u00e1ln\u011b jednou. <\/span><\/p>\n<p class=\"s3\"><span class=\"s2\">Ke kurzu si m\u016f\u017eete zdarma st\u00e1hnout skripta, d\u00edky nim\u017e budou<\/span><span class=\"s2\"> va\u0161e aktivity s\u00a0kurzem mnohem efektivn\u011bj\u0161\u00ed. <\/span><span class=\"s2\">N<\/span><span class=\"s2\">ajdete <\/span><span class=\"s2\">v\u00a0nich<\/span><span class=\"s2\"> n\u00e1vod k\u00a0u\u010den\u00ed spolu s\u00a0u\u017eite\u010dn\u00fdmi tipy, jak v\u00fduku zefektivnit, v\u00fdukov\u00fd pl\u00e1n, do n\u011bj\u017e si m\u016f\u017eete zaznamen\u00e1vat sv\u00e9 pokroky, seznam stop k\u00a0poslechu (kdybyste n\u00e1hodou n\u011b\u010demu nerozum\u011bli), ale i oboustrann\u00e9 karti\u010dky, d\u00edky nim\u017e se m\u016f\u017eete u\u010dit a opakovat i tehdy, kdy\u017e pr\u00e1v\u011b nem\u016f\u017eete poslouchat. Pro ty, kte\u0159\u00ed se r\u00e1di zkou\u0161\u00ed, je v\u00a0ka\u017ed\u00e9 lekci p\u0159ipraven p\u0159ekladov\u00fd test s\u00a0kl\u00ed\u010dem obsahuj\u00edc\u00edm spr\u00e1vn\u00e9 odpov\u011bdi. <\/span><\/p>\n<p class=\"s3\"><span class=\"s2\">Tento kurz je tak\u00e9 k\u00a0dispozici v\u00a0interaktivn\u00edm v\u00fdukov\u00e9m prost\u0159ed\u00ed Audioacademy interactive pro po\u010d\u00edta\u010d a mobiln\u00ed telefon. V\u00edce informac\u00ed na <\/span><a href=\"_wp_link_placeholder\" data-wplink-edit=\"true\"><span class=\"s2\">https:\/\/audioacademyeu.eu\/cs\/go-interactive\/<\/span><\/a><\/p>\n<p class=\"s3\">\n<ul>\n<li class=\"s3\"><span class=\"s2\">Lekce 001 &#8211; bydlen\u00ed<\/span><\/li>\n<li class=\"s3\">Lekce 002 &#8211; cestov\u00e1n\u00ed<\/li>\n<li class=\"s3\">Lekce 003 &#8211; \u010das<\/li>\n<li class=\"s3\">Lekce 004 &#8211; \u010d\u00edslovky<\/li>\n<li class=\"s3\">Lekce 005 &#8211; hotel, restaurace<\/li>\n<li class=\"s3\">Lekce 006 &#8211; j\u00eddlo<\/li>\n<li class=\"s3\">Lekce 007 &#8211; komunikace 1<\/li>\n<li class=\"s3\">Lekce 008 &#8211; komunikace2<\/li>\n<li><span style=\"font-size: revert; color: initial;\">Lekce 009 &#8211; m\u011bsto<\/span><\/li>\n<li>Lekce 010 &#8211; nakupov\u00e1n\u00ed<\/li>\n<li>Lekce 011 &#8211; pozdravy<\/li>\n<li>Lekce 012 &#8211; pr\u00e1ce 1<\/li>\n<li><span style=\"font-size: revert; color: initial;\">Lekce 013 &#8211; pr\u00e1ce 2<\/span><\/li>\n<li>Lekce 014 &#8211; p\u0159\u00edroda<\/li>\n<li>Lekce 015 &#8211; rodina<\/li>\n<li>Lekce 016 &#8211; spole\u010dnost<\/li>\n<li>Lekce 017 &#8211; vlastnost<\/li>\n<li>Lekce 018 &#8211; voln\u00fd \u010das<\/li>\n<li>Lekce 019 &#8211; z\u00e1klad<\/li>\n<\/ul>\n<p class=\"s6\">\n","protected":false},"excerpt":{"rendered":"<p><span class=\"s2\">Kurz Ital\u0161tina pro za\u010d\u00e1te\u010dn\u00edky A1\/A2 je ur\u010den pro \u00fapln\u00e9 i fale\u0161n\u00e9 za\u010d\u00e1te\u010dn\u00edky, tak\u017ee pokud jste se <\/span><span class=\"s2\">italsky<\/span><span class=\"s2\"> u\u010dili p\u0159ed n\u011bjakou dobou a chcete si z\u00e1klady d\u016fkladn\u011b zopakovat, je ur\u010den pr\u00e1v\u011b pro v\u00e1s.<\/span><\/p>\n","protected":false},"featured_media":4914,"comment_status":"open","ping_status":"open","template":"","meta":{"_acf_changed":false,"inline_featured_image":false,"_sitemap_exclude":false,"_sitemap_priority":"","_sitemap_frequency":""},"product_brand":[],"product_cat":[328,132],"product_tag":[133,134,135,136],"class_list":{"0":"post-189","1":"product","2":"type-product","3":"status-publish","4":"has-post-thumbnail","6":"product_cat-vseobecna-italstina","7":"product_cat-italstina","8":"product_tag-italstina","9":"product_tag-italstina-pro-samouky","10":"product_tag-poslechova-italstina","11":"product_tag-ucte-se-poslechem","12":"pa_delka-9-hodin-59-minut","13":"pa_format-mp3-ke-stazeni","14":"pa_jazykova-uroven-a1","15":"pa_jazykova-uroven-a1-a2","16":"pa_jazykova-uroven-a2","18":"first","19":"instock","20":"downloadable","21":"virtual","22":"purchasable","23":"product-type-simple"},"acf":[],"_links":{"self":[{"href":"https:\/\/audioacademyeu.eu\/cs\/wp-json\/wp\/v2\/product\/189","targetHints":{"allow":["GET"]}}],"collection":[{"href":"https:\/\/audioacademyeu.eu\/cs\/wp-json\/wp\/v2\/product"}],"about":[{"href":"https:\/\/audioacademyeu.eu\/cs\/wp-json\/wp\/v2\/types\/product"}],"replies":[{"embeddable":true,"href":"https:\/\/audioacademyeu.eu\/cs\/wp-json\/wp\/v2\/comments?post=189"}],"wp:featuredmedia":[{"embeddable":true,"href":"https:\/\/audioacademyeu.eu\/cs\/wp-json\/wp\/v2\/media\/4914"}],"wp:attachment":[{"href":"https:\/\/audioacademyeu.eu\/cs\/wp-json\/wp\/v2\/media?parent=189"}],"wp:term":[{"taxonomy":"product_brand","embeddable":true,"href":"https:\/\/audioacademyeu.eu\/cs\/wp-json\/wp\/v2\/product_brand?post=189"},{"taxonomy":"product_cat","embeddable":true,"href":"https:\/\/audioacademyeu.eu\/cs\/wp-json\/wp\/v2\/product_cat?post=189"},{"taxonomy":"product_tag","embeddable":true,"href":"https:\/\/audioacademyeu.eu\/cs\/wp-json\/wp\/v2\/product_tag?post=189"}],"curies":[{"name":"wp","href":"https:\/\/api.w.org\/{rel}","templated":true}]}}