
{"id":187,"date":"2025-05-28T07:47:14","date_gmt":"2025-05-28T05:47:14","guid":{"rendered":"https:\/\/audioacademyeu.eu\/cz\/produkt\/nemecka-gramatika-3\/"},"modified":"2025-11-16T20:55:32","modified_gmt":"2025-11-16T19:55:32","slug":"nemecka-gramatika-3","status":"publish","type":"product","link":"https:\/\/audioacademyeu.eu\/cs\/item\/nemecka-gramatika-3\/","title":{"rendered":"N\u011bmeck\u00e1 gramatika 3"},"content":{"rendered":"<p>D\u011bkujeme za z\u00e1jem o kurz N\u011bmeck\u00e1 gramatika B2\/C1. V\u00a0tomto kurzu pro st\u0159edn\u011b pokro\u010dil\u00e9 a pokro\u010dil\u00e9 si zopakujete a roz\u0161\u00ed\u0159\u00edte znalosti v\u00a0pou\u017e\u00edv\u00e1n\u00ed \u010das\u016f, souv\u011bt\u00ed a zejm\u00e9na ust\u00e1len\u00fdch slovesn\u00fdch nebo p\u0159edlo\u017ekov\u00fdch spojen\u00ed, kter\u00e9 byste v\u00a0\u00farovni B2 \u2013 C1 m\u011bli ovl\u00e1dat.<\/p>\n<p>Kurz je zalo\u017een na kontextov\u00e9m u\u010den\u00ed, to znamen\u00e1, \u017ee se nebudete u\u010dit jen slov\u00ed\u010dka, ale i v\u011bty, ve kter\u00fdch m\u016f\u017eete dan\u00e1 slov\u00ed\u010dka pou\u017e\u00edt. V\u00a0tomto kurzu najdete celkem 2800 slov\u00ed\u010dek a procvi\u010dovac\u00edch v\u011bt.<\/p>\n<p>Jak s\u00a0kurzem nejl\u00e9pe pracovat? Zvolte si lekci, kterou chcete za\u010d\u00edt. Prvn\u011b se u ka\u017ed\u00e9 lekce seznamte se slov\u00ed\u010dky (lekce 1 a 2). D\u00e1le m\u00e1te k\u00a0dispozici stru\u010dn\u00e9 vysv\u011btlen\u00ed gramatiky dan\u00e9 lekce. Jedn\u00e1 se opravdu o nejz\u00e1kladn\u011bj\u0161\u00ed pravidla, ve kter\u00e9koli jazykov\u00e9 u\u010debnici najdete podrobn\u011bj\u0161\u00ed vysv\u011btlen\u00ed v\u010detn\u011b v\u00fdjimek. Pot\u00e9 p\u0159ejd\u011bte na v\u011bty. U ka\u017ed\u00e9ho bloku plat\u00ed, \u017ee jakmile zvl\u00e1dnete poslech z\u00a0n\u011bm\u010diny do \u010de\u0161tiny (lekce 3), p\u0159ech\u00e1z\u00edte na p\u0159eklad z\u00a0\u010de\u0161tiny do n\u011bm\u010diny (lekce 4). Jakmile budete zvl\u00e1dat p\u0159ekl\u00e1dat v\u011bty z\u00a0n\u011bm\u010diny\u00a0 do \u010de\u0161tiny (lekce 5) v\u00a0\u010dasov\u00e9 pauze p\u0159ed \u010desk\u00fdm p\u0159ekladem, tak jste vyhr\u00e1li. Nav\u00edc m\u00e1te k\u00a0dispozici i n\u011bmeck\u00fd poslech (lekce6), kde se setk\u00e1te se sekvenc\u00ed pouze n\u011bmeck\u00fdch\u00a0 v\u011bt, kter\u00fdm byste m\u011bli u\u017e bez probl\u00e9mu rozum\u011bt.<\/p>\n<p>Ve skriptech najdete seznam stop k\u00a0poslechu (kdybyste n\u00e1hodou n\u011b\u010demu nerozum\u011bli), oboustrann\u00e9 karti\u010dky, d\u00edky nim\u017e se m\u016f\u017eete u\u010dit a opakovat i tehdy, kdy\u017e pr\u00e1v\u011b nem\u016f\u017eete poslouchat a pro ty, kte\u0159\u00ed se r\u00e1di zkou\u0161\u00ed, je v\u00a0ka\u017ed\u00e9 lekci p\u0159ipraven p\u0159ekladov\u00fd test s\u00a0kl\u00ed\u010dem.<\/p>\n","protected":false},"excerpt":{"rendered":"<p>V kurzu N\u011bm\u010dina pro st\u0159edn\u011b pokro\u010dil\u00e9 a pokro\u010dil\u00e9 si zopakujete a roz\u0161\u00ed\u0159\u00edte znalosti v pou\u017e\u00edv\u00e1n\u00ed \u010das\u016f, souv\u011bt\u00ed a zejm\u00e9na ust\u00e1len\u00fdch slovesn\u00fdch nebo p\u0159edlo\u017ekov\u00fdch spojen\u00ed, kter\u00e9 byste v \u00farovni B2 \u2013 C1 m\u011bli ovl\u00e1dat.<\/p>\n","protected":false},"featured_media":188,"comment_status":"open","ping_status":"open","template":"","meta":{"_acf_changed":false,"inline_featured_image":false,"_sitemap_exclude":false,"_sitemap_priority":"","_sitemap_frequency":""},"product_brand":[],"product_cat":[63,64],"product_tag":[126,67,127,128],"class_list":{"0":"post-187","1":"product","2":"type-product","3":"status-publish","4":"has-post-thumbnail","6":"product_cat-nemcina","7":"product_cat-vseobecna-nemcina","8":"product_tag-gramatika-nemcina","9":"product_tag-nemcina","10":"product_tag-nemecka-gramatika","11":"product_tag-poslechova-nemcina","12":"pa_delka-9-hodin-28-minut","13":"pa_jazykova-uroven-b2","14":"pa_jazykova-uroven-b2-c1","15":"pa_jazykova-uroven-c1","17":"first","18":"instock","19":"downloadable","20":"virtual","21":"purchasable","22":"product-type-simple"},"acf":[],"_links":{"self":[{"href":"https:\/\/audioacademyeu.eu\/cs\/wp-json\/wp\/v2\/product\/187","targetHints":{"allow":["GET"]}}],"collection":[{"href":"https:\/\/audioacademyeu.eu\/cs\/wp-json\/wp\/v2\/product"}],"about":[{"href":"https:\/\/audioacademyeu.eu\/cs\/wp-json\/wp\/v2\/types\/product"}],"replies":[{"embeddable":true,"href":"https:\/\/audioacademyeu.eu\/cs\/wp-json\/wp\/v2\/comments?post=187"}],"wp:featuredmedia":[{"embeddable":true,"href":"https:\/\/audioacademyeu.eu\/cs\/wp-json\/wp\/v2\/media\/188"}],"wp:attachment":[{"href":"https:\/\/audioacademyeu.eu\/cs\/wp-json\/wp\/v2\/media?parent=187"}],"wp:term":[{"taxonomy":"product_brand","embeddable":true,"href":"https:\/\/audioacademyeu.eu\/cs\/wp-json\/wp\/v2\/product_brand?post=187"},{"taxonomy":"product_cat","embeddable":true,"href":"https:\/\/audioacademyeu.eu\/cs\/wp-json\/wp\/v2\/product_cat?post=187"},{"taxonomy":"product_tag","embeddable":true,"href":"https:\/\/audioacademyeu.eu\/cs\/wp-json\/wp\/v2\/product_tag?post=187"}],"curies":[{"name":"wp","href":"https:\/\/api.w.org\/{rel}","templated":true}]}}