
{"id":183,"date":"2025-05-28T07:47:14","date_gmt":"2025-05-28T05:47:14","guid":{"rendered":"https:\/\/audioacademyeu.eu\/cz\/produkt\/nemecka-gramatika-1\/"},"modified":"2025-11-16T20:55:13","modified_gmt":"2025-11-16T19:55:13","slug":"nemecka-gramatika-1","status":"publish","type":"product","link":"https:\/\/audioacademyeu.eu\/cs\/item\/nemecka-gramatika-1\/","title":{"rendered":"N\u011bmeck\u00e1 gramatika 1"},"content":{"rendered":"<p>D\u011bkujeme za z\u00e1jem o poslechov\u00fd kurz N\u011bmeck\u00e1 gramatika A1,A2. V\u00a0tomto kurzu pro za\u010d\u00e1te\u010dn\u00edky a velmi m\u00edrn\u011b pokro\u010dil\u00e9 se sezn\u00e1m\u00edte s\u00a0pr\u016f\u0159ezem t\u00e9mat, d\u00edky kter\u00fdm byste se m\u011bli rychle domluvit i s\u00a0minim\u00e1ln\u00ed slovn\u00ed z\u00e1sobou, a vybudujete si p\u0159\u00edpadn\u011b z\u00e1klad pro dal\u0161\u00ed rozvoj komunika\u010dn\u00edch schopnost\u00ed.<\/p>\n<p>Kurz je zalo\u017een na kontextov\u00e9m u\u010den\u00ed, to znamen\u00e1, \u017ee se nebudete u\u010dit jen slov\u00ed\u010dka, ale i v\u011bty, ve kter\u00fdch m\u016f\u017eete dan\u00e1 slov\u00ed\u010dka pou\u017e\u00edt. V\u00a0tomto kurzu najdete celkem 1500 slov\u00ed\u010dek a procvi\u010dovac\u00edch v\u011bt.<\/p>\n<p>Jak s\u00a0kurzem nejl\u00e9pe pracovat? Zvolte si lekci, kterou chcete za\u010d\u00edt. Prvn\u011b se u ka\u017ed\u00e9 lekce seznamte se slov\u00ed\u010dky (lekce 1 a 2). D\u00e1le m\u00e1te k\u00a0dispozici stru\u010dn\u00e9 vysv\u011btlen\u00ed gramatiky dan\u00e9 lekce. Jedn\u00e1 se opravdu o nejz\u00e1kladn\u011bj\u0161\u00ed pravidla, ve kter\u00e9koli jazykov\u00e9 u\u010debnici najdete podrobn\u011bj\u0161\u00ed vysv\u011btlen\u00ed v\u010detn\u011b v\u00fdjimek. Pot\u00e9 p\u0159ejd\u011bte na v\u011bty. U ka\u017ed\u00e9ho bloku plat\u00ed, \u017ee jakmile zvl\u00e1dnete poslech z\u00a0n\u011bm\u010diny do \u010de\u0161tiny (lekce 3), p\u0159ech\u00e1z\u00edte na p\u0159eklad z\u00a0\u010de\u0161tiny do n\u011bm\u010diny (lekce 4). Jakmile budete zvl\u00e1dat p\u0159ekl\u00e1dat v\u011bty z\u00a0n\u011bm\u010diny\u00a0 do \u010de\u0161tiny (lekce 5) v\u00a0\u010dasov\u00e9 pauze p\u0159ed \u010desk\u00fdm p\u0159ekladem, tak jste vyhr\u00e1li. Nav\u00edc m\u00e1te k\u00a0dispozici i n\u011bmeck\u00fd poslech (lekce 6), kde se setk\u00e1te se sekvenc\u00ed pouze n\u011bmeck\u00fdch\u00a0 v\u011bt, kter\u00fdm byste m\u011bli u\u017e bez probl\u00e9mu rozum\u011bt.<\/p>\n<p>Ve skriptech najdete v\u00fdukov\u00fd pl\u00e1n, \u00a0seznam stop k\u00a0poslechu (kdybyste n\u00e1hodou n\u011b\u010demu nerozum\u011bli), \u00a0vysv\u011btlen\u00ed gramatick\u00e9 lekce, oboustrann\u00e9 karti\u010dky, d\u00edky nim\u017e se m\u016f\u017eete u\u010dit a opakovat i tehdy, kdy\u017e pr\u00e1v\u011b nem\u016f\u017eete poslouchat a pro ty, kte\u0159\u00ed se r\u00e1di zkou\u0161\u00ed, je v\u00a0ka\u017ed\u00e9 lekci p\u0159ipraven p\u0159ekladov\u00fd test s\u00a0kl\u00ed\u010dem.<\/p>\n<p>&nbsp;<\/p>\n<p><strong>Seznam lekc\u00ed:<\/strong><\/p>\n<ul>\n<li>Sloveso SEIN<\/li>\n<li>\u010casov\u00e1n\u00ed pravideln\u00fdch sloves<\/li>\n<li>\u010clen ur\u010dit\u00fd a neur\u010dit\u00fd<\/li>\n<li>Sklo\u0148ov\u00e1n\u00ed podstatn\u00fdch jmen<\/li>\n<li>P\u0159ivlast\u0148ovac\u00ed a osobn\u00ed z\u00e1jmena<\/li>\n<li>Slovesa \u00a0s\u00a0hl\u00e1skovou zm\u011bnou, s\u00a0odlu\u010ditelnou p\u0159edponou, zvratn\u00e1<\/li>\n<li>Rozkazovac\u00ed zp\u016fsob<\/li>\n<li>Zp\u016fsobov\u00e1 slovesa<\/li>\n<li>P\u0159edlo\u017eky<\/li>\n<li>P\u0159edlo\u017ekov\u00e9 vazby<\/li>\n<li>P\u0159\u00eddavn\u00e1 jm\u00e9na \u2013 stup\u0148ov\u00e1n\u00ed a sklo\u0148ov\u00e1n\u00ed<\/li>\n<li>\u00davod do minul\u00e9ho \u010dasu<\/li>\n<li>Infinitiv, konjunktiv, trpn\u00fd rod<\/li>\n<\/ul>\n","protected":false},"excerpt":{"rendered":"<p>V poslechov\u00e9m kurzu N\u011bmeck\u00e1 gramatika A1,A2 pro za\u010d\u00e1te\u010dn\u00edky a velmi m\u00edrn\u011b pokro\u010dil\u00e9 se sezn\u00e1m\u00edte s\u00a0pr\u016f\u0159ezem t\u00e9mat, d\u00edky kter\u00fdm byste se m\u011bli rychle domluvit i s\u00a0minim\u00e1ln\u00ed slovn\u00ed z\u00e1sobou, a vybudujete si p\u0159\u00edpadn\u011b z\u00e1klad pro dal\u0161\u00ed rozvoj komunika\u010dn\u00edch schopnost\u00ed.<\/p>\n","protected":false},"featured_media":184,"comment_status":"open","ping_status":"open","template":"","meta":{"_acf_changed":false,"inline_featured_image":false,"_sitemap_exclude":false,"_sitemap_priority":"","_sitemap_frequency":""},"product_brand":[],"product_cat":[63,64],"product_tag":[126,127,128],"class_list":{"0":"post-183","1":"product","2":"type-product","3":"status-publish","4":"has-post-thumbnail","6":"product_cat-nemcina","7":"product_cat-vseobecna-nemcina","8":"product_tag-gramatika-nemcina","9":"product_tag-nemecka-gramatika","10":"product_tag-poslechova-nemcina","11":"pa_delka-5-hodin-34-minut","12":"pa_format-mp3-ke-stazeni","13":"pa_jazykova-uroven-a1","14":"pa_jazykova-uroven-a1-a2","15":"pa_jazykova-uroven-a2","17":"first","18":"instock","19":"downloadable","20":"virtual","21":"purchasable","22":"product-type-simple"},"acf":[],"_links":{"self":[{"href":"https:\/\/audioacademyeu.eu\/cs\/wp-json\/wp\/v2\/product\/183","targetHints":{"allow":["GET"]}}],"collection":[{"href":"https:\/\/audioacademyeu.eu\/cs\/wp-json\/wp\/v2\/product"}],"about":[{"href":"https:\/\/audioacademyeu.eu\/cs\/wp-json\/wp\/v2\/types\/product"}],"replies":[{"embeddable":true,"href":"https:\/\/audioacademyeu.eu\/cs\/wp-json\/wp\/v2\/comments?post=183"}],"wp:featuredmedia":[{"embeddable":true,"href":"https:\/\/audioacademyeu.eu\/cs\/wp-json\/wp\/v2\/media\/184"}],"wp:attachment":[{"href":"https:\/\/audioacademyeu.eu\/cs\/wp-json\/wp\/v2\/media?parent=183"}],"wp:term":[{"taxonomy":"product_brand","embeddable":true,"href":"https:\/\/audioacademyeu.eu\/cs\/wp-json\/wp\/v2\/product_brand?post=183"},{"taxonomy":"product_cat","embeddable":true,"href":"https:\/\/audioacademyeu.eu\/cs\/wp-json\/wp\/v2\/product_cat?post=183"},{"taxonomy":"product_tag","embeddable":true,"href":"https:\/\/audioacademyeu.eu\/cs\/wp-json\/wp\/v2\/product_tag?post=183"}],"curies":[{"name":"wp","href":"https:\/\/api.w.org\/{rel}","templated":true}]}}