
{"id":165,"date":"2025-05-28T07:47:14","date_gmt":"2025-05-28T05:47:14","guid":{"rendered":"https:\/\/audioacademyeu.eu\/cz\/produkt\/anglicka-gramatika-pro-stredne-pokrocile-b1\/"},"modified":"2025-11-16T20:54:52","modified_gmt":"2025-11-16T19:54:52","slug":"anglicka-gramatika-pro-stredne-pokrocile-b1","status":"publish","type":"product","link":"https:\/\/audioacademyeu.eu\/cs\/item\/anglicka-gramatika-pro-stredne-pokrocile-b1\/","title":{"rendered":"Anglick\u00e1 gramatika pro st\u0159edn\u011b pokro\u010dil\u00e9 B1"},"content":{"rendered":"\n<p>V poslechov\u00e9m kurzu Anglick\u00e1 gramatika B1 pro m\u00edrn\u011b a st\u0159edn\u011b pokro\u010dil\u00e9 si zopakujete a roz\u0161\u00ed\u0159\u00edte znalosti v pou\u017e\u00edv\u00e1n\u00ed p\u0159edp\u0159\u00edtomn\u00fdch, p\u0159\u00edtomn\u00fdch, minul\u00fdch i budouc\u00edch \u010das\u016f, slo\u017eit\u011bj\u0161\u00edch p\u0159edlo\u017eek, z\u00e1jmen, podmi\u0148ovac\u00edho zp\u016fsobu, infinitivu a dal\u0161\u00edch t\u00e9mat.<\/p>\n","protected":false},"excerpt":{"rendered":"<p>V poslechov\u00e9m kurzu Anglick\u00e1 gramatika B1 pro m\u00edrn\u011b a st\u0159edn\u011b pokro\u010dil\u00e9 si zopakujete a roz\u0161\u00ed\u0159\u00edte znalosti v pou\u017e\u00edv\u00e1n\u00ed p\u0159edp\u0159\u00edtomn\u00fdch, p\u0159\u00edtomn\u00fdch, minul\u00fdch i budouc\u00edch \u010das\u016f, slo\u017eit\u011bj\u0161\u00edch p\u0159edlo\u017eek, z\u00e1jmen, podmi\u0148ovac\u00edho zp\u016fsobu, infinitivu a dal\u0161\u00edch t\u00e9mat.<\/p>\n","protected":false},"featured_media":166,"comment_status":"open","ping_status":"open","template":"","meta":{"_acf_changed":false,"inline_featured_image":false,"_sitemap_exclude":false,"_sitemap_priority":"","_sitemap_frequency":""},"product_brand":[],"product_cat":[42,19],"product_tag":[87,23,24,101,102,91,57,103,104,105,106,107],"class_list":{"0":"post-165","1":"product","2":"type-product","3":"status-publish","4":"has-post-thumbnail","6":"product_cat-vseobecna-anglictina","7":"product_cat-anglictina","8":"product_tag-anglicka-gramatika","9":"product_tag-anglictina-do-auta","10":"product_tag-anglictina-mp3","11":"product_tag-anglictina-predpritomny-cas","12":"product_tag-budouci-cas-anglictina","13":"product_tag-gramatika-anglictina","14":"product_tag-nepravidelna-slovesa","15":"product_tag-nepravidelna-slovesa-aj","16":"product_tag-stupnovani-pridavnych-jmen-anglictina","17":"product_tag-trpny-rod","18":"product_tag-trpny-rod-aj","19":"product_tag-trpny-rod-anglictina","20":"pa_delka-5-hodin-48-minut","21":"pa_format-mp3-ke-stazeni","22":"pa_jazykova-uroven-a2-b1","23":"pa_jazykova-uroven-b1","24":"pa_jazykova-uroven-b1-b2","26":"first","27":"instock","28":"downloadable","29":"virtual","30":"purchasable","31":"product-type-simple"},"acf":[],"_links":{"self":[{"href":"https:\/\/audioacademyeu.eu\/cs\/wp-json\/wp\/v2\/product\/165","targetHints":{"allow":["GET"]}}],"collection":[{"href":"https:\/\/audioacademyeu.eu\/cs\/wp-json\/wp\/v2\/product"}],"about":[{"href":"https:\/\/audioacademyeu.eu\/cs\/wp-json\/wp\/v2\/types\/product"}],"replies":[{"embeddable":true,"href":"https:\/\/audioacademyeu.eu\/cs\/wp-json\/wp\/v2\/comments?post=165"}],"wp:featuredmedia":[{"embeddable":true,"href":"https:\/\/audioacademyeu.eu\/cs\/wp-json\/wp\/v2\/media\/166"}],"wp:attachment":[{"href":"https:\/\/audioacademyeu.eu\/cs\/wp-json\/wp\/v2\/media?parent=165"}],"wp:term":[{"taxonomy":"product_brand","embeddable":true,"href":"https:\/\/audioacademyeu.eu\/cs\/wp-json\/wp\/v2\/product_brand?post=165"},{"taxonomy":"product_cat","embeddable":true,"href":"https:\/\/audioacademyeu.eu\/cs\/wp-json\/wp\/v2\/product_cat?post=165"},{"taxonomy":"product_tag","embeddable":true,"href":"https:\/\/audioacademyeu.eu\/cs\/wp-json\/wp\/v2\/product_tag?post=165"}],"curies":[{"name":"wp","href":"https:\/\/api.w.org\/{rel}","templated":true}]}}