
{"id":163,"date":"2025-05-28T07:46:37","date_gmt":"2025-05-28T05:46:37","guid":{"rendered":"https:\/\/audioacademyeu.eu\/cz\/produkt\/anglicka-gramatika-a1-a2\/"},"modified":"2025-11-16T20:58:18","modified_gmt":"2025-11-16T19:58:18","slug":"anglicka-gramatika-a1-a2","status":"publish","type":"product","link":"https:\/\/audioacademyeu.eu\/cs\/item\/anglicka-gramatika-a1-a2\/","title":{"rendered":"Anglick\u00e1 gramatika A1, A2"},"content":{"rendered":"<p>Poslouchejte v\u00a0aut\u011b, p\u0159i sportu \u010di relaxaci\u2026 <strong>Poslechov\u00fd kurz Anglick\u00e1 gramatika 1<\/strong> je ur\u010den pro za\u010d\u00e1te\u010dn\u00edky a m\u00edrn\u011b pokro\u010dil\u00e9. V\u00a0jednadvaceti lekc\u00edch si procvi\u010d\u00edte \u010d\u00edslovky, sloveso b\u00fdt, z\u00e1jmena, p\u0159edlo\u017eky, v\u011bty v\u00a0p\u0159\u00edtomn\u00e9m \u010dase prost\u00e9m a pr\u016fb\u011bhov\u00e9m, zp\u016fsobov\u00e1 slovesa, neur\u010dit\u00e1 z\u00e1jmena, ur\u010dov\u00e1n\u00ed mno\u017estv\u00ed, p\u0159\u00eddavn\u00e1 jm\u00e9na a z\u00e1klady minul\u00e9ho \u010dasu. Kurz je zalo\u017een na kontextov\u00e9m u\u010den\u00ed, to znamen\u00e1, \u017ee se nebudete u\u010dit jen slov\u00ed\u010dka, ale i v\u011bty, ve kter\u00fdch m\u016f\u017eete dan\u00e1 slov\u00ed\u010dka pou\u017e\u00edt. V\u00a0tomto kurzu najdete celkem 1800 slov\u00ed\u010dek a procvi\u010dovac\u00edch v\u011bt.<\/p>\n<p>Jak s\u00a0kurzem nejl\u00e9pe pracovat? Zvolte si lekci, kterou chcete za\u010d\u00edt. Prvn\u011b se u ka\u017ed\u00e9 lekce seznamte se slov\u00ed\u010dky (lekce 1 a 2). D\u00e1le m\u00e1te k\u00a0dispozici stru\u010dn\u00e9 vysv\u011btlen\u00ed gramatiky dan\u00e9 lekce. Jedn\u00e1 se opravdu o nejz\u00e1kladn\u011bj\u0161\u00ed pravidla, ve kter\u00e9koli jazykov\u00e9 u\u010debnici najdete podrobn\u011bj\u0161\u00ed vysv\u011btlen\u00ed v\u010detn\u011b v\u00fdjimek. Pot\u00e9 p\u0159ejd\u011bte na v\u011bty. U ka\u017ed\u00e9ho bloku plat\u00ed, \u017ee jakmile zvl\u00e1dnete poslech z\u00a0angli\u010dtiny do \u010de\u0161tiny (lekce 3), p\u0159ech\u00e1z\u00edte na p\u0159eklad z\u00a0\u010de\u0161tiny do angli\u010dtiny (lekce 4). Jakmile budete zvl\u00e1dat p\u0159ekl\u00e1dat v\u011bty z\u00a0angli\u010dtiny do \u010de\u0161tiny (lekce 5) v\u00a0\u010dasov\u00e9 pauze p\u0159ed \u010desk\u00fdm p\u0159ekladem, tak jste vyhr\u00e1li. Nav\u00edc m\u00e1te k\u00a0dispozici i anglick\u00fd poslech (lekce6), kde se setk\u00e1te se sekvenc\u00ed pouze anglick\u00fdch v\u011bt, kter\u00fdm byste m\u011bli bez probl\u00e9mu rozum\u011bt.<\/p>\n<p>K dispozici m\u00e1te skripta, kde najdete seznamy stop k\u00a0poslechu (kdybyste n\u00e1hodou n\u011b\u010demu nerozum\u011bli), oboustrann\u00e9 karti\u010dky, d\u00edky nim\u017e se m\u016f\u017eete u\u010dit a opakovat i tehdy, kdy\u017e pr\u00e1v\u011b nem\u016f\u017eete poslouchat a pro ty, kte\u0159\u00ed se r\u00e1di zkou\u0161\u00ed, je v\u00a0ka\u017ed\u00e9 lekci p\u0159ipraven p\u0159ekladov\u00fd test s\u00a0kl\u00ed\u010dem.<\/p>\n<p>&#8212;<br \/>\n<small>Kl\u00ed\u010dov\u00e9 znalosti angli\u010dtina: minul\u00fd \u010das, p\u0159edlo\u017eky, slovesa, mod\u00e1ln\u00ed slovesa, anglick\u00e9 \u010dasy, z\u00e1jmena, anglick\u00e1 nepravideln\u00e1 slovesa, p\u0159ivlast\u0148ovac\u00ed z\u00e1jmena, osobn\u00ed z\u00e1jmena, p\u0159edlo\u017eky v angli\u010dtin\u011b <\/small><\/p>\n","protected":false},"excerpt":{"rendered":"<p><span lang=\"cs-CZ\">Poslechov\u00fd kurz <strong>Anglick\u00e1 gramatika 1<\/strong> je ur\u010den pro za\u010d\u00e1te\u010dn\u00edky, m\u00edrn\u011b pokro\u010dil\u00e9 a samouky. V jednadvaceti lekc\u00edch si procvi\u010d\u00edte \u010d\u00edslovky, sloveso b\u00fdt, z\u00e1jmena, p\u0159edlo\u017eky, v\u011bty v p\u0159\u00edtomn\u00e9m \u010dase prost\u00e9m a pr\u016fb\u011bhov\u00e9m, zp\u016fsobov\u00e1 slovesa, neur\u010dit\u00e1 z\u00e1jmena, ur\u010dov\u00e1n\u00ed mno\u017estv\u00ed, p\u0159\u00eddavn\u00e1 jm\u00e9na a z\u00e1klady minul\u00e9ho \u010dasu. <\/span><\/p>\n","protected":false},"featured_media":164,"comment_status":"open","ping_status":"open","template":"","meta":{"_acf_changed":false,"inline_featured_image":false,"_sitemap_exclude":false,"_sitemap_priority":"","_sitemap_frequency":""},"product_brand":[],"product_cat":[19,42],"product_tag":[87,88,56,89,23,24,90,91,92,93,94,25,95,96,97,98,99],"class_list":{"0":"post-163","1":"product","2":"type-product","3":"status-publish","4":"has-post-thumbnail","6":"product_cat-anglictina","7":"product_cat-vseobecna-anglictina","8":"product_tag-anglicka-gramatika","9":"product_tag-anglicka-nepravidelna-slovesa","10":"product_tag-anglicka-slovesa","11":"product_tag-anglicke-casy","12":"product_tag-anglictina-do-auta","13":"product_tag-anglictina-mp3","14":"product_tag-anglictina-pro-zacatecniky-a-samouky","15":"product_tag-gramatika-anglictina","16":"product_tag-minuly-cas-anglictina","17":"product_tag-modalni-slovesa-anglictina","18":"product_tag-osobni-zajmena-anglictina","19":"product_tag-poslechova-anglictina","20":"product_tag-predlozky-anglictina","21":"product_tag-predlozky-v-anglictine","22":"product_tag-privlastnovaci-zajmena-anglictina","23":"product_tag-slovesa-anglictina","24":"product_tag-zajmena-anglictina","25":"pa_delka-6-hodin-35-minut","26":"pa_format-mp3-ke-stazeni","27":"pa_jazykova-uroven-a1","28":"pa_jazykova-uroven-a1-a2","29":"pa_jazykova-uroven-a2","31":"first","32":"instock","33":"downloadable","34":"virtual","35":"purchasable","36":"product-type-simple"},"acf":[],"_links":{"self":[{"href":"https:\/\/audioacademyeu.eu\/cs\/wp-json\/wp\/v2\/product\/163","targetHints":{"allow":["GET"]}}],"collection":[{"href":"https:\/\/audioacademyeu.eu\/cs\/wp-json\/wp\/v2\/product"}],"about":[{"href":"https:\/\/audioacademyeu.eu\/cs\/wp-json\/wp\/v2\/types\/product"}],"replies":[{"embeddable":true,"href":"https:\/\/audioacademyeu.eu\/cs\/wp-json\/wp\/v2\/comments?post=163"}],"wp:featuredmedia":[{"embeddable":true,"href":"https:\/\/audioacademyeu.eu\/cs\/wp-json\/wp\/v2\/media\/164"}],"wp:attachment":[{"href":"https:\/\/audioacademyeu.eu\/cs\/wp-json\/wp\/v2\/media?parent=163"}],"wp:term":[{"taxonomy":"product_brand","embeddable":true,"href":"https:\/\/audioacademyeu.eu\/cs\/wp-json\/wp\/v2\/product_brand?post=163"},{"taxonomy":"product_cat","embeddable":true,"href":"https:\/\/audioacademyeu.eu\/cs\/wp-json\/wp\/v2\/product_cat?post=163"},{"taxonomy":"product_tag","embeddable":true,"href":"https:\/\/audioacademyeu.eu\/cs\/wp-json\/wp\/v2\/product_tag?post=163"}],"curies":[{"name":"wp","href":"https:\/\/api.w.org\/{rel}","templated":true}]}}