
{"id":112,"date":"2025-05-28T07:46:37","date_gmt":"2025-05-28T05:46:37","guid":{"rendered":"https:\/\/audioacademyeu.eu\/cz\/produkt\/nemecka-konverzace\/"},"modified":"2025-11-16T20:56:21","modified_gmt":"2025-11-16T19:56:21","slug":"nemecka-konverzace","status":"publish","type":"product","link":"https:\/\/audioacademyeu.eu\/cs\/item\/nemecka-konverzace\/","title":{"rendered":"N\u011bmeck\u00e1 konverzace"},"content":{"rendered":"<p>V <strong>N\u011bmeck\u00e9 konverzaci<\/strong> najdete n\u00e1sleduj\u00edc\u00ed lekce: pozdravy, p\u0159edstavov\u00e1n\u00ed, restaurace, komunikace v pr\u00e1ci, u l\u00e9ka\u0159e, prohl\u00eddka m\u011bsta, cestov\u00e1n\u00ed letadlem, na policii, v hotelu, ur\u010dov\u00e1n\u00ed \u010dasu, nakupov\u00e1n\u00ed, cestov\u00e1n\u00ed, pracovn\u00ed pohovor a konverzace na dovolen\u00e9. Nau\u010d\u00edte se nejen pt\u00e1t, ale tak\u00e9 nejb\u011b\u017en\u011bj\u0161\u00edm zp\u016fsobem odpov\u00eddat. Pokud r\u00e1di cestujete a m\u00e1te probl\u00e9m s porozum\u011bn\u00edm na leti\u0161ti, v hotelu, v metru apod. je tento kurz pr\u00e1v\u011b pro v\u00e1s. Kurz obsahuje celkem 910 fr\u00e1z\u00ed a reakc\u00ed (celkem 1824 poslechov\u00fdch jednotek) Ka\u017ed\u00e9 t\u00e9ma je rozd\u011bleno do samostatn\u00fdch blok\u016f \u2013 ot\u00e1zek, odpov\u011bd\u00ed a reakc\u00ed. C\u00edlem je nejen porozum\u011bt samostatn\u00fdm slov\u00ed\u010dk\u016fm, ale um\u011bt spr\u00e1vn\u011b reagovat v obvykle u\u017e\u00edvan\u00fdch v\u011bt\u00e1ch.<\/p>\n","protected":false},"excerpt":{"rendered":"<p>V <strong>N\u011bmeck\u00e9 konverzaci<\/strong> najdete n\u00e1sleduj\u00edc\u00ed lekce: pozdravy, p\u0159edstavov\u00e1n\u00ed, restaurace, komunikace v pr\u00e1ci, u l\u00e9ka\u0159e, prohl\u00eddka m\u011bsta, cestov\u00e1n\u00ed letadlem, na policii, v hotelu, ur\u010dov\u00e1n\u00ed \u010dasu, nakupov\u00e1n\u00ed, cestov\u00e1n\u00ed, pracovn\u00ed pohovor a konverzace na dovolen\u00e9. Krom MP3, m\u00e1te <a href=\"https:\/\/poslechovaanglictina.cz\/wp-content\/uploads\/2017\/08\/skripta-konverzace-CZ_DE-1.pdf\">k dispozici i skripta<\/a>.<\/p>\n","protected":false},"featured_media":113,"comment_status":"open","ping_status":"open","template":"","meta":{"_acf_changed":false,"inline_featured_image":false,"_sitemap_exclude":false,"_sitemap_priority":"","_sitemap_frequency":""},"product_brand":[],"product_cat":[63,64],"product_tag":[65,66,67],"class_list":{"0":"post-112","1":"product","2":"type-product","3":"status-publish","4":"has-post-thumbnail","6":"product_cat-nemcina","7":"product_cat-vseobecna-nemcina","8":"product_tag-konverzace-nemcina","9":"product_tag-konverzace-v-nemcine","10":"product_tag-nemcina","11":"pa_delka-8-hodin-59-minut","12":"pa_format-mp3-ke-stazeni","13":"pa_jazykova-uroven-a2","14":"pa_jazykova-uroven-a2-b1","15":"pa_jazykova-uroven-b1","17":"first","18":"instock","19":"downloadable","20":"virtual","21":"purchasable","22":"product-type-simple"},"acf":[],"_links":{"self":[{"href":"https:\/\/audioacademyeu.eu\/cs\/wp-json\/wp\/v2\/product\/112","targetHints":{"allow":["GET"]}}],"collection":[{"href":"https:\/\/audioacademyeu.eu\/cs\/wp-json\/wp\/v2\/product"}],"about":[{"href":"https:\/\/audioacademyeu.eu\/cs\/wp-json\/wp\/v2\/types\/product"}],"replies":[{"embeddable":true,"href":"https:\/\/audioacademyeu.eu\/cs\/wp-json\/wp\/v2\/comments?post=112"}],"wp:featuredmedia":[{"embeddable":true,"href":"https:\/\/audioacademyeu.eu\/cs\/wp-json\/wp\/v2\/media\/113"}],"wp:attachment":[{"href":"https:\/\/audioacademyeu.eu\/cs\/wp-json\/wp\/v2\/media?parent=112"}],"wp:term":[{"taxonomy":"product_brand","embeddable":true,"href":"https:\/\/audioacademyeu.eu\/cs\/wp-json\/wp\/v2\/product_brand?post=112"},{"taxonomy":"product_cat","embeddable":true,"href":"https:\/\/audioacademyeu.eu\/cs\/wp-json\/wp\/v2\/product_cat?post=112"},{"taxonomy":"product_tag","embeddable":true,"href":"https:\/\/audioacademyeu.eu\/cs\/wp-json\/wp\/v2\/product_tag?post=112"}],"curies":[{"name":"wp","href":"https:\/\/api.w.org\/{rel}","templated":true}]}}