
{"id":106,"date":"2025-05-28T07:46:37","date_gmt":"2025-05-28T05:46:37","guid":{"rendered":"https:\/\/audioacademyeu.eu\/cz\/produkt\/anglictina-vlastnosti-pro-zacatecniky-a1-a2\/"},"modified":"2025-11-16T20:57:50","modified_gmt":"2025-11-16T19:57:50","slug":"anglictina-vlastnosti-pro-zacatecniky-a1-a2","status":"publish","type":"product","link":"https:\/\/audioacademyeu.eu\/cs\/item\/anglictina-vlastnosti-pro-zacatecniky-a1-a2\/","title":{"rendered":"Angli\u010dtina &#8211; vlastnosti pro za\u010d\u00e1te\u010dn\u00edky A1, A2"},"content":{"rendered":"<p>Pro vyjad\u0159ov\u00e1n\u00ed na \u00farovni pot\u0159ebujete zn\u00e1t slovn\u00ed z\u00e1sobu popisuj\u00edc\u00ed vlastnosti. Pokud pat\u0159\u00edte mezi za\u010d\u00e1te\u010dn\u00edky (i ty v\u011b\u010dn\u00e9   ) nebo m\u00edrn\u011b pokro\u010dil\u00e9, a chcete si sv\u00e9 dosavadn\u00ed znalosti procvi\u010dit a roz\u0161\u00ed\u0159it trochu jinak, je\u00a0<strong>Angli\u010dtina &#8211; vlastnosti pro za\u010d\u00e1te\u010dn\u00edky<\/strong> vhodn\u00e1 pr\u00e1v\u011b pro v\u00e1s.<\/p>\n<p>Ke ka\u017ed\u00e9mu slov\u00ed\u010dku m\u00e1te k\u00a0dispozici i p\u0159\u00edkladovou v\u011btu, tak\u017ee si konkr\u00e9tn\u00ed slov\u00ed\u010dko d\u00edky jeho pou\u017eit\u00ed v\u00a0kontextu l\u00e9pe zapamatujete. Z\u00e1rove\u0148 si s\u00a0ka\u017edou v\u011btou procvi\u010d\u00edte n\u011bjak\u00fd z\u00e1kladn\u00ed gramatick\u00fd jev.<\/p>\n<p>Ud\u011blejte ka\u017ed\u00fd den n\u011bco pro sv\u016fj rozvoj a sv\u00e9 zdokonalen\u00ed. M\u016f\u017ee to b\u00fdt i z\u00e1bava. Poslouchejte v aut\u011b, ve vlaku, v tramvaji, v \u010dek\u00e1rn\u00e1ch a uvid\u00edte, jak rychle se dostav\u00ed prvn\u00ed pokroky. Tuto aktivitu m\u016f\u017eete kombinovat s jak\u00fdmkoli jin\u00fdm jazykov\u00fdm kurzem \u00farovn\u011b A1\/A2 (prvn\u00ed\/druh\u00fd rok v\u00fduky v jazykov\u00e9m kurzu).<\/p>\n<p>V kurzu najdete v\u00edce ne\u017e 200 slov\u00ed\u010dek a procvi\u010dovac\u00edch v\u011bt rozd\u011blen\u00fdch do 5 v\u00fdukov\u00fdch blok\u016f. K dispozici m\u00e1te zdarma skripta obsahuj\u00edc\u00ed texty nahr\u00e1vek, oboustrann\u00e9 karti\u010dky pro snadn\u011bj\u0161\u00ed zapamatov\u00e1n\u00ed a kontroln\u00ed testy.<\/p>\n","protected":false},"excerpt":{"rendered":"<p>Pro vyjad\u0159ov\u00e1n\u00ed na \u00farovni pot\u0159ebujete zn\u00e1t slovn\u00ed z\u00e1sobu popisuj\u00edc\u00ed vlastnosti. Pokud pat\u0159\u00edte mezi za\u010d\u00e1te\u010dn\u00edky (i ty v\u011b\u010dn\u00e9 ) nebo m\u00edrn\u011b pokro\u010dil\u00e9, je\u00a0<strong>Angli\u010dtina &#8211; vlastnosti pro za\u010d\u00e1te\u010dn\u00edky\u00a0<\/strong>ur\u010dena pr\u00e1v\u011b V\u00e1m. Krom MP3, m\u00e1te k dispozici samoz\u0159ejm\u011b i <a href=\"https:\/\/poslechovaanglictina.cz\/wp-content\/uploads\/2017\/08\/Anglictina-_vlastnosti_pro_zatenky_-_skripta.pdf\">skripta<\/a>.<\/p>\n","protected":false},"featured_media":107,"comment_status":"open","ping_status":"open","template":"","meta":{"_acf_changed":false,"inline_featured_image":false,"_sitemap_exclude":false,"_sitemap_priority":"","_sitemap_frequency":""},"product_brand":[],"product_cat":[19,42],"product_tag":[21,22,23,24,45,53,46,47,25],"class_list":{"0":"post-106","1":"product","2":"type-product","3":"status-publish","4":"has-post-thumbnail","6":"product_cat-anglictina","7":"product_cat-vseobecna-anglictina","8":"product_tag-anglicky-v-praci","9":"product_tag-anglictina","10":"product_tag-anglictina-do-auta","11":"product_tag-anglictina-mp3","12":"product_tag-anglictina-na-dovolene","13":"product_tag-anglictina-zacatecnici","14":"product_tag-konverzace","15":"product_tag-konverzace-anglicky","16":"product_tag-poslechova-anglictina","17":"pa_delka-1-hodina-31-minut","18":"pa_format-mp3-ke-stazeni","19":"pa_jazykova-uroven-a1","20":"pa_jazykova-uroven-a1-a2","22":"first","23":"instock","24":"downloadable","25":"virtual","26":"purchasable","27":"product-type-simple"},"acf":[],"_links":{"self":[{"href":"https:\/\/audioacademyeu.eu\/cs\/wp-json\/wp\/v2\/product\/106","targetHints":{"allow":["GET"]}}],"collection":[{"href":"https:\/\/audioacademyeu.eu\/cs\/wp-json\/wp\/v2\/product"}],"about":[{"href":"https:\/\/audioacademyeu.eu\/cs\/wp-json\/wp\/v2\/types\/product"}],"replies":[{"embeddable":true,"href":"https:\/\/audioacademyeu.eu\/cs\/wp-json\/wp\/v2\/comments?post=106"}],"wp:featuredmedia":[{"embeddable":true,"href":"https:\/\/audioacademyeu.eu\/cs\/wp-json\/wp\/v2\/media\/107"}],"wp:attachment":[{"href":"https:\/\/audioacademyeu.eu\/cs\/wp-json\/wp\/v2\/media?parent=106"}],"wp:term":[{"taxonomy":"product_brand","embeddable":true,"href":"https:\/\/audioacademyeu.eu\/cs\/wp-json\/wp\/v2\/product_brand?post=106"},{"taxonomy":"product_cat","embeddable":true,"href":"https:\/\/audioacademyeu.eu\/cs\/wp-json\/wp\/v2\/product_cat?post=106"},{"taxonomy":"product_tag","embeddable":true,"href":"https:\/\/audioacademyeu.eu\/cs\/wp-json\/wp\/v2\/product_tag?post=106"}],"curies":[{"name":"wp","href":"https:\/\/api.w.org\/{rel}","templated":true}]}}