
{"id":5188,"date":"2026-02-27T21:07:57","date_gmt":"2026-02-27T20:07:57","guid":{"rendered":"https:\/\/audioacademyeu.eu\/cs\/?page_id=5188"},"modified":"2026-02-27T21:20:37","modified_gmt":"2026-02-27T20:20:37","slug":"pro-skoly","status":"publish","type":"page","link":"https:\/\/audioacademyeu.eu\/cs\/pro-skoly\/","title":{"rendered":"Pro \u0161koly"},"content":{"rendered":"\t\t<div data-elementor-type=\"wp-page\" data-elementor-id=\"5188\" class=\"elementor elementor-5188\" data-elementor-post-type=\"page\">\n\t\t\t\t<div class=\"elementor-element elementor-element-49cc0f02 e-flex e-con-boxed e-con e-parent\" data-id=\"49cc0f02\" data-element_type=\"container\" data-e-type=\"container\">\n\t\t\t\t\t<div class=\"e-con-inner\">\n\t\t\t\t<div class=\"elementor-element elementor-element-14dde27 elementor-widget elementor-widget-heading\" data-id=\"14dde27\" data-element_type=\"widget\" data-e-type=\"widget\" data-widget_type=\"heading.default\">\n\t\t\t\t<div class=\"elementor-widget-container\">\n\t\t\t\t\t<h2 class=\"elementor-heading-title elementor-size-default\">Nab\u00eddka pro \u0161koly<\/h2>\t\t\t\t<\/div>\n\t\t\t\t<\/div>\n\t\t\t\t\t<\/div>\n\t\t\t\t<\/div>\n\t\t<div class=\"elementor-element elementor-element-c0356c5 e-flex e-con-boxed e-con e-parent\" data-id=\"c0356c5\" data-element_type=\"container\" data-e-type=\"container\">\n\t\t\t\t\t<div class=\"e-con-inner\">\n\t\t\t\t<div class=\"elementor-element elementor-element-2f35dba elementor-widget elementor-widget-text-editor\" data-id=\"2f35dba\" data-element_type=\"widget\" data-e-type=\"widget\" data-widget_type=\"text-editor.default\">\n\t\t\t\t<div class=\"elementor-widget-container\">\n\t\t\t\t\t\t\t\t\t<p><\/p>\n<p>Z\u00e1kladn\u00edm a st\u0159edn\u00edm \u0161kol\u00e1m nab\u00edz\u00edme syst\u00e9m Audioacademy Interactive EDU p\u0159izp\u016fsoben\u00fd na m\u00edru v\u00fdukov\u00fdm pl\u00e1n\u016fm, student\u016fm i pedagog\u016fm.<\/p>\n<p><\/p>\n<p><\/p>\n<p>Pro va\u0161i \u0161kolu vytvo\u0159\u00edme materi\u00e1ly ve v\u0161ech jazyc\u00edch na m\u00edru. Studenti mohou vyu\u017e\u00edvat aplikaci k procvi\u010dov\u00e1n\u00ed prob\u00edran\u00fdch t\u00e9mat. Pedagogov\u00e9 mohou tento syst\u00e9m vyu\u017e\u00edt k tak\u00e9 k p\u0159\u00edprav\u011b cvi\u010den\u00ed a test\u016f.\u00a8<\/p>\n<p><\/p>\n<p><\/p>\n<p>Cena se odv\u00edj\u00ed od po\u010dtu u\u017eivatelsk\u00fdch licenc\u00ed. Pro nez\u00e1vaznou kalkulaci n\u00e1s pros\u00edm kontaktujte na\u00a0<a href=\"mailto:eshop@audioacademyeu.eu\">eshop@audioacademyeu.eu<\/a> p\u0159\u00edpadn\u011b vypl\u0148te n\u00e1sleduj\u00edc\u00ed formul\u00e1\u0159<\/p>\n<p><\/p>\n<p><\/p>\n<p><\/p>\n<p><\/p>\t\t\t\t\t\t\t\t<\/div>\n\t\t\t\t<\/div>\n\t\t\t\t\t<\/div>\n\t\t\t\t<\/div>\n\t\t<div class=\"elementor-element elementor-element-5ad91d3 e-flex e-con-boxed e-con e-parent\" data-id=\"5ad91d3\" data-element_type=\"container\" data-e-type=\"container\">\n\t\t\t\t\t<div class=\"e-con-inner\">\n\t\t\t\t<div class=\"elementor-element elementor-element-fb07d37 elementor-widget elementor-widget-shortcode\" data-id=\"fb07d37\" data-element_type=\"widget\" data-e-type=\"widget\" data-widget_type=\"shortcode.default\">\n\t\t\t\t<div class=\"elementor-widget-container\">\n\t\t\t\t\t\t\t<div class=\"elementor-shortcode\">\n<div class=\"wpcf7 no-js\" id=\"wpcf7-f5190-o1\" lang=\"cs-CZ\" dir=\"ltr\" data-wpcf7-id=\"5190\">\n<div class=\"screen-reader-response\"><p role=\"status\" aria-live=\"polite\" aria-atomic=\"true\"><\/p> <ul><\/ul><\/div>\n<form action=\"\/cs\/wp-json\/wp\/v2\/pages\/5188#wpcf7-f5190-o1\" method=\"post\" class=\"wpcf7-form init\" aria-label=\"Kontaktn\u00ed formul\u00e1\u0159\" novalidate=\"novalidate\" data-status=\"init\">\n<fieldset class=\"hidden-fields-container\"><input type=\"hidden\" name=\"_wpcf7\" value=\"5190\" \/><input type=\"hidden\" name=\"_wpcf7_version\" value=\"6.1.5\" \/><input type=\"hidden\" name=\"_wpcf7_locale\" value=\"cs_CZ\" \/><input type=\"hidden\" name=\"_wpcf7_unit_tag\" value=\"wpcf7-f5190-o1\" \/><input type=\"hidden\" name=\"_wpcf7_container_post\" value=\"0\" \/><input type=\"hidden\" name=\"_wpcf7_posted_data_hash\" value=\"\" \/><input type=\"hidden\" name=\"_wpcf7_recaptcha_response\" value=\"\" \/>\n<\/fieldset>\n<p><label> Va\u0161e jm\u00e9no<br \/>\n<span class=\"wpcf7-form-control-wrap\" data-name=\"your-name\"><input size=\"40\" maxlength=\"400\" class=\"wpcf7-form-control wpcf7-text wpcf7-validates-as-required\" autocomplete=\"name\" aria-required=\"true\" aria-invalid=\"false\" value=\"\" type=\"text\" name=\"your-name\" \/><\/span> <\/label>\n<\/p>\n<p><label> N\u00e1zev \u0161koly<br \/>\n<span class=\"wpcf7-form-control-wrap\" data-name=\"your-school\"><input size=\"40\" maxlength=\"400\" class=\"wpcf7-form-control wpcf7-text wpcf7-validates-as-required\" aria-required=\"true\" aria-invalid=\"false\" value=\"\" type=\"text\" name=\"your-school\" \/><\/span> <\/label>\n<\/p>\n<p><label> V\u00e1\u0161 e-mail<br \/>\n<span class=\"wpcf7-form-control-wrap\" data-name=\"your-email\"><input size=\"40\" maxlength=\"400\" class=\"wpcf7-form-control wpcf7-email wpcf7-validates-as-required wpcf7-text wpcf7-validates-as-email\" autocomplete=\"email\" aria-required=\"true\" aria-invalid=\"false\" value=\"\" type=\"email\" name=\"your-email\" \/><\/span> <\/label>\n<\/p>\n<p><label> Kontaktn\u00ed telefon<br \/>\n<span class=\"wpcf7-form-control-wrap\" data-name=\"your-phone\"><input size=\"40\" maxlength=\"400\" class=\"wpcf7-form-control wpcf7-email wpcf7-validates-as-required wpcf7-text wpcf7-validates-as-email\" aria-required=\"true\" aria-invalid=\"false\" value=\"\" type=\"email\" name=\"your-phone\" \/><\/span> <\/label>\n<\/p>\n<p><label> Jazyk<br \/>\n<span class=\"wpcf7-form-control-wrap\" data-name=\"your-message\"><textarea cols=\"40\" rows=\"10\" maxlength=\"2000\" class=\"wpcf7-form-control wpcf7-textarea\" aria-invalid=\"false\" placeholder=\"Popi\u0161te pros\u00edm o jak\u00fd jazyk m\u00e1te z\u00e1jem, z jak\u00e9 u\u010debnice u\u010d\u00edte, ro\u010dn\u00edk, atd.\" name=\"your-message\"><\/textarea><\/span><\/label>\n<\/p>\n<p><input class=\"wpcf7-form-control wpcf7-submit has-spinner\" type=\"submit\" value=\"Odeslat\" \/>\n<\/p><div class=\"wpcf7-response-output\" aria-hidden=\"true\"><\/div>\n<\/form>\n<\/div>\n<\/div>\n\t\t\t\t\t\t<\/div>\n\t\t\t\t<\/div>\n\t\t\t\t\t<\/div>\n\t\t\t\t<\/div>\n\t\t<div class=\"elementor-element elementor-element-c2db81d e-flex e-con-boxed e-con e-parent\" data-id=\"c2db81d\" data-element_type=\"container\" data-e-type=\"container\">\n\t\t\t\t\t<div class=\"e-con-inner\">\n\t\t\t\t<div class=\"elementor-element elementor-element-51b08a1 elementor-widget elementor-widget-image\" data-id=\"51b08a1\" data-element_type=\"widget\" data-e-type=\"widget\" data-widget_type=\"image.default\">\n\t\t\t\t<div class=\"elementor-widget-container\">\n\t\t\t\t\t\t\t\t\t\t\t\t\t\t\t<img fetchpriority=\"high\" decoding=\"async\" width=\"1024\" height=\"683\" src=\"https:\/\/audioacademyeu.eu\/cs\/wp-content\/uploads\/sites\/9\/2026\/02\/AdobeStock_438928332-1024x683.jpeg\" class=\"attachment-large size-large wp-image-5191\" alt=\"\" srcset=\"https:\/\/audioacademyeu.eu\/cs\/wp-content\/uploads\/sites\/9\/2026\/02\/AdobeStock_438928332-1024x683.jpeg 1024w, https:\/\/audioacademyeu.eu\/cs\/wp-content\/uploads\/sites\/9\/2026\/02\/AdobeStock_438928332-300x200.jpeg 300w, https:\/\/audioacademyeu.eu\/cs\/wp-content\/uploads\/sites\/9\/2026\/02\/AdobeStock_438928332-768x512.jpeg 768w, https:\/\/audioacademyeu.eu\/cs\/wp-content\/uploads\/sites\/9\/2026\/02\/AdobeStock_438928332-1536x1025.jpeg 1536w, https:\/\/audioacademyeu.eu\/cs\/wp-content\/uploads\/sites\/9\/2026\/02\/AdobeStock_438928332-2048x1366.jpeg 2048w, https:\/\/audioacademyeu.eu\/cs\/wp-content\/uploads\/sites\/9\/2026\/02\/AdobeStock_438928332-990x660.jpeg 990w, https:\/\/audioacademyeu.eu\/cs\/wp-content\/uploads\/sites\/9\/2026\/02\/AdobeStock_438928332-441x294.jpeg 441w, https:\/\/audioacademyeu.eu\/cs\/wp-content\/uploads\/sites\/9\/2026\/02\/AdobeStock_438928332-400x267.jpeg 400w, https:\/\/audioacademyeu.eu\/cs\/wp-content\/uploads\/sites\/9\/2026\/02\/AdobeStock_438928332-150x100.jpeg 150w\" sizes=\"(max-width: 1024px) 100vw, 1024px\" \/>\t\t\t\t\t\t\t\t\t\t\t\t\t\t\t<\/div>\n\t\t\t\t<\/div>\n\t\t\t\t\t<\/div>\n\t\t\t\t<\/div>\n\t\t\t\t<\/div>\n\t\t","protected":false},"excerpt":{"rendered":"<p>Nab\u00eddka pro \u0161koly Z\u00e1kladn\u00edm a st\u0159edn\u00edm \u0161kol\u00e1m nab\u00edz\u00edme syst\u00e9m Audioacademy Interactive EDU p\u0159izp\u016fsoben\u00fd na m\u00edru v\u00fdukov\u00fdm pl\u00e1n\u016fm, student\u016fm i pedagog\u016fm. Pro va\u0161i \u0161kolu vytvo\u0159\u00edme materi\u00e1ly ve v\u0161ech jazyc\u00edch na m\u00edru. Studenti mohou vyu\u017e\u00edvat aplikaci k procvi\u010dov\u00e1n\u00ed prob\u00edran\u00fdch t\u00e9mat. Pedagogov\u00e9 mohou tento syst\u00e9m vyu\u017e\u00edt k tak\u00e9 k p\u0159\u00edprav\u011b cvi\u010den\u00ed a test\u016f.\u00a8 Cena se odv\u00edj\u00ed od po\u010dtu [&hellip;]<\/p>\n","protected":false},"author":1976,"featured_media":0,"parent":0,"menu_order":0,"comment_status":"closed","ping_status":"closed","template":"elementor_theme","meta":{"_acf_changed":false,"inline_featured_image":false,"_sitemap_exclude":false,"_sitemap_priority":"","_sitemap_frequency":"","footnotes":""},"class_list":["post-5188","page","type-page","status-publish","hentry"],"acf":[],"_links":{"self":[{"href":"https:\/\/audioacademyeu.eu\/cs\/wp-json\/wp\/v2\/pages\/5188","targetHints":{"allow":["GET"]}}],"collection":[{"href":"https:\/\/audioacademyeu.eu\/cs\/wp-json\/wp\/v2\/pages"}],"about":[{"href":"https:\/\/audioacademyeu.eu\/cs\/wp-json\/wp\/v2\/types\/page"}],"author":[{"embeddable":true,"href":"https:\/\/audioacademyeu.eu\/cs\/wp-json\/wp\/v2\/users\/1976"}],"replies":[{"embeddable":true,"href":"https:\/\/audioacademyeu.eu\/cs\/wp-json\/wp\/v2\/comments?post=5188"}],"version-history":[{"count":5,"href":"https:\/\/audioacademyeu.eu\/cs\/wp-json\/wp\/v2\/pages\/5188\/revisions"}],"predecessor-version":[{"id":5196,"href":"https:\/\/audioacademyeu.eu\/cs\/wp-json\/wp\/v2\/pages\/5188\/revisions\/5196"}],"wp:attachment":[{"href":"https:\/\/audioacademyeu.eu\/cs\/wp-json\/wp\/v2\/media?parent=5188"}],"curies":[{"name":"wp","href":"https:\/\/api.w.org\/{rel}","templated":true}]}}