
{"id":2755,"date":"2024-12-17T16:27:31","date_gmt":"2024-12-17T15:27:31","guid":{"rendered":"https:\/\/audioacademyeu.eu\/cz\/audioacademy-interactive\/"},"modified":"2026-02-11T17:04:52","modified_gmt":"2026-02-11T16:04:52","slug":"go-interactive","status":"publish","type":"page","link":"https:\/\/audioacademyeu.eu\/cs\/go-interactive\/","title":{"rendered":"Audioacademy Interactive"},"content":{"rendered":"\n<p>V\u00fdukov\u00e9 prost\u0159ed\u00ed je dostupn\u00e9 v\u0161em a je jedno, zda jste si zakoupili kurz u n\u00e1s nebo kter\u00e9hokoli na\u0161eho partnera. Pokud jste si koupili <strong>kurz u n\u00e1s<\/strong>, p\u0159ejd\u011bte do sv\u00e9ho \u00fa\u010dtu nebo rovnou klikn\u011bte na n\u00e1sleduj\u00edc\u00ed tla\u010d\u00edtko. Budete p\u0159esm\u011brov\u00e1n\u00ed na Audioacademy Interactiv a pokud jste tady p\u0159ihl\u00e1\u0161eni, budete hned p\u0159ihl\u00e1\u0161eni i tam. V opa\u010dn\u00e9m p\u0159\u00edpad\u011b pros\u00edm pou\u017eijte stejn\u00e1 p\u0159ihla\u0161ovac\u00ed data jako m\u00e1te zde do \u00fa\u010dtu. <\/p>\n\n\n\n<div class=\"wp-block-buttons is-content-justification-center is-layout-flex wp-container-core-buttons-is-layout-1b7cf30f wp-block-buttons-is-layout-flex\" id=\"interactive-redirect\" style=\"padding-top:var(--wp--preset--spacing--medium);padding-bottom:var(--wp--preset--spacing--medium)\">\n<div class=\"wp-block-button is-style-fill\"><a class=\"wp-block-button__link has-white-color has-vivid-red-background-color has-text-color has-background has-link-color wp-element-button\">Audioacademy Interactiv<\/a><\/div>\n<\/div>\n\n\n\n<p>Pokud jste si koupili kurz u na\u0161eho partnera, je pot\u0159eba V\u00e1m nejprve vytvo\u0159it \u00fa\u010det a propojit aplikaci. Klikn\u011bte pros\u00edm na n\u00e1sleduj\u00edc\u00ed tla\u010d\u00edtko Koupeno u partnera, budete p\u0159esm\u011brov\u00e1ni na emailov\u00fd formul\u00e1\u0159. Sta\u010d\u00ed vyplnit sv\u00e9 jm\u00e9no a p\u0159\u00edjmen\u00ed, e-mail, n\u00e1zev zakoupen\u00e9ho kurz a jm\u00e9no partnera. <\/p>\n\n\n\n<p><\/p>\n\n\n\n<div class=\"wp-block-buttons is-content-justification-center is-layout-flex wp-container-core-buttons-is-layout-1b7cf30f wp-block-buttons-is-layout-flex\" style=\"padding-top:var(--wp--preset--spacing--medium);padding-bottom:var(--wp--preset--spacing--medium)\">\n<div class=\"wp-block-button\"><a class=\"wp-block-button__link has-white-color has-vivid-red-background-color has-text-color has-background has-link-color wp-element-button\" href=\"https:\/\/audioacademyeu.eu\/cs\/purchased-from-partner\/\">Koupeno u partnera<\/a><\/div>\n<\/div>\n\n\n\n<div class=\"wp-block-group has-background has-global-padding is-layout-constrained wp-container-core-group-is-layout-12f5c36a wp-block-group-is-layout-constrained\" style=\"border-width:1px;background-color:#f8f8f8;margin-top:var(--wp--preset--spacing--large);margin-bottom:var(--wp--preset--spacing--large);padding-top:var(--wp--preset--spacing--small);padding-right:var(--wp--preset--spacing--small);padding-bottom:var(--wp--preset--spacing--small);padding-left:var(--wp--preset--spacing--small)\">\n<h2 class=\"wp-block-heading\">Audioacademy Interactiv naplno<\/h2>\n\n\n\n<p>Chcete vyu\u017e\u00edt <strong>Audioacademy Interactiv naplno<\/strong>, tj. odemknout <strong>v\u0161echny kurzy<\/strong> v dan\u00e9m jazyce? Nab\u00edz\u00edme m\u011bs\u00ed\u010dn\u00ed nebo ro\u010dn\u00ed p\u0159edplatn\u00e9. P\u0159ed uplynut\u00edm doby p\u0159edplatn\u00e9ho budete po\u017e\u00e1d\u00e1ni o jeho prodlou\u017een\u00ed&nbsp;na dal\u0161\u00ed obdob\u00ed. P\u0159edplatn\u00e9 m\u016f\u017eete kdykoli zru\u0161it, a v\u00e1\u0161 p\u0159\u00edstup bude aktivn\u00ed a\u017e do uplynut\u00ed doby posledn\u00edho p\u0159edplatn\u00e9ho. <\/p>\n\n\n\n<p>P\u0159edplatn\u00e9 je mo\u017en\u00e9 objednat zde (budete p\u0159esm\u011brov\u00e1ni na objedn\u00e1vkov\u00fd formul\u00e1\u0159):<\/p>\n\n\n\n<div class=\"wp-block-buttons is-content-justification-center is-layout-flex wp-container-core-buttons-is-layout-a89b3969 wp-block-buttons-is-layout-flex\">\n<div class=\"wp-block-button\"><a class=\"wp-block-button__link has-black-color has-vivid-green-cyan-background-color has-text-color has-background has-link-color wp-element-button\" href=\"https:\/\/audioacademyeu.eu\/cs\/audioacademy-interactive\/objednavka-predplatneho\/\">Objednat p\u0159edplatn\u00e9<\/a><\/div>\n<\/div>\n\n\n\n<p>Pokud m\u00e1te dotaz, napi\u0161te na <a href=\"mailto:tomas@audioacademyeu.eu\" target=\"_blank\" rel=\"noreferrer noopener\">tomas@audioacademyeu.eu<\/a>.<\/p>\n<\/div>\n\n\n\n<p><a role=\"button\"><br><\/a><\/p>\n\n\n\n<p class=\"has-text-align-center\"><\/p>\n\n\n\n<figure class=\"wp-block-embed is-type-video is-provider-youtube wp-block-embed-youtube wp-embed-aspect-16-9 wp-has-aspect-ratio\"><div class=\"wp-block-embed__wrapper\">\n<div class=\"video-container\"><iframe title=\"Audioacademy Interactive\" width=\"1170\" height=\"658\" src=\"https:\/\/www.youtube.com\/embed\/-Hg4VQAYKeo?feature=oembed&#038;enablejsapi=1&#038;origin=https:\/\/audioacademyeu.eu\" frameborder=\"0\" allow=\"accelerometer; autoplay; clipboard-write; encrypted-media; gyroscope; picture-in-picture; web-share\" referrerpolicy=\"strict-origin-when-cross-origin\" allowfullscreen><\/iframe><\/div>\n<\/div><\/figure>\n\n\n\n<p><\/p>\n","protected":false},"excerpt":{"rendered":"<p>V\u00fdukov\u00e9 prost\u0159ed\u00ed je dostupn\u00e9 v\u0161em a je jedno, zda jste si zakoupili kurz u n\u00e1s nebo kter\u00e9hokoli na\u0161eho partnera. Pokud jste si koupili kurz u n\u00e1s, p\u0159ejd\u011bte do sv\u00e9ho \u00fa\u010dtu nebo rovnou klikn\u011bte na n\u00e1sleduj\u00edc\u00ed tla\u010d\u00edtko. Budete p\u0159esm\u011brov\u00e1n\u00ed na Audioacademy Interactiv a pokud jste tady p\u0159ihl\u00e1\u0161eni, budete hned p\u0159ihl\u00e1\u0161eni i tam. V opa\u010dn\u00e9m p\u0159\u00edpad\u011b pros\u00edm [&hellip;]<\/p>\n","protected":false},"author":1976,"featured_media":0,"parent":0,"menu_order":0,"comment_status":"closed","ping_status":"closed","template":"","meta":{"_acf_changed":false,"inline_featured_image":false,"_sitemap_exclude":false,"_sitemap_priority":"","_sitemap_frequency":"","footnotes":""},"class_list":["post-2755","page","type-page","status-publish","hentry"],"acf":[],"_links":{"self":[{"href":"https:\/\/audioacademyeu.eu\/cs\/wp-json\/wp\/v2\/pages\/2755","targetHints":{"allow":["GET"]}}],"collection":[{"href":"https:\/\/audioacademyeu.eu\/cs\/wp-json\/wp\/v2\/pages"}],"about":[{"href":"https:\/\/audioacademyeu.eu\/cs\/wp-json\/wp\/v2\/types\/page"}],"author":[{"embeddable":true,"href":"https:\/\/audioacademyeu.eu\/cs\/wp-json\/wp\/v2\/users\/1976"}],"replies":[{"embeddable":true,"href":"https:\/\/audioacademyeu.eu\/cs\/wp-json\/wp\/v2\/comments?post=2755"}],"version-history":[{"count":18,"href":"https:\/\/audioacademyeu.eu\/cs\/wp-json\/wp\/v2\/pages\/2755\/revisions"}],"predecessor-version":[{"id":5093,"href":"https:\/\/audioacademyeu.eu\/cs\/wp-json\/wp\/v2\/pages\/2755\/revisions\/5093"}],"wp:attachment":[{"href":"https:\/\/audioacademyeu.eu\/cs\/wp-json\/wp\/v2\/media?parent=2755"}],"curies":[{"name":"wp","href":"https:\/\/api.w.org\/{rel}","templated":true}]}}