
{"id":2740,"date":"2017-10-26T06:59:55","date_gmt":"2017-10-26T04:59:55","guid":{"rendered":"https:\/\/audioacademyeu.eu\/cz\/kontakt\/"},"modified":"2026-02-10T16:03:18","modified_gmt":"2026-02-10T15:03:18","slug":"contact","status":"publish","type":"page","link":"https:\/\/audioacademyeu.eu\/cs\/contact\/","title":{"rendered":"Kontakt"},"content":{"rendered":"\n<figure class=\"wp-block-image alignright size-large is-resized\"><img fetchpriority=\"high\" decoding=\"async\" width=\"765\" height=\"1024\" src=\"https:\/\/audioacademyeu.eu\/cs\/wp-content\/uploads\/sites\/9\/2025\/07\/tomas_dvoracek-765x1024.jpg\" alt=\"\" class=\"wp-image-4482\" style=\"width:213px;height:auto\" srcset=\"https:\/\/audioacademyeu.eu\/cs\/wp-content\/uploads\/sites\/9\/2025\/07\/tomas_dvoracek-765x1024.jpg 765w, https:\/\/audioacademyeu.eu\/cs\/wp-content\/uploads\/sites\/9\/2025\/07\/tomas_dvoracek-224x300.jpg 224w, https:\/\/audioacademyeu.eu\/cs\/wp-content\/uploads\/sites\/9\/2025\/07\/tomas_dvoracek-768x1028.jpg 768w, https:\/\/audioacademyeu.eu\/cs\/wp-content\/uploads\/sites\/9\/2025\/07\/tomas_dvoracek-441x590.jpg 441w, https:\/\/audioacademyeu.eu\/cs\/wp-content\/uploads\/sites\/9\/2025\/07\/tomas_dvoracek-400x535.jpg 400w, https:\/\/audioacademyeu.eu\/cs\/wp-content\/uploads\/sites\/9\/2025\/07\/tomas_dvoracek-150x201.jpg 150w, https:\/\/audioacademyeu.eu\/cs\/wp-content\/uploads\/sites\/9\/2025\/07\/tomas_dvoracek.jpg 812w\" sizes=\"(max-width: 765px) 100vw, 765px\" \/><\/figure>\n\n\n\n<p>Dobr\u00fd den, jmenuji se Tom\u00e1\u0161, je mi 50 let a bydl\u00edm nedaleko Ostravy. Cel\u00fd \u017eivot se profesn\u011b i z\u00e1jmov\u011b zab\u00fdv\u00e1m v\u00fdukou ciz\u00edch jazyk\u016f, 15 let jsem p\u016fsobil v jazykov\u00e9 \u0161kole jako lektor. Mluv\u00edm anglicky, n\u011bmecky, francouzsky, \u0161pan\u011blsky a italsky. Krom\u011b prvn\u00edho m\u00e9ho ciz\u00edho jazyka &#8211; angli\u010dtiny &#8211; jsem se v\u0161echny ostatn\u00ed jazyky nau\u010dil pomoc\u00ed poslechu a n\u00e1slednou prac\u00ed s oboustrann\u00fdmi kartami, tedy pomoc\u00ed syst\u00e9mu, se kter\u00fdm se m\u016f\u017eete setkat na t\u011bchto str\u00e1nk\u00e1ch.<\/p>\n\n\n\n<p>Budu r\u00e1d, kdy\u017e mi nap\u00ed\u0161ete nejen pokud m\u00e1te dotaz k n\u011bkter\u00e9mu z kurz\u016f, ale i pokud v\u00e1s zaj\u00edm\u00e1 cokoli ohledn\u011b v\u00fduky ciz\u00edch jazyk\u016f, r\u00e1d se pod\u011bl\u00edm nejen o sv\u00e9 zku\u0161enosti, ale z\u00e1rove\u0148 velmi p\u0159iv\u00edt\u00e1m va\u0161e tipy a n\u00e1m\u011bty na zlep\u0161en\u00ed. T\u011b\u0161\u00edm se na n\u00e1\u0161 kontakt.<\/p>\n\n\n\n<p>Hezk\u00fd den, Tom\u00e1\u0161<\/p>\n\n\n\n<hr class=\"wp-block-separator has-alpha-channel-opacity\"\/>\n\n\n\n<p><strong>Ing. Tom\u00e1\u0161 Dvo\u0159\u00e1\u010dek<\/strong><\/p>\n\n\n\n<p><strong>Adresa<\/strong>: Dru\u017eebn\u00ed&nbsp; 255\/72, 725 26 Kr\u00e1sn\u00e9 Pole<\/p>\n\n\n\n<p><strong>E-mail<\/strong>: <a href=\"mailto:eshop@poslechovaanglictina.cz\">eshop@poslechovaanglictina.cz<\/a><br><strong>Tel.<\/strong>: <a href=\"tel:+420603591994\">+420 603 591 994<\/a><br><strong>I\u010cO<\/strong>: 61951404<\/p>\n\n\n\n<p><strong>Zaps\u00e1n v&nbsp;\u017eivnostensk\u00e9m rejst\u0159\u00edku<br>\u00da\u0159ad p\u0159\u00edslu\u0161n\u00fd podle \u00a7 71 odst. 2 \u017eivnostensk\u00e9ho z\u00e1kona: Magistr\u00e1t m\u011bsta Ostravy<\/strong><\/p>\n\n\n\n<hr class=\"wp-block-separator has-alpha-channel-opacity\"\/>\n\n\n\n<div class=\"wp-block-contact-form-7-contact-form-selector\">\n<div class=\"wpcf7 no-js\" id=\"wpcf7-f4479-o1\" lang=\"cs-CZ\" dir=\"ltr\" data-wpcf7-id=\"4479\">\n<div class=\"screen-reader-response\"><p role=\"status\" aria-live=\"polite\" aria-atomic=\"true\"><\/p> <ul><\/ul><\/div>\n<form action=\"\/cs\/wp-json\/wp\/v2\/pages\/2740#wpcf7-f4479-o1\" method=\"post\" class=\"wpcf7-form init\" aria-label=\"Kontaktn\u00ed formul\u00e1\u0159\" novalidate=\"novalidate\" data-status=\"init\">\n<fieldset class=\"hidden-fields-container\"><input type=\"hidden\" name=\"_wpcf7\" value=\"4479\" \/><input type=\"hidden\" name=\"_wpcf7_version\" value=\"6.1.5\" \/><input type=\"hidden\" name=\"_wpcf7_locale\" value=\"cs_CZ\" \/><input type=\"hidden\" name=\"_wpcf7_unit_tag\" value=\"wpcf7-f4479-o1\" \/><input type=\"hidden\" name=\"_wpcf7_container_post\" value=\"0\" \/><input type=\"hidden\" name=\"_wpcf7_posted_data_hash\" value=\"\" \/><input type=\"hidden\" name=\"_wpcf7_recaptcha_response\" value=\"\" \/>\n<\/fieldset>\n<p><label> Va\u0161e jm\u00e9no<br \/>\n<span class=\"wpcf7-form-control-wrap\" data-name=\"your-name\"><input size=\"40\" maxlength=\"400\" class=\"wpcf7-form-control wpcf7-text wpcf7-validates-as-required\" autocomplete=\"name\" aria-required=\"true\" aria-invalid=\"false\" value=\"\" type=\"text\" name=\"your-name\" \/><\/span> <\/label>\n<\/p>\n<p><label> V\u00e1\u0161 e-mail<br \/>\n<span class=\"wpcf7-form-control-wrap\" data-name=\"your-email\"><input size=\"40\" maxlength=\"400\" class=\"wpcf7-form-control wpcf7-email wpcf7-validates-as-required wpcf7-text wpcf7-validates-as-email\" autocomplete=\"email\" aria-required=\"true\" aria-invalid=\"false\" value=\"\" type=\"email\" name=\"your-email\" \/><\/span> <\/label>\n<\/p>\n<p><label> P\u0159edm\u011bt<br \/>\n<span class=\"wpcf7-form-control-wrap\" data-name=\"your-subject\"><input size=\"40\" maxlength=\"400\" class=\"wpcf7-form-control wpcf7-text wpcf7-validates-as-required\" aria-required=\"true\" aria-invalid=\"false\" value=\"\" type=\"text\" name=\"your-subject\" \/><\/span> <\/label>\n<\/p>\n<p><label> Va\u0161e zpr\u00e1va (voliteln\u00fd)<br \/>\n<span class=\"wpcf7-form-control-wrap\" data-name=\"your-message\"><textarea cols=\"40\" rows=\"10\" maxlength=\"2000\" class=\"wpcf7-form-control wpcf7-textarea\" aria-invalid=\"false\" name=\"your-message\"><\/textarea><\/span> <\/label>\n<\/p>\n<p><input class=\"wpcf7-form-control wpcf7-submit has-spinner\" type=\"submit\" value=\"Odeslat\" \/>\n<\/p><div class=\"wpcf7-response-output\" aria-hidden=\"true\"><\/div>\n<\/form>\n<\/div>\n<\/div>\n","protected":false},"excerpt":{"rendered":"<p>Dobr\u00fd den, jmenuji se Tom\u00e1\u0161, je mi 50 let a bydl\u00edm nedaleko Ostravy. Cel\u00fd \u017eivot se profesn\u011b i z\u00e1jmov\u011b zab\u00fdv\u00e1m v\u00fdukou ciz\u00edch jazyk\u016f, 15 let jsem p\u016fsobil v jazykov\u00e9 \u0161kole jako lektor. Mluv\u00edm anglicky, n\u011bmecky, francouzsky, \u0161pan\u011blsky a italsky. Krom\u011b prvn\u00edho m\u00e9ho ciz\u00edho jazyka &#8211; angli\u010dtiny &#8211; jsem se v\u0161echny ostatn\u00ed jazyky nau\u010dil pomoc\u00ed poslechu [&hellip;]<\/p>\n","protected":false},"author":1976,"featured_media":0,"parent":0,"menu_order":0,"comment_status":"closed","ping_status":"closed","template":"elementor_theme","meta":{"_acf_changed":false,"inline_featured_image":false,"_sitemap_exclude":false,"_sitemap_priority":"","_sitemap_frequency":"","footnotes":""},"class_list":["post-2740","page","type-page","status-publish","hentry"],"acf":[],"_links":{"self":[{"href":"https:\/\/audioacademyeu.eu\/cs\/wp-json\/wp\/v2\/pages\/2740","targetHints":{"allow":["GET"]}}],"collection":[{"href":"https:\/\/audioacademyeu.eu\/cs\/wp-json\/wp\/v2\/pages"}],"about":[{"href":"https:\/\/audioacademyeu.eu\/cs\/wp-json\/wp\/v2\/types\/page"}],"author":[{"embeddable":true,"href":"https:\/\/audioacademyeu.eu\/cs\/wp-json\/wp\/v2\/users\/1976"}],"replies":[{"embeddable":true,"href":"https:\/\/audioacademyeu.eu\/cs\/wp-json\/wp\/v2\/comments?post=2740"}],"version-history":[{"count":4,"href":"https:\/\/audioacademyeu.eu\/cs\/wp-json\/wp\/v2\/pages\/2740\/revisions"}],"predecessor-version":[{"id":4657,"href":"https:\/\/audioacademyeu.eu\/cs\/wp-json\/wp\/v2\/pages\/2740\/revisions\/4657"}],"wp:attachment":[{"href":"https:\/\/audioacademyeu.eu\/cs\/wp-json\/wp\/v2\/media?parent=2740"}],"curies":[{"name":"wp","href":"https:\/\/api.w.org\/{rel}","templated":true}]}}