
{"id":2739,"date":"2017-10-20T18:29:52","date_gmt":"2017-10-20T16:29:52","guid":{"rendered":"https:\/\/audioacademyeu.eu\/cz\/obchodni-podminky-2\/"},"modified":"2026-02-10T16:04:04","modified_gmt":"2026-02-10T15:04:04","slug":"terms","status":"publish","type":"page","link":"https:\/\/audioacademyeu.eu\/cs\/terms\/","title":{"rendered":"Obchodn\u00ed podm\u00ednky"},"content":{"rendered":"<h2 style=\"text-align: center;\">OBCHODN\u00cd A LICEN\u010cN\u00cd PODM\u00cdNKY<\/h2>\n<h3>1. DODAVATEL<\/h3>\n<p>Ing. Tom\u00e1\u0161 Dvo\u0159\u00e1\u010dek<br \/>\nDru\u017eebn\u00ed\u00a0 255\/72<br \/>\n725 26 Kr\u00e1sn\u00e9 Pole<br \/>\nemail: eshop@poslechovaanglictina.cz<br \/>\ntel.: +420 773 789 940<br \/>\nI\u010cO: 61951404<\/p>\n<p>Podnikatel je zaps\u00e1n do \u017eivnostensk\u00e9ho rejst\u0159\u00edku.<\/p>\n<h3>2. Z\u00c1KLADN\u00cd USTANOVEN\u00cd<\/h3>\n<ul>\n<li>P\u0159edm\u011btem t\u011bchto webov\u00fdch str\u00e1nek je nab\u00eddka internetov\u00fdch slu\u017eeb spojen\u00fdch s elektronickou distribuc\u00ed mp3 nosi\u010d\u016f.<\/li>\n<li>Odb\u011bratel je sezn\u00e1men se z\u00e1kladn\u00edmi \u010di dopl\u0148kov\u00fdmi informacemi pomoc\u00ed webu poslechovaanglictina.cz, p\u0159\u00edpadn\u011b pomoc\u00ed individu\u00e1ln\u00ed e-mailov\u00e9 \u010di telefonick\u00e9 komunikace. Z\u00edskan\u00e9 informace \u010di podm\u00ednky t\u00edmto akceptuje.<\/li>\n<li>Dodavatel je opr\u00e1vn\u011bn kdykoliv m\u011bnit nab\u00eddku, parametry a cenu sv\u00fdch produkt\u016f.<\/li>\n<li>V cen\u00e1ch produkt\u016f nejsou zahrnuty p\u0159\u00edpadn\u00e9 individu\u00e1ln\u00ed modifikace.<\/li>\n<li>Email s informacemi o zaplacen\u00ed a pro komunikaci:\u00a0objednavka@poslechovaanglictina.cz<\/li>\n<\/ul>\n<h3>3. OCHRANA OSOBN\u00cdCH \u00daDAJ\u016e<\/h3>\n<ul>\n<li>S osobn\u00edmi \u00fadaji odb\u011bratele je nakl\u00e1d\u00e1no pln\u011b v souladu s ustanoven\u00edmi z\u00e1kona \u010d. 101\/2000 Sb., o ochran\u011b osobn\u00edch \u00fadaj\u016f.<\/li>\n<li>Odb\u011bratel prohla\u0161uje, \u017ee v souladu se z\u00e1konem \u010d. 480\/2004 Sb., o n\u011bkter\u00fdch slu\u017eb\u00e1ch informa\u010dn\u00ed spole\u010dnosti a o zm\u011bn\u011b n\u011bkter\u00fdch z\u00e1kon\u016f, souhlas\u00ed se zas\u00edl\u00e1n\u00edm obchodn\u00edch sd\u011blen\u00ed.<\/li>\n<li>Osobn\u00ed nebo p\u0159ihla\u0161ovac\u00ed \u00fadaje odb\u011bratele nejsou poskytov\u00e1ny t\u0159et\u00edm osob\u00e1m.<\/li>\n<\/ul>\n<h3>4. PR\u00c1VA A POVINNOSTI DODAVATELE<\/h3>\n<ul>\n<li>Dodavatel nenese \u017e\u00e1dnou odpov\u011bdnost za zneu\u017eit\u00ed p\u0159ihla\u0161ovac\u00edch \u00fadaj\u016f odb\u011bratele, pokud jejich zneu\u017eit\u00ed prokazateln\u011b nezp\u016fsobil.<\/li>\n<li>Dodavatel nenese \u017e\u00e1dnou odpov\u011bdnost za z\u00e1vady a \u0161kody zp\u016fsoben\u00e9 \u00fapravami audionosi\u010d\u016f ze strany odb\u011bratele po okam\u017eiku prodeje.<\/li>\n<li>Dodavatel neodpov\u00edd\u00e1 za bezprobl\u00e9movou funk\u010dnost napojen\u00ed dodan\u00e9ho produktu na software t\u0159et\u00edch stran.<\/li>\n<li>Dodavatel m\u00e1 pr\u00e1vo zru\u0161it objedn\u00e1vku, je-li dod\u00e1vka objednan\u00e9ho produktu nemo\u017en\u00e1. V p\u0159\u00edpad\u011b, \u017ee kupuj\u00edc\u00ed zaplatil objednan\u00fd produkt p\u0159edem, vr\u00e1t\u00ed dodavatel odb\u011brateli celou \u010d\u00e1stku nejpozd\u011bji do 7 dn\u016f od zji\u0161t\u011bn\u00ed uveden\u00e9 skute\u010dnosti.<\/li>\n<li>Dodavatel je opr\u00e1vn\u011bn poskytovat nebo prod\u00e1vat vyhotoven\u00e9 slu\u017eby, \u00fapravy a moduly t\u0159et\u00edm stran\u00e1m, nen\u00ed-li toto jin\u00fdm zp\u016fsobem individu\u00e1ln\u011b dohodnuto \u010di smluvn\u011b ustanoveno.<\/li>\n<\/ul>\n<h3>5. PR\u00c1VA A POVINNOSTI ODB\u011aRATELE<\/h3>\n<ul>\n<li>Odb\u011bratel je povinen uv\u00e1d\u011bt pouze pravdiv\u00e9 a aktu\u00e1ln\u00ed osobn\u00ed \u00fadaje.<\/li>\n<li>Odb\u011bratel je povinen p\u0159ihla\u0161ovac\u00ed \u00fadaje, kter\u00e9 mu byly zasl\u00e1ny dodavatelem, zabezpe\u010dit tak, aby nedo\u0161lo k jejich zneu\u017eit\u00ed.<\/li>\n<li>Odb\u011bratel nese plnou odpov\u011bdnost za ve\u0161ker\u00e9 akce, zm\u011bny a \u00fapravy, kter\u00e9 byly provedeny s pou\u017eit\u00edm dodavatelem p\u0159id\u011blen\u00fdch p\u0159ihla\u0161ovac\u00edch \u00fadaj\u016f.<\/li>\n<li>Odb\u011bratel je opr\u00e1vn\u011bn p\u0159ihla\u0161ovac\u00ed \u00fadaje m\u011bnit.<\/li>\n<li>Odb\u011bratel je s celkovou cenou objedn\u00e1vky sezn\u00e1men je\u0161t\u011b p\u0159ed jej\u00edm potvrzen\u00edm.<\/li>\n<\/ul>\n<h3>6. UZAV\u0158EN\u00cd SMLOUVY<\/h3>\n<ul>\n<li>Smlouva mezi dodavatelem a odb\u011bratelem nab\u00fdv\u00e1 platnosti okam\u017eikem zaplacen\u00ed objedn\u00e1vky pomoc\u00ed syst\u00e9mu GoPay.<\/li>\n<li>Platbou odb\u011bratel stvrzuje, \u017ee akceptuje tyto obchodn\u00ed podm\u00ednky, jen\u017e jsou pro ob\u011b smluvn\u00ed strany z\u00e1vazn\u00e9 a ob\u011b smluvn\u00ed strany jsou povinny se jimi \u0159\u00eddit.<\/li>\n<li>Distribuce produktu objednan\u00e9ho na poslechovaanglictina.cz je realizov\u00e1na elektronicky zasl\u00e1n\u00edm na e-mail, kter\u00fd dodavatel uvedl v objedn\u00e1vkov\u00e9m formul\u00e1\u0159i.<\/li>\n<\/ul>\n<h3>7. REKLAMACE<\/h3>\n<ul>\n<li>Reklamace v\u010detn\u011b odstran\u011bn\u00ed vady mus\u00ed b\u00fdt vy\u0159\u00edzena bez zbyte\u010dn\u00e9ho odkladu, nejpozd\u011bji do 30 dn\u016f ode dne uplatn\u011bn\u00ed reklamace, pokud se prod\u00e1vaj\u00edc\u00ed se spot\u0159ebitelem nedohodne na lh\u016ft\u011b del\u0161\u00ed.<\/li>\n<li>V p\u0159\u00edpad\u011b, \u017ee odb\u011bratel zm\u011bn\u00ed, \u010di jinak zas\u00e1hne do zdrojov\u00e9ho k\u00f3du, nen\u00ed reklamace uplatniteln\u00e1.<\/li>\n<li>P\u0159i neopr\u00e1vn\u011bn\u00e9 reklamaci (nebude-li zji\u0161t\u011bna ozn\u00e1men\u00e1 chyba nebo p\u016fjde-li o chybu nespadaj\u00edc\u00ed do z\u00e1ruky) m\u016f\u017ee dodavatel po\u017eadovat \u00fahradu vznikl\u00fdch n\u00e1klad\u016f za testov\u00e1n\u00ed a opravu.<\/li>\n<\/ul>\n<h3>8. SHODA A ROZPOR S KUPN\u00cd SMLOUVOU<\/h3>\n<ul>\n<li>Dodavatel odpov\u00edd\u00e1 odb\u011brateli za to, \u017ee prod\u00e1van\u00fd produkt \u010di poskytnut\u00e1 slu\u017eba je p\u0159i p\u0159evzet\u00ed odb\u011bratelem ve shod\u011b s kupn\u00ed smlouvou.<\/li>\n<li>Shodou s kupn\u00ed smlouvou se rozum\u00ed, \u017ee prod\u00e1van\u00fd produkt \u010di poskytnut\u00e1 slu\u017eba m\u00e1 u\u017eitn\u00e9 vlastnosti smlouvou po\u017eadovan\u00e9, dodavatelem popisovan\u00e9, nebo na z\u00e1klad\u011b j\u00edm prov\u00e1d\u011bn\u00e9 reklamy o\u010dek\u00e1van\u00e9, pop\u0159\u00edpad\u011b u\u017eitn\u00e9 vlastnosti pro software \u010di slu\u017ebu takov\u00e9ho druhu obvykl\u00e9, \u017ee odpov\u00edd\u00e1 po\u017eadavk\u016fm pr\u00e1vn\u00edch p\u0159edpis\u016f a odpov\u00edd\u00e1 \u00fa\u010delu, kter\u00fd dodavatel pro pou\u017eit\u00ed produktu \u010di slu\u017eby uv\u00e1d\u00ed nebo pro kter\u00fd se produkt \u010di slu\u017eba obvykle pou\u017e\u00edv\u00e1.<\/li>\n<li>V p\u0159\u00edpad\u011b, \u017ee produkt \u010di slu\u017eba p\u0159i p\u0159evzet\u00ed odb\u011bratelem nen\u00ed ve shod\u011b s kupn\u00ed smlouvou, m\u00e1 odb\u011bratel pr\u00e1vo na to, aby dodavatel bezplatn\u011b a bez zbyte\u010dn\u00e9ho odkladu dodan\u00fd produkt \u010di poskytnutou slu\u017ebu uvedl do stavu odpov\u00eddaj\u00edc\u00edho kupn\u00ed smlouv\u011b. Nen\u00ed-li takov\u00fd postup mo\u017en\u00fd, m\u016f\u017ee odb\u011bratel po\u017eadovat p\u0159im\u011b\u0159enou slevu z ceny produktu \u010di poskytnut\u00e9 slu\u017eby. To neplat\u00ed, pokud odb\u011bratel p\u0159ed p\u0159evzet\u00edm produktu \u010di slu\u017eby o rozporu s kupn\u00ed smlouvou v\u011bd\u011bl nebo rozpor s kupn\u00ed smlouvou s\u00e1m zp\u016fsobil.<\/li>\n<\/ul>\n<h3>9. ODSTOUPEN\u00cd OD SMLOUVY<\/h3>\n<ul>\n<li>Na produkt distribuovan\u00fd elektronicky se nevztahuje ustanoven\u00ed \u00a71837 odstavce l) ob\u010dansk\u00e9ho z\u00e1kon\u00edku, o mo\u017enosti odstoupen\u00ed od smlouvy do 14ti dn\u016f od p\u0159evzet\u00ed zbo\u017e\u00ed.<\/li>\n<li>Produkt distribuovan\u00fd elektronicky nebo upraven\u00fd na zak\u00e1zku pro konkr\u00e9tn\u00edho koncov\u00e9ho z\u00e1kazn\u00edka nelze vr\u00e1tit.<\/li>\n<li>Odb\u011brateli zanik\u00e1 n\u00e1rok na odstoupen\u00ed od smlouvy v p\u0159\u00edpad\u011b a) neodborn\u00e9ho pou\u017eit\u00ed produktu, modulu \u010di \u00fapravy b) p\u0159\u00edtomnosti individu\u00e1ln\u00edch funk\u010dn\u00edch \u00faprav.<\/li>\n<li>Odstoupen\u00edm od smlouvy se odb\u011bratel zavazuje uhradit dodavateli dosavadn\u00ed n\u00e1klady za provedenou pr\u00e1ci v p\u0159\u00edpad\u011b, \u017ee takov\u00e9 n\u00e1klady vznikly.<\/li>\n<\/ul>\n<h3>10. LICEN\u010cN\u00cd UJEDN\u00c1N\u00cd<\/h3>\n<ul>\n<li>Licence pro pou\u017eit\u00ed dodan\u00e9ho produktu se \u0159\u00edd\u00ed autorsk\u00fdm z\u00e1konem<\/li>\n<\/ul>\n<h3>11. Z\u00c1V\u011aRE\u010cN\u00c9 USTANOVEN\u00cd<\/h3>\n<ul>\n<li>Tyto obchodn\u00ed podm\u00ednky se \u0159\u00edd\u00ed ustanoven\u00edmi z\u00e1k. \u010d.513\/1991 Sb. obchodn\u00edho z\u00e1kon\u00edku, ve zn\u011bn\u00ed pozd\u011bj\u0161\u00edch p\u0159edpis\u016f, z\u00e1k. \u010d. 89\/2012 Sb. ob\u010dansk\u00e9ho z\u00e1kon\u00edku, ve zn\u011bn\u00ed pozd\u011bj\u0161\u00edch p\u0159edpis\u016f, z\u00e1k. \u010d. 121\/2000 Sb. autorsk\u00e9ho z\u00e1kona.<\/li>\n<li>P\u0159\u00edslu\u0161n\u00e1 ustanoven\u00ed autorsk\u00e9ho z\u00e1kona a dal\u0161\u00edch pr\u00e1vn\u00edch p\u0159edpis\u016f upravuj\u00edc\u00ed u\u017e\u00edv\u00e1n\u00ed po\u010d\u00edta\u010dov\u00fdch program\u016f a datab\u00e1z\u00ed a sankce za jejich neleg\u00e1ln\u00ed u\u017e\u00edv\u00e1n\u00ed nejsou smlouvou a t\u011bmito obchodn\u00edmi podm\u00ednkami dot\u010dena.<\/li>\n<li>Dodavatel si vyhrazuje pr\u00e1vo tyto obchodn\u00ed podm\u00ednky m\u011bnit.<\/li>\n<li>Tyto obchodn\u00ed podm\u00ednky jsou platn\u00e9 a \u00fa\u010dinn\u00e9 od 20.10.2017.<\/li>\n<\/ul>\n","protected":false},"excerpt":{"rendered":"<p>OBCHODN\u00cd A LICEN\u010cN\u00cd PODM\u00cdNKY 1. DODAVATEL Ing. Tom\u00e1\u0161 Dvo\u0159\u00e1\u010dek Dru\u017eebn\u00ed\u00a0 255\/72 725 26 Kr\u00e1sn\u00e9 Pole email: eshop@poslechovaanglictina.cz tel.: +420 773 789 940 I\u010cO: 61951404 Podnikatel je zaps\u00e1n do \u017eivnostensk\u00e9ho rejst\u0159\u00edku. 2. Z\u00c1KLADN\u00cd USTANOVEN\u00cd P\u0159edm\u011btem t\u011bchto webov\u00fdch str\u00e1nek je nab\u00eddka internetov\u00fdch slu\u017eeb spojen\u00fdch s elektronickou distribuc\u00ed mp3 nosi\u010d\u016f. Odb\u011bratel je sezn\u00e1men se z\u00e1kladn\u00edmi \u010di dopl\u0148kov\u00fdmi informacemi [&hellip;]<\/p>\n","protected":false},"author":1976,"featured_media":2666,"parent":0,"menu_order":0,"comment_status":"closed","ping_status":"closed","template":"elementor_theme","meta":{"_acf_changed":false,"inline_featured_image":false,"_sitemap_exclude":false,"_sitemap_priority":"","_sitemap_frequency":"","footnotes":""},"class_list":["post-2739","page","type-page","status-publish","has-post-thumbnail","hentry"],"acf":[],"_links":{"self":[{"href":"https:\/\/audioacademyeu.eu\/cs\/wp-json\/wp\/v2\/pages\/2739","targetHints":{"allow":["GET"]}}],"collection":[{"href":"https:\/\/audioacademyeu.eu\/cs\/wp-json\/wp\/v2\/pages"}],"about":[{"href":"https:\/\/audioacademyeu.eu\/cs\/wp-json\/wp\/v2\/types\/page"}],"author":[{"embeddable":true,"href":"https:\/\/audioacademyeu.eu\/cs\/wp-json\/wp\/v2\/users\/1976"}],"replies":[{"embeddable":true,"href":"https:\/\/audioacademyeu.eu\/cs\/wp-json\/wp\/v2\/comments?post=2739"}],"version-history":[{"count":2,"href":"https:\/\/audioacademyeu.eu\/cs\/wp-json\/wp\/v2\/pages\/2739\/revisions"}],"predecessor-version":[{"id":3055,"href":"https:\/\/audioacademyeu.eu\/cs\/wp-json\/wp\/v2\/pages\/2739\/revisions\/3055"}],"wp:featuredmedia":[{"embeddable":true,"href":"https:\/\/audioacademyeu.eu\/cs\/wp-json\/wp\/v2\/media\/2666"}],"wp:attachment":[{"href":"https:\/\/audioacademyeu.eu\/cs\/wp-json\/wp\/v2\/media?parent=2739"}],"curies":[{"name":"wp","href":"https:\/\/api.w.org\/{rel}","templated":true}]}}