
{"id":2737,"date":"2017-09-15T09:09:10","date_gmt":"2017-09-15T07:09:10","guid":{"rendered":"https:\/\/audioacademyeu.eu\/cz\/jak-se-ucit\/"},"modified":"2026-02-10T16:02:49","modified_gmt":"2026-02-10T15:02:49","slug":"how-to-study","status":"publish","type":"page","link":"https:\/\/audioacademyeu.eu\/cs\/how-to-study\/","title":{"rendered":"Jak se u\u010dit"},"content":{"rendered":"<p>Ide\u00e1ln\u00ed je si v\u00fduku rozd\u011blit na men\u0161\u00ed \u010d\u00e1sti. N\u011bkolikr\u00e1t si poslechn\u011bte lekci, nap\u0159ed samotn\u00e1 a slov\u00ed\u010dka a pot\u00e9 i kontextov\u00e9 v\u011bty. Mezit\u00edm si nast\u0159\u00edhejte karti\u010dky a zkuste si je n\u011bkolikr\u00e1t pro\u010d\u00edst. Ud\u011blejte si z karti\u010dek hrom\u00e1dku tak, aby byly v\u0161echny \u010desk\u00fdm v\u00fdrazem nahoru. Pot\u00e9 berte jednu za druhou a p\u0159ekl\u00e1dejte si bu\u010f pro sebe, nebo nahlas \u010desky psan\u00e9 v\u00fdrazy. Oto\u010den\u00edm karty zjist\u00edte, zda jste odpov\u011bd\u011bli spr\u00e1vn\u011b. Karty, u kter\u00fdch jste odpov\u011bd\u011bli nespr\u00e1vn\u011b, d\u00e1vejte stranou.<\/p>\n<p>Jakmile si osvoj\u00edte slov\u00ed\u010dka, p\u0159ejd\u011bte na procvi\u010dovac\u00ed v\u011bty. Op\u011bt si v\u00fdukov\u00e9 poslechov\u00e9 stopy n\u011bkolikr\u00e1t poslechn\u011bte, pot\u00e9 si p\u0159ipravte karti\u010dky s v\u011btami a postupujte stejn\u011b jako u slov\u00ed\u010dek. Jakmile budete m\u00edt pocit, \u017ee v\u011bty um\u00edte, sm\u00edchejte dohromady karti\u010dky se slov\u00ed\u010dky a v\u011btami a n\u011bkolikr\u00e1t si je projd\u011bte. Doporu\u010duji v dopoledn\u00edch hodin\u00e1ch proj\u00edt celou skupinu karti\u010dek a odpoledne procvi\u010dit pouze ty v\u00fdrazy, u kter\u00fdch jste s p\u0159ekladem m\u011bli probl\u00e9m. T\u00edm p\u0159\u00edpravu v\u00edce zefektivn\u00edte, proto\u017ee budete v\u00edce \u010dasu v\u011bnovat t\u011bm v\u00fdraz\u016fm, jejich\u017e zapamatov\u00e1n\u00ed v\u00e1m p\u016fsob\u00ed v\u011bt\u0161\u00ed pot\u00ed\u017ee.<\/p>\n<p>Na z\u00e1v\u011br si prove\u010fte p\u00edsemn\u00fd test, kter\u00fd najdete ve skriptech na konci ka\u017ed\u00e9 lekce a v kl\u00ed\u010di si zkontrolujte, nakolik jste byli \u00fasp\u011b\u0161n\u00ed. P\u0159i v\u011bt\u0161inov\u00e9m zvl\u00e1dnut\u00ed lekce postupte na lekci n\u00e1sleduj\u00edc\u00ed.<\/p>\n<p>Nezapome\u0148te, \u017ee n\u00e1\u0161 mozek funguje tak, \u017ee nepou\u017e\u00edvan\u00e9 v\u00fdrazy zatla\u010duje za kr\u00e1tkodob\u00e9 do dlouhodob\u00e9 pam\u011bti (pozapom\u00edn\u00e1n\u00ed) a v p\u0159\u00edpad\u011b jejich \u00fapln\u00e9ho nepou\u017e\u00edv\u00e1n\u00ed je vy\u0159ad\u00ed \u00fapln\u011b (zapom\u00edn\u00e1n\u00ed). Proto je t\u0159eba se v pravideln\u00fdch intervalech k ji\u017e nau\u010den\u00e9mu vr\u00e1tit. Ide\u00e1ln\u011b t\u0159eba jednou za m\u011bs\u00edc v\u011bnujte n\u011bjak\u00fd \u010das opakov\u00e1n\u00ed v\u0161eho, co jste se nau\u010dili za p\u0159edch\u00e1zej\u00edc\u00ed m\u011bs\u00edc. Cesta k nejlep\u0161\u00edmu zapamatov\u00e1n\u00ed nicm\u00e9n\u011b vede aktivn\u00edm pou\u017e\u00edv\u00e1n\u00edm p\u0159\u00edmo v praxi.<\/p>\n<p><img fetchpriority=\"high\" decoding=\"async\" class=\"aligncenter size-large wp-image-142\" src=\"https:\/\/poslechovaanglictina.cz\/wp-content\/uploads\/2017\/09\/girl-2386580_1920-1024x683.jpg\" alt=\"\" width=\"980\" height=\"654\"><\/p>\n","protected":false},"excerpt":{"rendered":"<p>Ide\u00e1ln\u00ed je si v\u00fduku rozd\u011blit na men\u0161\u00ed \u010d\u00e1sti. N\u011bkolikr\u00e1t si poslechn\u011bte lekci, nap\u0159ed samotn\u00e1 a slov\u00ed\u010dka a pot\u00e9 i kontextov\u00e9 v\u011bty. Mezit\u00edm si nast\u0159\u00edhejte karti\u010dky a zkuste si je n\u011bkolikr\u00e1t pro\u010d\u00edst. Ud\u011blejte si z karti\u010dek hrom\u00e1dku tak, aby byly v\u0161echny \u010desk\u00fdm v\u00fdrazem nahoru. Pot\u00e9 berte jednu za druhou a p\u0159ekl\u00e1dejte si bu\u010f pro sebe, nebo [&hellip;]<\/p>\n","protected":false},"author":1976,"featured_media":0,"parent":0,"menu_order":0,"comment_status":"closed","ping_status":"closed","template":"","meta":{"_acf_changed":false,"inline_featured_image":false,"_sitemap_exclude":false,"_sitemap_priority":"","_sitemap_frequency":"","footnotes":""},"class_list":["post-2737","page","type-page","status-publish","hentry"],"acf":[],"_links":{"self":[{"href":"https:\/\/audioacademyeu.eu\/cs\/wp-json\/wp\/v2\/pages\/2737","targetHints":{"allow":["GET"]}}],"collection":[{"href":"https:\/\/audioacademyeu.eu\/cs\/wp-json\/wp\/v2\/pages"}],"about":[{"href":"https:\/\/audioacademyeu.eu\/cs\/wp-json\/wp\/v2\/types\/page"}],"author":[{"embeddable":true,"href":"https:\/\/audioacademyeu.eu\/cs\/wp-json\/wp\/v2\/users\/1976"}],"replies":[{"embeddable":true,"href":"https:\/\/audioacademyeu.eu\/cs\/wp-json\/wp\/v2\/comments?post=2737"}],"version-history":[{"count":1,"href":"https:\/\/audioacademyeu.eu\/cs\/wp-json\/wp\/v2\/pages\/2737\/revisions"}],"predecessor-version":[{"id":3061,"href":"https:\/\/audioacademyeu.eu\/cs\/wp-json\/wp\/v2\/pages\/2737\/revisions\/3061"}],"wp:attachment":[{"href":"https:\/\/audioacademyeu.eu\/cs\/wp-json\/wp\/v2\/media?parent=2737"}],"curies":[{"name":"wp","href":"https:\/\/api.w.org\/{rel}","templated":true}]}}