
{"id":2736,"date":"2017-08-20T08:50:26","date_gmt":"2017-08-20T06:50:26","guid":{"rendered":"https:\/\/audioacademyeu.eu\/cz\/muj-ucet-2\/"},"modified":"2025-08-22T18:53:28","modified_gmt":"2025-08-22T16:53:28","slug":"my-account","status":"publish","type":"page","link":"https:\/\/audioacademyeu.eu\/cs\/my-account\/","title":{"rendered":"M\u016fj \u00fa\u010det"},"content":{"rendered":"<div class=\"woocommerce\"><\/div>\n","protected":false},"excerpt":{"rendered":"","protected":false},"author":1976,"featured_media":0,"parent":0,"menu_order":0,"comment_status":"closed","ping_status":"closed","template":"elementor_theme","meta":{"_acf_changed":false,"inline_featured_image":false,"_sitemap_exclude":false,"_sitemap_priority":"","_sitemap_frequency":"","footnotes":""},"class_list":["post-2736","page","type-page","status-publish","hentry"],"acf":[],"_links":{"self":[{"href":"https:\/\/audioacademyeu.eu\/cs\/wp-json\/wp\/v2\/pages\/2736","targetHints":{"allow":["GET"]}}],"collection":[{"href":"https:\/\/audioacademyeu.eu\/cs\/wp-json\/wp\/v2\/pages"}],"about":[{"href":"https:\/\/audioacademyeu.eu\/cs\/wp-json\/wp\/v2\/types\/page"}],"author":[{"embeddable":true,"href":"https:\/\/audioacademyeu.eu\/cs\/wp-json\/wp\/v2\/users\/1976"}],"replies":[{"embeddable":true,"href":"https:\/\/audioacademyeu.eu\/cs\/wp-json\/wp\/v2\/comments?post=2736"}],"version-history":[{"count":2,"href":"https:\/\/audioacademyeu.eu\/cs\/wp-json\/wp\/v2\/pages\/2736\/revisions"}],"predecessor-version":[{"id":4640,"href":"https:\/\/audioacademyeu.eu\/cs\/wp-json\/wp\/v2\/pages\/2736\/revisions\/4640"}],"wp:attachment":[{"href":"https:\/\/audioacademyeu.eu\/cs\/wp-json\/wp\/v2\/media?parent=2736"}],"curies":[{"name":"wp","href":"https:\/\/api.w.org\/{rel}","templated":true}]}}