
{"id":2732,"date":"2017-08-19T19:56:03","date_gmt":"2017-08-19T17:56:03","guid":{"rendered":"https:\/\/audioacademyeu.eu\/cz\/zkusebni-stranka-2\/"},"modified":"2017-08-19T19:56:03","modified_gmt":"2017-08-19T17:56:03","slug":"zkusebni-stranka-2","status":"publish","type":"page","link":"https:\/\/audioacademyeu.eu\/cs\/zkusebni-stranka-2\/","title":{"rendered":"Najd\u011bte si sv\u016fj kurz na m\u00edru"},"content":{"rendered":"<p><strong>Domluvte se l\u00e9pe na pracovi\u0161ti i p\u0159i cestov\u00e1n\u00ed!<\/strong><\/p>\n<p>Pokud jste se n\u011bkdy u\u010dili ciz\u00ed jazyk d\u00e9le a systematicky, asi n\u00e1m d\u00e1te za pravdu, \u017ee jste se \u010dasto museli u\u010dit v\u011bci, kter\u00e9 nikdy nebudete pot\u0159ebovat. Spousty a spousty slov\u00ed\u010dek,\u00a0obrat\u016f, fr\u00e1z\u00ed, kter\u00e9 snad nepot\u0159eboval nikdo jin\u00fd ne\u017e samotn\u00ed auto\u0159i u\u010debnic.<\/p>\n<p><img fetchpriority=\"high\" decoding=\"async\" class=\"aligncenter wp-image-135 size-large\" src=\"https:\/\/poslechovaanglictina.cz\/wp-content\/uploads\/2017\/08\/girl-791686_1920-1024x683.jpg\" alt=\"\" width=\"980\" height=\"654\" \/><\/p>\n<p>Na\u0161e jazykov\u00e9 kurzy nemaj\u00ed ambici V\u00e1s anglicky nau\u010dit. Jejich c\u00edlem je roz\u0161\u00ed\u0159it Va\u0161e komunika\u010dn\u00ed schopnosti ve va\u0161em oboru. V\u011bt\u0161ina z n\u00e1s absolvovala spousty jazykov\u00fdch kurz\u016f, nebo alespo\u0148 povinnou \u0161koln\u00ed doch\u00e1zku, tak\u017ee m\u00e1me na \u010dem stav\u011bt. Jste l\u00e9ka\u0159, zdravotn\u00ed sestra, technik, stava\u0159? Chcete odjet pracovat do zahrani\u010d\u00ed, t\u0159eba na stavbu nebo nemocnice? Pot\u0159ebujete \u010d\u00edst technickou dokumentaci nebo odborn\u00e9 texty? Pot\u0159ebujete se domluvit v pr\u00e1ci s kolegy nebo klienty?<\/p>\n<p style=\"text-align: center;\"><a href=\"https:\/\/poslechovaanglictina.cz\/obchod\/\" target=\"_blank\" rel=\"noopener\"><strong>Jste tady spr\u00e1vn\u011b. <\/strong><br \/>\n<strong>Kliknut\u00edm p\u0159ejdete do obchodu<\/strong><\/a><\/p>\n<p>U ka\u017ed\u00e9ho kurzu najdete obsah, m\u016f\u017eete se tak pod\u00edvat, jak\u00e1 slov\u00ed\u010dka a fr\u00e1ze dan\u00fd kurz obsahuje \u2013 nemus\u00edte kupovat zaj\u00edce v pytli. Ka\u017ed\u00fd kurz se skl\u00e1d\u00e1 ze dvou \u010d\u00e1st\u00ed \u2013 <strong>poslechov\u00e9<\/strong> a <strong>ti\u0161t\u011bn\u00e9<\/strong>. Poslechov\u00e1 \u010d\u00e1st je zalo\u017eena na opakovan\u00e9m poslechu v\u00fdraz\u016f z ur\u010dit\u00e9ho oboru a jejich zasazen\u00ed do kontextov\u00fdch v\u011bt. V ti\u0161t\u011bn\u00e9 \u010d\u00e1sti naleznete nejen textovou verzi audiostop, ale tak\u00e9 doprovodn\u00e9 testy, na nich\u017e si m\u016f\u017eete odzkou\u0161et to, jak jste dan\u00e9 v\u00fdrazy zvl\u00e1dli, a praktick\u00e9 oboustrann\u00e9 karti\u010dky, kter\u00e9 si m\u016f\u017eete nast\u0159\u00edhat a pracovat s nimi aktivn\u011bji.<\/p>\n<p><em>Diskutujte o ka\u017ed\u00e9m kurzu s jeho tv\u016frci. N\u00e1pady na dopln\u011bn\u00ed a zlep\u0161en\u00ed v\u00edt\u00e1ny<\/em><\/p>\n","protected":false},"excerpt":{"rendered":"<p>Domluvte se l\u00e9pe na pracovi\u0161ti i p\u0159i cestov\u00e1n\u00ed! Pokud jste se n\u011bkdy u\u010dili ciz\u00ed jazyk d\u00e9le a systematicky, asi n\u00e1m d\u00e1te za pravdu, \u017ee jste se \u010dasto museli u\u010dit v\u011bci, kter\u00e9 nikdy nebudete pot\u0159ebovat. Spousty a spousty slov\u00ed\u010dek,\u00a0obrat\u016f, fr\u00e1z\u00ed, kter\u00e9 snad nepot\u0159eboval nikdo jin\u00fd ne\u017e samotn\u00ed auto\u0159i u\u010debnic. Na\u0161e jazykov\u00e9 kurzy nemaj\u00ed ambici V\u00e1s anglicky [&hellip;]<\/p>\n","protected":false},"author":1976,"featured_media":0,"parent":0,"menu_order":0,"comment_status":"closed","ping_status":"closed","template":"","meta":{"_acf_changed":false,"inline_featured_image":false,"_sitemap_exclude":false,"_sitemap_priority":"","_sitemap_frequency":"","footnotes":""},"class_list":["post-2732","page","type-page","status-publish","hentry"],"acf":[],"_links":{"self":[{"href":"https:\/\/audioacademyeu.eu\/cs\/wp-json\/wp\/v2\/pages\/2732","targetHints":{"allow":["GET"]}}],"collection":[{"href":"https:\/\/audioacademyeu.eu\/cs\/wp-json\/wp\/v2\/pages"}],"about":[{"href":"https:\/\/audioacademyeu.eu\/cs\/wp-json\/wp\/v2\/types\/page"}],"author":[{"embeddable":true,"href":"https:\/\/audioacademyeu.eu\/cs\/wp-json\/wp\/v2\/users\/1976"}],"replies":[{"embeddable":true,"href":"https:\/\/audioacademyeu.eu\/cs\/wp-json\/wp\/v2\/comments?post=2732"}],"version-history":[{"count":0,"href":"https:\/\/audioacademyeu.eu\/cs\/wp-json\/wp\/v2\/pages\/2732\/revisions"}],"wp:attachment":[{"href":"https:\/\/audioacademyeu.eu\/cs\/wp-json\/wp\/v2\/media?parent=2732"}],"curies":[{"name":"wp","href":"https:\/\/api.w.org\/{rel}","templated":true}]}}